{"id":2106,"date":"2024-08-27T16:36:49","date_gmt":"2024-08-27T14:36:49","guid":{"rendered":"https:\/\/ionics.vps003.visible.be\/atmospheric-plasma\/"},"modified":"2025-02-05T17:20:33","modified_gmt":"2025-02-05T16:20:33","slug":"atmospheric-plasma","status":"publish","type":"page","link":"https:\/\/ionics.vps003.visible.be\/fr\/nos-solutions\/technologies-de-revetement\/atmospheric-plasma\/","title":{"rendered":"Plasma atmosph\u00e9rique"},"content":{"rendered":"\t\t<div data-elementor-type=\"wp-page\" data-elementor-id=\"2106\" class=\"elementor elementor-2106 elementor-663\" data-elementor-post-type=\"page\">\n\t\t\t\t<div class=\"elementor-element elementor-element-8785e28 e-flex e-con-boxed e-con e-parent\" data-id=\"8785e28\" data-element_type=\"container\">\n\t\t\t\t\t<div class=\"e-con-inner\">\n\t\t<div class=\"elementor-element elementor-element-572bad0 e-con-full e-flex e-con e-child\" data-id=\"572bad0\" data-element_type=\"container\">\n\t\t\t\t<div class=\"elementor-element elementor-element-b0f2ba3 elementor-widget elementor-widget-heading\" data-id=\"b0f2ba3\" data-element_type=\"widget\" data-widget_type=\"heading.default\">\n\t\t\t\t<div class=\"elementor-widget-container\">\n\t\t\t\t\t<h1 class=\"elementor-heading-title elementor-size-default\">Plasma atmosph\u00e9rique<\/h1>\t\t\t\t<\/div>\n\t\t\t\t<\/div>\n\t\t<div class=\"elementor-element elementor-element-c25b52b e-con-full e-flex e-con e-child\" data-id=\"c25b52b\" data-element_type=\"container\">\n\t\t<div class=\"elementor-element elementor-element-2a7e0b5 e-con-full e-flex e-con e-child\" data-id=\"2a7e0b5\" data-element_type=\"container\">\n\t\t\t\t<div class=\"elementor-element elementor-element-c53e000 elementor-widget elementor-widget-text-editor\" data-id=\"c53e000\" data-element_type=\"widget\" data-widget_type=\"text-editor.default\">\n\t\t\t\t<div class=\"elementor-widget-container\">\n\t\t\t\t\t\t\t\t\t<h2>Qu&rsquo;est-ce que le\u00a0Plasma\u00a0?<\/h2><p>L\u2019ajout d\u2019\u00e9nergie aux substrats modifie les forces \u00e9lectromagn\u00e9tiques et noue des atomes. L\u2019\u00e9tat de mati\u00e8re \u00e9volue de solide \u00e0 liquide et de liquide au gaz.\u00a0Si on ajoute encore plus d\u2019\u00e9nergie, les liaisons mol\u00e9culaires se dissocient, ce qui peut mener \u00e0 une ionisation. Les mol\u00e9cules de gaz se s\u00e9parent en particules charg\u00e9es, ions et \u00e9lectrons libres.\u00a0\u00a0<\/p><p>Le plasma peut \u00eatre consid\u00e9r\u00e9 comme \u201cquatri\u00e8me \u00e9tat de mati\u00e8re\u201d.\u00a0\u00a0\u00a0<\/p>\t\t\t\t\t\t\t\t<\/div>\n\t\t\t\t<\/div>\n\t\t\t\t<div class=\"elementor-element elementor-element-b07f32c elementor-widget elementor-widget-image\" data-id=\"b07f32c\" data-element_type=\"widget\" data-widget_type=\"image.default\">\n\t\t\t\t<div class=\"elementor-widget-container\">\n\t\t\t\t\t\t\t\t\t\t\t\t\t\t\t<img fetchpriority=\"high\" decoding=\"async\" width=\"428\" height=\"118\" src=\"https:\/\/ionics.vps003.visible.be\/wp-content\/uploads\/2024\/08\/plasma.jpg\" class=\"attachment-large size-large wp-image-435\" alt=\"\" srcset=\"https:\/\/ionics.vps003.visible.be\/wp-content\/uploads\/2024\/08\/plasma.jpg 428w, https:\/\/ionics.vps003.visible.be\/wp-content\/uploads\/2024\/08\/plasma-300x83.jpg 300w\" sizes=\"(max-width: 428px) 100vw, 428px\" \/>\t\t\t\t\t\t\t\t\t\t\t\t\t\t\t<\/div>\n\t\t\t\t<\/div>\n\t\t\t\t<div class=\"elementor-element elementor-element-5b5bf8b elementor-widget elementor-widget-text-editor\" data-id=\"5b5bf8b\" data-element_type=\"widget\" data-widget_type=\"text-editor.default\">\n\t\t\t\t<div class=\"elementor-widget-container\">\n\t\t\t\t\t\t\t\t\t<h2>Production de plasma sous pression atmosph\u00e9rique<\/h2><p>Le plasma atmosph\u00e9rique est produit moyennant un d\u00e9chargement \u00e9lectrique par gaz. D\u2019abord, le gaz est continuellement inject\u00e9 dans le g\u00e9n\u00e9rateur plasma, puis ionis\u00e9 et finalement dirig\u00e9 vers la surface \u00e0 traiter.<\/p><p>Par le contr\u00f4le du d\u00e9chargement \u00e9lectrique, une temp\u00e9rature basse plasma est g\u00e9n\u00e9r\u00e9e. Lors des proc\u00e9d\u00e9s \u00e0 grande vitesse, il n\u2019y a aucun risque que la temp\u00e9rature de la surface du mat\u00e9riau trait\u00e9 augmente. De cette mani\u00e8re, m\u00eame les mat\u00e9riaux sensibles \u00e0 la chaleur comme certains polym\u00e8res peuvent \u00eatre trait\u00e9s sans dommage.<\/p><h2 class=\"main\">R\u00e9percussions sur la surface<\/h2><p>Le plasma constitue en un approvisionnement continu de substances chimiques \u00e0 haute r\u00e9activit\u00e9, utilis\u00e9 pour les surfaces trait\u00e9es. La plasma nettoie ou active les surfaces.<\/p><p>Quand on parle de l\u2019activation, il s\u2019agit de la modification de la composition d\u2019une surface, ce qui m\u00e8ne \u00e0 un changement d\u2019\u00e9nergie de surface. La mouillabilit\u00e9 de surface peut radicalement \u00eatre augment\u00e9e par le greffage de fonctions polaires. Par cons\u00e9quent, celui-ci promeut une adh\u00e9sion plus forte pour peintures, encres, colles ou vernis. L\u2019activation de plasma est un proc\u00e9d\u00e9 simple qui permet une large gamme d\u2019am\u00e9lioration de surface.\u00a0<\/p><h2 class=\"main\">Rev\u00eatement \u00e0 couches minces<\/h2><p>Le plasma pression atmosph\u00e9rique est \u00e9galement un proc\u00e9d\u00e9 avantageux pour le d\u00e9p\u00f4t de couches minces. La mati\u00e8re premi\u00e8re chimique r\u00e9agit avec le plasma et cr\u00e9e des couches minces sur substrats.\u00a0\u00a0\u00a0<\/p>\t\t\t\t\t\t\t\t<\/div>\n\t\t\t\t<\/div>\n\t\t\t\t<\/div>\n\t\t<div class=\"elementor-element elementor-element-5a47728 e-con-full e-flex e-con e-child\" data-id=\"5a47728\" data-element_type=\"container\">\n\t\t<div class=\"elementor-element elementor-element-bea32f0 e-con-full e-flex e-con e-child\" data-id=\"bea32f0\" data-element_type=\"container\">\n\t\t\t\t<div class=\"elementor-element elementor-element-9af7907 elementor-widget elementor-widget-image\" data-id=\"9af7907\" data-element_type=\"widget\" data-widget_type=\"image.default\">\n\t\t\t\t<div class=\"elementor-widget-container\">\n\t\t\t\t\t\t\t\t\t\t\t\t\t\t\t<img decoding=\"async\" width=\"800\" height=\"516\" src=\"https:\/\/ionics.vps003.visible.be\/wp-content\/uploads\/2024\/08\/ionic-1024x660.jpg\" class=\"attachment-large size-large wp-image-434\" alt=\"\" srcset=\"https:\/\/ionics.vps003.visible.be\/wp-content\/uploads\/2024\/08\/ionic-1024x660.jpg 1024w, https:\/\/ionics.vps003.visible.be\/wp-content\/uploads\/2024\/08\/ionic-300x193.jpg 300w, https:\/\/ionics.vps003.visible.be\/wp-content\/uploads\/2024\/08\/ionic-768x495.jpg 768w, https:\/\/ionics.vps003.visible.be\/wp-content\/uploads\/2024\/08\/ionic-1536x990.jpg 1536w, https:\/\/ionics.vps003.visible.be\/wp-content\/uploads\/2024\/08\/ionic.jpg 1920w\" sizes=\"(max-width: 800px) 100vw, 800px\" \/>\t\t\t\t\t\t\t\t\t\t\t\t\t\t\t<\/div>\n\t\t\t\t<\/div>\n\t\t\t\t<div class=\"elementor-element elementor-element-a82b4b9 elementor-widget elementor-widget-image\" data-id=\"a82b4b9\" data-element_type=\"widget\" data-widget_type=\"image.default\">\n\t\t\t\t<div class=\"elementor-widget-container\">\n\t\t\t\t\t\t\t\t\t\t\t\t\t\t\t<img decoding=\"async\" width=\"800\" height=\"534\" src=\"https:\/\/ionics.vps003.visible.be\/wp-content\/uploads\/2024\/08\/ionics-ionpowder-avc9492-1024x683.jpg\" class=\"attachment-large size-large wp-image-433\" alt=\"\" srcset=\"https:\/\/ionics.vps003.visible.be\/wp-content\/uploads\/2024\/08\/ionics-ionpowder-avc9492-1024x683.jpg 1024w, https:\/\/ionics.vps003.visible.be\/wp-content\/uploads\/2024\/08\/ionics-ionpowder-avc9492-300x200.jpg 300w, https:\/\/ionics.vps003.visible.be\/wp-content\/uploads\/2024\/08\/ionics-ionpowder-avc9492-768x512.jpg 768w, https:\/\/ionics.vps003.visible.be\/wp-content\/uploads\/2024\/08\/ionics-ionpowder-avc9492-1536x1025.jpg 1536w, https:\/\/ionics.vps003.visible.be\/wp-content\/uploads\/2024\/08\/ionics-ionpowder-avc9492.jpg 1920w\" sizes=\"(max-width: 800px) 100vw, 800px\" \/>\t\t\t\t\t\t\t\t\t\t\t\t\t\t\t<\/div>\n\t\t\t\t<\/div>\n\t\t\t\t<\/div>\n\t\t\t\t<\/div>\n\t\t\t\t<\/div>\n\t\t\t\t<\/div>\n\t\t\t\t\t<\/div>\n\t\t\t\t<\/div>\n\t\t\t\t<\/div>\n\t\t","protected":false},"excerpt":{"rendered":"<p>L\u2019ajout d\u2019\u00e9nergie aux substrats modifie les forces \u00e9lectromagn\u00e9tiques et noue des atomes.<\/p>\n","protected":false},"author":1,"featured_media":2108,"parent":2135,"menu_order":0,"comment_status":"closed","ping_status":"closed","template":"elementor_header_footer","meta":{"_acf_changed":false,"inline_featured_image":false,"footnotes":""},"solution":[15],"class_list":["post-2106","page","type-page","status-publish","has-post-thumbnail","hentry","solution-technologies"],"acf":[],"yoast_head":"<!-- This site is optimized with the Yoast SEO plugin v24.4 - https:\/\/yoast.com\/wordpress\/plugins\/seo\/ -->\n<title>Plasma atmosph\u00e9rique - Ionics group<\/title>\n<meta name=\"robots\" content=\"noindex, follow, max-snippet:-1, max-image-preview:large, max-video-preview:-1\" \/>\n<meta property=\"og:locale\" content=\"fr_FR\" \/>\n<meta property=\"og:type\" content=\"article\" \/>\n<meta property=\"og:title\" content=\"Plasma atmosph\u00e9rique - Ionics group\" \/>\n<meta property=\"og:description\" content=\"L\u2019ajout d\u2019\u00e9nergie aux substrats modifie les forces \u00e9lectromagn\u00e9tiques et noue des atomes.\" \/>\n<meta property=\"og:url\" content=\"https:\/\/ionics.vps003.visible.be\/fr\/nos-solutions\/technologies-de-revetement\/atmospheric-plasma\/\" \/>\n<meta property=\"og:site_name\" content=\"Ionics group\" \/>\n<meta property=\"article:modified_time\" content=\"2025-02-05T16:20:33+00:00\" \/>\n<meta property=\"og:image\" content=\"https:\/\/ionics.vps003.visible.be\/wp-content\/uploads\/2024\/08\/ionics-plasma-atmospheric.jpg\" \/>\n\t<meta property=\"og:image:width\" content=\"264\" \/>\n\t<meta property=\"og:image:height\" content=\"182\" \/>\n\t<meta property=\"og:image:type\" content=\"image\/jpeg\" \/>\n<meta name=\"twitter:card\" content=\"summary_large_image\" \/>\n<meta name=\"twitter:label1\" content=\"Dur\u00e9e de lecture estim\u00e9e\" \/>\n\t<meta name=\"twitter:data1\" content=\"3 minutes\" \/>\n<script type=\"application\/ld+json\" class=\"yoast-schema-graph\">{\"@context\":\"https:\/\/schema.org\",\"@graph\":[{\"@type\":\"WebPage\",\"@id\":\"https:\/\/ionics.vps003.visible.be\/fr\/nos-solutions\/technologies-de-revetement\/atmospheric-plasma\/\",\"url\":\"https:\/\/ionics.vps003.visible.be\/fr\/nos-solutions\/technologies-de-revetement\/atmospheric-plasma\/\",\"name\":\"Plasma atmosph\u00e9rique - Ionics group\",\"isPartOf\":{\"@id\":\"https:\/\/ionics.vps003.visible.be\/fr\/#website\"},\"primaryImageOfPage\":{\"@id\":\"https:\/\/ionics.vps003.visible.be\/fr\/nos-solutions\/technologies-de-revetement\/atmospheric-plasma\/#primaryimage\"},\"image\":{\"@id\":\"https:\/\/ionics.vps003.visible.be\/fr\/nos-solutions\/technologies-de-revetement\/atmospheric-plasma\/#primaryimage\"},\"thumbnailUrl\":\"https:\/\/ionics.vps003.visible.be\/wp-content\/uploads\/2024\/08\/ionics-plasma-atmospheric.jpg\",\"datePublished\":\"2024-08-27T14:36:49+00:00\",\"dateModified\":\"2025-02-05T16:20:33+00:00\",\"breadcrumb\":{\"@id\":\"https:\/\/ionics.vps003.visible.be\/fr\/nos-solutions\/technologies-de-revetement\/atmospheric-plasma\/#breadcrumb\"},\"inLanguage\":\"fr-FR\",\"potentialAction\":[{\"@type\":\"ReadAction\",\"target\":[\"https:\/\/ionics.vps003.visible.be\/fr\/nos-solutions\/technologies-de-revetement\/atmospheric-plasma\/\"]}]},{\"@type\":\"ImageObject\",\"inLanguage\":\"fr-FR\",\"@id\":\"https:\/\/ionics.vps003.visible.be\/fr\/nos-solutions\/technologies-de-revetement\/atmospheric-plasma\/#primaryimage\",\"url\":\"https:\/\/ionics.vps003.visible.be\/wp-content\/uploads\/2024\/08\/ionics-plasma-atmospheric.jpg\",\"contentUrl\":\"https:\/\/ionics.vps003.visible.be\/wp-content\/uploads\/2024\/08\/ionics-plasma-atmospheric.jpg\",\"width\":264,\"height\":182},{\"@type\":\"BreadcrumbList\",\"@id\":\"https:\/\/ionics.vps003.visible.be\/fr\/nos-solutions\/technologies-de-revetement\/atmospheric-plasma\/#breadcrumb\",\"itemListElement\":[{\"@type\":\"ListItem\",\"position\":1,\"name\":\"Home\",\"item\":\"https:\/\/ionics.vps003.visible.be\/fr\/\"},{\"@type\":\"ListItem\",\"position\":2,\"name\":\"Nos Solutions\",\"item\":\"https:\/\/ionics.vps003.visible.be\/fr\/nos-solutions\/\"},{\"@type\":\"ListItem\",\"position\":3,\"name\":\"Technologies de rev\u00eatement\",\"item\":\"https:\/\/ionics.vps003.visible.be\/fr\/nos-solutions\/technologies-de-revetement\/\"},{\"@type\":\"ListItem\",\"position\":4,\"name\":\"Plasma atmosph\u00e9rique\"}]},{\"@type\":\"WebSite\",\"@id\":\"https:\/\/ionics.vps003.visible.be\/fr\/#website\",\"url\":\"https:\/\/ionics.vps003.visible.be\/fr\/\",\"name\":\"Ionics group\",\"description\":\"Surface technologies\",\"publisher\":{\"@id\":\"https:\/\/ionics.vps003.visible.be\/fr\/#organization\"},\"potentialAction\":[{\"@type\":\"SearchAction\",\"target\":{\"@type\":\"EntryPoint\",\"urlTemplate\":\"https:\/\/ionics.vps003.visible.be\/fr\/?s={search_term_string}\"},\"query-input\":{\"@type\":\"PropertyValueSpecification\",\"valueRequired\":true,\"valueName\":\"search_term_string\"}}],\"inLanguage\":\"fr-FR\"},{\"@type\":\"Organization\",\"@id\":\"https:\/\/ionics.vps003.visible.be\/fr\/#organization\",\"name\":\"Ionics group\",\"url\":\"https:\/\/ionics.vps003.visible.be\/fr\/\",\"logo\":{\"@type\":\"ImageObject\",\"inLanguage\":\"fr-FR\",\"@id\":\"https:\/\/ionics.vps003.visible.be\/fr\/#\/schema\/logo\/image\/\",\"url\":\"https:\/\/ionics.vps003.visible.be\/wp-content\/uploads\/2024\/08\/ionics10ans.svg\",\"contentUrl\":\"https:\/\/ionics.vps003.visible.be\/wp-content\/uploads\/2024\/08\/ionics10ans.svg\",\"width\":447,\"height\":179,\"caption\":\"Ionics group\"},\"image\":{\"@id\":\"https:\/\/ionics.vps003.visible.be\/fr\/#\/schema\/logo\/image\/\"}}]}<\/script>\n<!-- \/ Yoast SEO plugin. -->","yoast_head_json":{"title":"Plasma atmosph\u00e9rique - Ionics group","robots":{"index":"noindex","follow":"follow","max-snippet":"max-snippet:-1","max-image-preview":"max-image-preview:large","max-video-preview":"max-video-preview:-1"},"og_locale":"fr_FR","og_type":"article","og_title":"Plasma atmosph\u00e9rique - Ionics group","og_description":"L\u2019ajout d\u2019\u00e9nergie aux substrats modifie les forces \u00e9lectromagn\u00e9tiques et noue des atomes.","og_url":"https:\/\/ionics.vps003.visible.be\/fr\/nos-solutions\/technologies-de-revetement\/atmospheric-plasma\/","og_site_name":"Ionics group","article_modified_time":"2025-02-05T16:20:33+00:00","og_image":[{"width":264,"height":182,"url":"https:\/\/ionics.vps003.visible.be\/wp-content\/uploads\/2024\/08\/ionics-plasma-atmospheric.jpg","type":"image\/jpeg"}],"twitter_card":"summary_large_image","twitter_misc":{"Dur\u00e9e de lecture estim\u00e9e":"3 minutes"},"schema":{"@context":"https:\/\/schema.org","@graph":[{"@type":"WebPage","@id":"https:\/\/ionics.vps003.visible.be\/fr\/nos-solutions\/technologies-de-revetement\/atmospheric-plasma\/","url":"https:\/\/ionics.vps003.visible.be\/fr\/nos-solutions\/technologies-de-revetement\/atmospheric-plasma\/","name":"Plasma atmosph\u00e9rique - Ionics group","isPartOf":{"@id":"https:\/\/ionics.vps003.visible.be\/fr\/#website"},"primaryImageOfPage":{"@id":"https:\/\/ionics.vps003.visible.be\/fr\/nos-solutions\/technologies-de-revetement\/atmospheric-plasma\/#primaryimage"},"image":{"@id":"https:\/\/ionics.vps003.visible.be\/fr\/nos-solutions\/technologies-de-revetement\/atmospheric-plasma\/#primaryimage"},"thumbnailUrl":"https:\/\/ionics.vps003.visible.be\/wp-content\/uploads\/2024\/08\/ionics-plasma-atmospheric.jpg","datePublished":"2024-08-27T14:36:49+00:00","dateModified":"2025-02-05T16:20:33+00:00","breadcrumb":{"@id":"https:\/\/ionics.vps003.visible.be\/fr\/nos-solutions\/technologies-de-revetement\/atmospheric-plasma\/#breadcrumb"},"inLanguage":"fr-FR","potentialAction":[{"@type":"ReadAction","target":["https:\/\/ionics.vps003.visible.be\/fr\/nos-solutions\/technologies-de-revetement\/atmospheric-plasma\/"]}]},{"@type":"ImageObject","inLanguage":"fr-FR","@id":"https:\/\/ionics.vps003.visible.be\/fr\/nos-solutions\/technologies-de-revetement\/atmospheric-plasma\/#primaryimage","url":"https:\/\/ionics.vps003.visible.be\/wp-content\/uploads\/2024\/08\/ionics-plasma-atmospheric.jpg","contentUrl":"https:\/\/ionics.vps003.visible.be\/wp-content\/uploads\/2024\/08\/ionics-plasma-atmospheric.jpg","width":264,"height":182},{"@type":"BreadcrumbList","@id":"https:\/\/ionics.vps003.visible.be\/fr\/nos-solutions\/technologies-de-revetement\/atmospheric-plasma\/#breadcrumb","itemListElement":[{"@type":"ListItem","position":1,"name":"Home","item":"https:\/\/ionics.vps003.visible.be\/fr\/"},{"@type":"ListItem","position":2,"name":"Nos Solutions","item":"https:\/\/ionics.vps003.visible.be\/fr\/nos-solutions\/"},{"@type":"ListItem","position":3,"name":"Technologies de rev\u00eatement","item":"https:\/\/ionics.vps003.visible.be\/fr\/nos-solutions\/technologies-de-revetement\/"},{"@type":"ListItem","position":4,"name":"Plasma atmosph\u00e9rique"}]},{"@type":"WebSite","@id":"https:\/\/ionics.vps003.visible.be\/fr\/#website","url":"https:\/\/ionics.vps003.visible.be\/fr\/","name":"Ionics group","description":"Surface technologies","publisher":{"@id":"https:\/\/ionics.vps003.visible.be\/fr\/#organization"},"potentialAction":[{"@type":"SearchAction","target":{"@type":"EntryPoint","urlTemplate":"https:\/\/ionics.vps003.visible.be\/fr\/?s={search_term_string}"},"query-input":{"@type":"PropertyValueSpecification","valueRequired":true,"valueName":"search_term_string"}}],"inLanguage":"fr-FR"},{"@type":"Organization","@id":"https:\/\/ionics.vps003.visible.be\/fr\/#organization","name":"Ionics group","url":"https:\/\/ionics.vps003.visible.be\/fr\/","logo":{"@type":"ImageObject","inLanguage":"fr-FR","@id":"https:\/\/ionics.vps003.visible.be\/fr\/#\/schema\/logo\/image\/","url":"https:\/\/ionics.vps003.visible.be\/wp-content\/uploads\/2024\/08\/ionics10ans.svg","contentUrl":"https:\/\/ionics.vps003.visible.be\/wp-content\/uploads\/2024\/08\/ionics10ans.svg","width":447,"height":179,"caption":"Ionics group"},"image":{"@id":"https:\/\/ionics.vps003.visible.be\/fr\/#\/schema\/logo\/image\/"}}]}},"_links":{"self":[{"href":"https:\/\/ionics.vps003.visible.be\/fr\/wp-json\/wp\/v2\/pages\/2106","targetHints":{"allow":["GET"]}}],"collection":[{"href":"https:\/\/ionics.vps003.visible.be\/fr\/wp-json\/wp\/v2\/pages"}],"about":[{"href":"https:\/\/ionics.vps003.visible.be\/fr\/wp-json\/wp\/v2\/types\/page"}],"author":[{"embeddable":true,"href":"https:\/\/ionics.vps003.visible.be\/fr\/wp-json\/wp\/v2\/users\/1"}],"replies":[{"embeddable":true,"href":"https:\/\/ionics.vps003.visible.be\/fr\/wp-json\/wp\/v2\/comments?post=2106"}],"version-history":[{"count":7,"href":"https:\/\/ionics.vps003.visible.be\/fr\/wp-json\/wp\/v2\/pages\/2106\/revisions"}],"predecessor-version":[{"id":2425,"href":"https:\/\/ionics.vps003.visible.be\/fr\/wp-json\/wp\/v2\/pages\/2106\/revisions\/2425"}],"up":[{"embeddable":true,"href":"https:\/\/ionics.vps003.visible.be\/fr\/wp-json\/wp\/v2\/pages\/2135"}],"wp:featuredmedia":[{"embeddable":true,"href":"https:\/\/ionics.vps003.visible.be\/fr\/wp-json\/wp\/v2\/media\/2108"}],"wp:attachment":[{"href":"https:\/\/ionics.vps003.visible.be\/fr\/wp-json\/wp\/v2\/media?parent=2106"}],"wp:term":[{"taxonomy":"solution","embeddable":true,"href":"https:\/\/ionics.vps003.visible.be\/fr\/wp-json\/wp\/v2\/solution?post=2106"}],"curies":[{"name":"wp","href":"https:\/\/api.w.org\/{rel}","templated":true}]}}