{"id":2099,"date":"2024-08-27T16:44:12","date_gmt":"2024-08-27T14:44:12","guid":{"rendered":"https:\/\/ionics.vps003.visible.be\/plameco-coatings-for-powders-fibers-and-small-parts\/"},"modified":"2025-02-05T17:13:20","modified_gmt":"2025-02-05T16:13:20","slug":"plameco","status":"publish","type":"page","link":"https:\/\/ionics.vps003.visible.be\/fr\/nos-solutions\/traitement-de-surface\/plameco\/","title":{"rendered":"PLAMECO\u2122"},"content":{"rendered":"\t\t<div data-elementor-type=\"wp-page\" data-elementor-id=\"2099\" class=\"elementor elementor-2099 elementor-681\" data-elementor-post-type=\"page\">\n\t\t\t\t<div class=\"elementor-element elementor-element-1633296 e-flex e-con-boxed e-con e-parent\" data-id=\"1633296\" data-element_type=\"container\">\n\t\t\t\t\t<div class=\"e-con-inner\">\n\t\t<div class=\"elementor-element elementor-element-881bd68 e-con-full e-flex e-con e-child\" data-id=\"881bd68\" data-element_type=\"container\">\n\t\t\t\t<div class=\"elementor-element elementor-element-45ea466 elementor-widget elementor-widget-heading\" data-id=\"45ea466\" data-element_type=\"widget\" data-widget_type=\"heading.default\">\n\t\t\t\t<div class=\"elementor-widget-container\">\n\t\t\t\t\t<h1 class=\"elementor-heading-title elementor-size-default\">PLAMECO\u2122, Rev\u00eatement innovant par plasma sur poudres et petites pi\u00e8ces<\/h1>\t\t\t\t<\/div>\n\t\t\t\t<\/div>\n\t\t<div class=\"elementor-element elementor-element-ea1ff46 e-con-full e-flex e-con e-child\" data-id=\"ea1ff46\" data-element_type=\"container\">\n\t\t<div class=\"elementor-element elementor-element-d5d966f e-con-full e-flex e-con e-child\" data-id=\"d5d966f\" data-element_type=\"container\">\n\t\t\t\t<div class=\"elementor-element elementor-element-dd967a2 elementor-widget elementor-widget-image\" data-id=\"dd967a2\" data-element_type=\"widget\" data-widget_type=\"image.default\">\n\t\t\t\t<div class=\"elementor-widget-container\">\n\t\t\t\t\t\t\t\t\t\t\t\t\t\t\t<img fetchpriority=\"high\" decoding=\"async\" width=\"800\" height=\"463\" src=\"https:\/\/ionics.vps003.visible.be\/wp-content\/uploads\/2024\/08\/Plameco-RD-Hanovre-1024x592.jpg\" class=\"attachment-large size-large wp-image-455\" alt=\"\" srcset=\"https:\/\/ionics.vps003.visible.be\/wp-content\/uploads\/2024\/08\/Plameco-RD-Hanovre-1024x592.jpg 1024w, https:\/\/ionics.vps003.visible.be\/wp-content\/uploads\/2024\/08\/Plameco-RD-Hanovre-300x173.jpg 300w, https:\/\/ionics.vps003.visible.be\/wp-content\/uploads\/2024\/08\/Plameco-RD-Hanovre-768x444.jpg 768w, https:\/\/ionics.vps003.visible.be\/wp-content\/uploads\/2024\/08\/Plameco-RD-Hanovre.jpg 1036w\" sizes=\"(max-width: 800px) 100vw, 800px\" \/>\t\t\t\t\t\t\t\t\t\t\t\t\t\t\t<\/div>\n\t\t\t\t<\/div>\n\t\t\t\t<div class=\"elementor-element elementor-element-fc4feb3 elementor-widget elementor-widget-text-editor\" data-id=\"fc4feb3\" data-element_type=\"widget\" data-widget_type=\"text-editor.default\">\n\t\t\t\t<div class=\"elementor-widget-container\">\n\t\t\t\t\t\t\t\t\t<p>IONICS a d\u00e9velopp\u00e9 avec les ing\u00e9nieurs de MATERIA NOVA un proc\u00e9d\u00e9 innovant de rev\u00eatement plasma basse pression pour traiter les poudres et les pi\u00e8ces en vrac. Des syst\u00e8mes R&amp;D et industriels sont disponibles, \u00e9quip\u00e9s de sources d&rsquo;\u00e9vaporation, de cathodes magn\u00e9tron ou creuses et m\u00eame de nos technologies d&rsquo;implantation d&rsquo;ions Hardion. Adaptez votre syst\u00e8me \u00e0 votre application !<\/p><h2>Traitements sur poudres\u00a0:<\/h2><p>Dans le domaine des poudres, PLAMECO permet de d\u00e9velopper de nouveaux alliages complexes, d&rsquo;affiner les compositions, de former des structures core\/shell ou de nanostructurer les surfaces pour am\u00e9liorer les proc\u00e9d\u00e9s et les propri\u00e9t\u00e9s finales. Adaptez vos poudres \u00e0 vos besoins en modifiant n&rsquo;importe quel mat\u00e9riau commercial de base : polym\u00e8res, c\u00e9ramiques, m\u00e9taux, etc.\u00a0 Les applications vis\u00e9es sont :<\/p><ul><li>Projection thermique : fluidit\u00e9 accrue, meilleure adh\u00e9rence;<\/li><li>Fabrication additive : nouveaux alliages, absorption am\u00e9lior\u00e9e, densit\u00e9s accrues,&#8230;<\/li><li>Catalyse : efficacit\u00e9 et s\u00e9lectivit\u00e9 accrues, temp\u00e9rature de fonctionnement plus basse,&#8230;<\/li><li>Frittage : conductivit\u00e9 thermique accrue, meilleure coh\u00e9sion,&#8230;<\/li><li>Mat\u00e9riaux composites : compatibilisation am\u00e9lior\u00e9e, structure conductrice creuse, conductivit\u00e9 accrue,\u2026<\/li><\/ul><h2>Traitement sur pi\u00e8ces d\u00e9tach\u00e9es\u00a0:<\/h2><p>Le syst\u00e8me PLAMECO a \u00e9galement \u00e9t\u00e9 d\u00e9velopp\u00e9 pour rev\u00eatir de petites pi\u00e8ces d\u00e9tach\u00e9es comme des connecteurs, des boules techniques, des syst\u00e8mes de fixation dans le but d&rsquo;am\u00e9liorer la durabilit\u00e9, la conductivit\u00e9 thermique et \u00e9lectrique ou simplement \u00e0 des fins de d\u00e9coration. Les technologies \u00e0 basse pression permettent de traiter tous les mat\u00e9riaux, qu&rsquo;ils soient isolants ou thermosensibles, sans \u00e9tapes humides ni produits toxiques. Cette technologie est tr\u00e8s flexible et permet d&rsquo;obtenir une incroyable vari\u00e9t\u00e9 de rev\u00eatements tr\u00e8s performants.<\/p>\t\t\t\t\t\t\t\t<\/div>\n\t\t\t\t<\/div>\n\t\t\t\t<\/div>\n\t\t<div class=\"elementor-element elementor-element-0e72067 e-con-full e-flex e-con e-child\" data-id=\"0e72067\" data-element_type=\"container\">\n\t\t<div class=\"elementor-element elementor-element-4ebbc00 e-con-full e-flex e-con e-child\" data-id=\"4ebbc00\" data-element_type=\"container\" data-settings=\"{&quot;background_background&quot;:&quot;classic&quot;}\">\n\t\t\t\t<div class=\"elementor-element elementor-element-18cde00 elementor-widget elementor-widget-heading\" data-id=\"18cde00\" data-element_type=\"widget\" data-widget_type=\"heading.default\">\n\t\t\t\t<div class=\"elementor-widget-container\">\n\t\t\t\t\t<h2 class=\"elementor-heading-title elementor-size-default\">Documents<\/h2>\t\t\t\t<\/div>\n\t\t\t\t<\/div>\n\t\t\t\t<div class=\"elementor-element elementor-element-7427adc elementor-icon-list--layout-traditional elementor-list-item-link-full_width elementor-widget elementor-widget-icon-list\" data-id=\"7427adc\" data-element_type=\"widget\" data-widget_type=\"icon-list.default\">\n\t\t\t\t<div class=\"elementor-widget-container\">\n\t\t\t\t\t\t\t<ul class=\"elementor-icon-list-items\">\n\t\t\t\t\t\t\t<li class=\"elementor-icon-list-item\">\n\t\t\t\t\t\t\t\t\t\t\t<a href=\"\/wp-content\/uploads\/2024\/08\/Plameco-EN-web.pdf\" target=\"_blank\">\n\n\t\t\t\t\t\t\t\t\t\t\t\t<span class=\"elementor-icon-list-icon\">\n\t\t\t\t\t\t\t<svg aria-hidden=\"true\" class=\"e-font-icon-svg e-fas-file-pdf\" viewBox=\"0 0 384 512\" xmlns=\"http:\/\/www.w3.org\/2000\/svg\"><path d=\"M181.9 256.1c-5-16-4.9-46.9-2-46.9 8.4 0 7.6 36.9 2 46.9zm-1.7 47.2c-7.7 20.2-17.3 43.3-28.4 62.7 18.3-7 39-17.2 62.9-21.9-12.7-9.6-24.9-23.4-34.5-40.8zM86.1 428.1c0 .8 13.2-5.4 34.9-40.2-6.7 6.3-29.1 24.5-34.9 40.2zM248 160h136v328c0 13.3-10.7 24-24 24H24c-13.3 0-24-10.7-24-24V24C0 10.7 10.7 0 24 0h200v136c0 13.2 10.8 24 24 24zm-8 171.8c-20-12.2-33.3-29-42.7-53.8 4.5-18.5 11.6-46.6 6.2-64.2-4.7-29.4-42.4-26.5-47.8-6.8-5 18.3-.4 44.1 8.1 77-11.6 27.6-28.7 64.6-40.8 85.8-.1 0-.1.1-.2.1-27.1 13.9-73.6 44.5-54.5 68 5.6 6.9 16 10 21.5 10 17.9 0 35.7-18 61.1-61.8 25.8-8.5 54.1-19.1 79-23.2 21.7 11.8 47.1 19.5 64 19.5 29.2 0 31.2-32 19.7-43.4-13.9-13.6-54.3-9.7-73.6-7.2zM377 105L279 7c-4.5-4.5-10.6-7-17-7h-6v128h128v-6.1c0-6.3-2.5-12.4-7-16.9zm-74.1 255.3c4.1-2.7-2.5-11.9-42.8-9 37.1 15.8 42.8 9 42.8 9z\"><\/path><\/svg>\t\t\t\t\t\t<\/span>\n\t\t\t\t\t\t\t\t\t\t<span class=\"elementor-icon-list-text\">Product information PLAMECO\u2122<\/span>\n\t\t\t\t\t\t\t\t\t\t\t<\/a>\n\t\t\t\t\t\t\t\t\t<\/li>\n\t\t\t\t\t\t\t\t<li class=\"elementor-icon-list-item\">\n\t\t\t\t\t\t\t\t\t\t\t<a href=\"\/wp-content\/uploads\/2024\/08\/IONICS-Plasma-and-ion-implantation-V2-14-09-23.pdf\" target=\"_blank\">\n\n\t\t\t\t\t\t\t\t\t\t\t\t<span class=\"elementor-icon-list-icon\">\n\t\t\t\t\t\t\t<svg aria-hidden=\"true\" class=\"e-font-icon-svg e-fas-file-pdf\" viewBox=\"0 0 384 512\" xmlns=\"http:\/\/www.w3.org\/2000\/svg\"><path d=\"M181.9 256.1c-5-16-4.9-46.9-2-46.9 8.4 0 7.6 36.9 2 46.9zm-1.7 47.2c-7.7 20.2-17.3 43.3-28.4 62.7 18.3-7 39-17.2 62.9-21.9-12.7-9.6-24.9-23.4-34.5-40.8zM86.1 428.1c0 .8 13.2-5.4 34.9-40.2-6.7 6.3-29.1 24.5-34.9 40.2zM248 160h136v328c0 13.3-10.7 24-24 24H24c-13.3 0-24-10.7-24-24V24C0 10.7 10.7 0 24 0h200v136c0 13.2 10.8 24 24 24zm-8 171.8c-20-12.2-33.3-29-42.7-53.8 4.5-18.5 11.6-46.6 6.2-64.2-4.7-29.4-42.4-26.5-47.8-6.8-5 18.3-.4 44.1 8.1 77-11.6 27.6-28.7 64.6-40.8 85.8-.1 0-.1.1-.2.1-27.1 13.9-73.6 44.5-54.5 68 5.6 6.9 16 10 21.5 10 17.9 0 35.7-18 61.1-61.8 25.8-8.5 54.1-19.1 79-23.2 21.7 11.8 47.1 19.5 64 19.5 29.2 0 31.2-32 19.7-43.4-13.9-13.6-54.3-9.7-73.6-7.2zM377 105L279 7c-4.5-4.5-10.6-7-17-7h-6v128h128v-6.1c0-6.3-2.5-12.4-7-16.9zm-74.1 255.3c4.1-2.7-2.5-11.9-42.8-9 37.1 15.8 42.8 9 42.8 9z\"><\/path><\/svg>\t\t\t\t\t\t<\/span>\n\t\t\t\t\t\t\t\t\t\t<span class=\"elementor-icon-list-text\">Plasma and ion implantation solutions - Vacuum systems<\/span>\n\t\t\t\t\t\t\t\t\t\t\t<\/a>\n\t\t\t\t\t\t\t\t\t<\/li>\n\t\t\t\t\t\t<\/ul>\n\t\t\t\t\t\t<\/div>\n\t\t\t\t<\/div>\n\t\t\t\t<\/div>\n\t\t<div class=\"elementor-element elementor-element-566402a e-con-full e-flex e-con e-child\" data-id=\"566402a\" data-element_type=\"container\">\n\t\t\t\t<div class=\"elementor-element elementor-element-c932d41 elementor-widget elementor-widget-image\" data-id=\"c932d41\" data-element_type=\"widget\" data-widget_type=\"image.default\">\n\t\t\t\t<div class=\"elementor-widget-container\">\n\t\t\t\t\t\t\t\t\t\t\t\t\t\t\t<img decoding=\"async\" width=\"592\" height=\"412\" src=\"https:\/\/ionics.vps003.visible.be\/wp-content\/uploads\/2024\/08\/Plameco-Plasma-view.jpg\" class=\"attachment-large size-large wp-image-456\" alt=\"\" srcset=\"https:\/\/ionics.vps003.visible.be\/wp-content\/uploads\/2024\/08\/Plameco-Plasma-view.jpg 592w, https:\/\/ionics.vps003.visible.be\/wp-content\/uploads\/2024\/08\/Plameco-Plasma-view-300x209.jpg 300w\" sizes=\"(max-width: 592px) 100vw, 592px\" \/>\t\t\t\t\t\t\t\t\t\t\t\t\t\t\t<\/div>\n\t\t\t\t<\/div>\n\t\t\t\t<div class=\"elementor-element elementor-element-4de1ce2 elementor-widget elementor-widget-image\" data-id=\"4de1ce2\" data-element_type=\"widget\" data-widget_type=\"image.default\">\n\t\t\t\t<div class=\"elementor-widget-container\">\n\t\t\t\t\t\t\t\t\t\t\t\t\t\t\t<img decoding=\"async\" width=\"629\" height=\"278\" src=\"https:\/\/ionics.vps003.visible.be\/wp-content\/uploads\/2024\/08\/Connectors-with-copper.jpg\" class=\"attachment-large size-large wp-image-457\" alt=\"\" srcset=\"https:\/\/ionics.vps003.visible.be\/wp-content\/uploads\/2024\/08\/Connectors-with-copper.jpg 629w, https:\/\/ionics.vps003.visible.be\/wp-content\/uploads\/2024\/08\/Connectors-with-copper-300x133.jpg 300w\" sizes=\"(max-width: 629px) 100vw, 629px\" \/>\t\t\t\t\t\t\t\t\t\t\t\t\t\t\t<\/div>\n\t\t\t\t<\/div>\n\t\t\t\t<\/div>\n\t\t\t\t<\/div>\n\t\t\t\t<\/div>\n\t\t\t\t<\/div>\n\t\t\t\t\t<\/div>\n\t\t\t\t<\/div>\n\t\t\t\t<\/div>\n\t\t","protected":false},"excerpt":{"rendered":"<p>ONICS a d\u00e9velopp\u00e9 avec les ing\u00e9nieurs de MATERIA NOVA un proc\u00e9d\u00e9 innovant de rev\u00eatement plasma basse pression pour traiter les poudres et les pi\u00e8ces en vrac. <\/p>\n","protected":false},"author":1,"featured_media":2080,"parent":2141,"menu_order":0,"comment_status":"closed","ping_status":"closed","template":"elementor_header_footer","meta":{"_acf_changed":false,"inline_featured_image":false,"footnotes":""},"solution":[16,14],"class_list":["post-2099","page","type-page","status-publish","has-post-thumbnail","hentry","solution-coating","solution-equipment"],"acf":[],"yoast_head":"<!-- This site is optimized with the Yoast SEO plugin v24.4 - https:\/\/yoast.com\/wordpress\/plugins\/seo\/ -->\n<title>PLAMECO\u2122 - Ionics group<\/title>\n<meta name=\"description\" content=\"IONICS has developed with MATERIA NOVA&#039;s engineers an innovative low-pressure plasma coating process to treat powders and loose parts.\" \/>\n<meta name=\"robots\" content=\"noindex, follow, max-snippet:-1, max-image-preview:large, max-video-preview:-1\" \/>\n<meta property=\"og:locale\" content=\"fr_FR\" \/>\n<meta property=\"og:type\" content=\"article\" \/>\n<meta property=\"og:title\" content=\"PLAMECO\u2122 - Ionics group\" \/>\n<meta property=\"og:description\" content=\"IONICS has developed with MATERIA NOVA&#039;s engineers an innovative low-pressure plasma coating process to treat powders and loose parts.\" \/>\n<meta property=\"og:url\" content=\"https:\/\/ionics.vps003.visible.be\/fr\/nos-solutions\/traitement-de-surface\/plameco\/\" \/>\n<meta property=\"og:site_name\" content=\"Ionics group\" \/>\n<meta property=\"article:modified_time\" content=\"2025-02-05T16:13:20+00:00\" \/>\n<meta property=\"og:image\" content=\"https:\/\/ionics.vps003.visible.be\/wp-content\/uploads\/2024\/08\/ionics-Equipment-Plameco-coatings-for-powders-fibers-and-small-parts.jpg\" \/>\n\t<meta property=\"og:image:width\" content=\"273\" \/>\n\t<meta property=\"og:image:height\" content=\"182\" \/>\n\t<meta property=\"og:image:type\" content=\"image\/jpeg\" \/>\n<meta name=\"twitter:card\" content=\"summary_large_image\" \/>\n<meta name=\"twitter:label1\" content=\"Dur\u00e9e de lecture estim\u00e9e\" \/>\n\t<meta name=\"twitter:data1\" content=\"3 minutes\" \/>\n<script type=\"application\/ld+json\" class=\"yoast-schema-graph\">{\"@context\":\"https:\/\/schema.org\",\"@graph\":[{\"@type\":\"WebPage\",\"@id\":\"https:\/\/ionics.vps003.visible.be\/fr\/nos-solutions\/traitement-de-surface\/plameco\/\",\"url\":\"https:\/\/ionics.vps003.visible.be\/fr\/nos-solutions\/traitement-de-surface\/plameco\/\",\"name\":\"PLAMECO\u2122 - Ionics group\",\"isPartOf\":{\"@id\":\"https:\/\/ionics.vps003.visible.be\/fr\/#website\"},\"primaryImageOfPage\":{\"@id\":\"https:\/\/ionics.vps003.visible.be\/fr\/nos-solutions\/traitement-de-surface\/plameco\/#primaryimage\"},\"image\":{\"@id\":\"https:\/\/ionics.vps003.visible.be\/fr\/nos-solutions\/traitement-de-surface\/plameco\/#primaryimage\"},\"thumbnailUrl\":\"https:\/\/ionics.vps003.visible.be\/wp-content\/uploads\/2024\/08\/ionics-Equipment-Plameco-coatings-for-powders-fibers-and-small-parts.jpg\",\"datePublished\":\"2024-08-27T14:44:12+00:00\",\"dateModified\":\"2025-02-05T16:13:20+00:00\",\"description\":\"IONICS has developed with MATERIA NOVA's engineers an innovative low-pressure plasma coating process to treat powders and loose parts.\",\"breadcrumb\":{\"@id\":\"https:\/\/ionics.vps003.visible.be\/fr\/nos-solutions\/traitement-de-surface\/plameco\/#breadcrumb\"},\"inLanguage\":\"fr-FR\",\"potentialAction\":[{\"@type\":\"ReadAction\",\"target\":[\"https:\/\/ionics.vps003.visible.be\/fr\/nos-solutions\/traitement-de-surface\/plameco\/\"]}]},{\"@type\":\"ImageObject\",\"inLanguage\":\"fr-FR\",\"@id\":\"https:\/\/ionics.vps003.visible.be\/fr\/nos-solutions\/traitement-de-surface\/plameco\/#primaryimage\",\"url\":\"https:\/\/ionics.vps003.visible.be\/wp-content\/uploads\/2024\/08\/ionics-Equipment-Plameco-coatings-for-powders-fibers-and-small-parts.jpg\",\"contentUrl\":\"https:\/\/ionics.vps003.visible.be\/wp-content\/uploads\/2024\/08\/ionics-Equipment-Plameco-coatings-for-powders-fibers-and-small-parts.jpg\",\"width\":273,\"height\":182},{\"@type\":\"BreadcrumbList\",\"@id\":\"https:\/\/ionics.vps003.visible.be\/fr\/nos-solutions\/traitement-de-surface\/plameco\/#breadcrumb\",\"itemListElement\":[{\"@type\":\"ListItem\",\"position\":1,\"name\":\"Home\",\"item\":\"https:\/\/ionics.vps003.visible.be\/fr\/\"},{\"@type\":\"ListItem\",\"position\":2,\"name\":\"Nos Solutions\",\"item\":\"https:\/\/ionics.vps003.visible.be\/fr\/nos-solutions\/\"},{\"@type\":\"ListItem\",\"position\":3,\"name\":\"Traitement de surface\",\"item\":\"https:\/\/ionics.vps003.visible.be\/fr\/nos-solutions\/traitement-de-surface\/\"},{\"@type\":\"ListItem\",\"position\":4,\"name\":\"PLAMECO\u2122\"}]},{\"@type\":\"WebSite\",\"@id\":\"https:\/\/ionics.vps003.visible.be\/fr\/#website\",\"url\":\"https:\/\/ionics.vps003.visible.be\/fr\/\",\"name\":\"Ionics group\",\"description\":\"Surface technologies\",\"publisher\":{\"@id\":\"https:\/\/ionics.vps003.visible.be\/fr\/#organization\"},\"potentialAction\":[{\"@type\":\"SearchAction\",\"target\":{\"@type\":\"EntryPoint\",\"urlTemplate\":\"https:\/\/ionics.vps003.visible.be\/fr\/?s={search_term_string}\"},\"query-input\":{\"@type\":\"PropertyValueSpecification\",\"valueRequired\":true,\"valueName\":\"search_term_string\"}}],\"inLanguage\":\"fr-FR\"},{\"@type\":\"Organization\",\"@id\":\"https:\/\/ionics.vps003.visible.be\/fr\/#organization\",\"name\":\"Ionics group\",\"url\":\"https:\/\/ionics.vps003.visible.be\/fr\/\",\"logo\":{\"@type\":\"ImageObject\",\"inLanguage\":\"fr-FR\",\"@id\":\"https:\/\/ionics.vps003.visible.be\/fr\/#\/schema\/logo\/image\/\",\"url\":\"https:\/\/ionics.vps003.visible.be\/wp-content\/uploads\/2024\/08\/ionics10ans.svg\",\"contentUrl\":\"https:\/\/ionics.vps003.visible.be\/wp-content\/uploads\/2024\/08\/ionics10ans.svg\",\"width\":447,\"height\":179,\"caption\":\"Ionics group\"},\"image\":{\"@id\":\"https:\/\/ionics.vps003.visible.be\/fr\/#\/schema\/logo\/image\/\"}}]}<\/script>\n<!-- \/ Yoast SEO plugin. -->","yoast_head_json":{"title":"PLAMECO\u2122 - Ionics group","description":"IONICS has developed with MATERIA NOVA's engineers an innovative low-pressure plasma coating process to treat powders and loose parts.","robots":{"index":"noindex","follow":"follow","max-snippet":"max-snippet:-1","max-image-preview":"max-image-preview:large","max-video-preview":"max-video-preview:-1"},"og_locale":"fr_FR","og_type":"article","og_title":"PLAMECO\u2122 - Ionics group","og_description":"IONICS has developed with MATERIA NOVA's engineers an innovative low-pressure plasma coating process to treat powders and loose parts.","og_url":"https:\/\/ionics.vps003.visible.be\/fr\/nos-solutions\/traitement-de-surface\/plameco\/","og_site_name":"Ionics group","article_modified_time":"2025-02-05T16:13:20+00:00","og_image":[{"width":273,"height":182,"url":"https:\/\/ionics.vps003.visible.be\/wp-content\/uploads\/2024\/08\/ionics-Equipment-Plameco-coatings-for-powders-fibers-and-small-parts.jpg","type":"image\/jpeg"}],"twitter_card":"summary_large_image","twitter_misc":{"Dur\u00e9e de lecture estim\u00e9e":"3 minutes"},"schema":{"@context":"https:\/\/schema.org","@graph":[{"@type":"WebPage","@id":"https:\/\/ionics.vps003.visible.be\/fr\/nos-solutions\/traitement-de-surface\/plameco\/","url":"https:\/\/ionics.vps003.visible.be\/fr\/nos-solutions\/traitement-de-surface\/plameco\/","name":"PLAMECO\u2122 - Ionics group","isPartOf":{"@id":"https:\/\/ionics.vps003.visible.be\/fr\/#website"},"primaryImageOfPage":{"@id":"https:\/\/ionics.vps003.visible.be\/fr\/nos-solutions\/traitement-de-surface\/plameco\/#primaryimage"},"image":{"@id":"https:\/\/ionics.vps003.visible.be\/fr\/nos-solutions\/traitement-de-surface\/plameco\/#primaryimage"},"thumbnailUrl":"https:\/\/ionics.vps003.visible.be\/wp-content\/uploads\/2024\/08\/ionics-Equipment-Plameco-coatings-for-powders-fibers-and-small-parts.jpg","datePublished":"2024-08-27T14:44:12+00:00","dateModified":"2025-02-05T16:13:20+00:00","description":"IONICS has developed with MATERIA NOVA's engineers an innovative low-pressure plasma coating process to treat powders and loose parts.","breadcrumb":{"@id":"https:\/\/ionics.vps003.visible.be\/fr\/nos-solutions\/traitement-de-surface\/plameco\/#breadcrumb"},"inLanguage":"fr-FR","potentialAction":[{"@type":"ReadAction","target":["https:\/\/ionics.vps003.visible.be\/fr\/nos-solutions\/traitement-de-surface\/plameco\/"]}]},{"@type":"ImageObject","inLanguage":"fr-FR","@id":"https:\/\/ionics.vps003.visible.be\/fr\/nos-solutions\/traitement-de-surface\/plameco\/#primaryimage","url":"https:\/\/ionics.vps003.visible.be\/wp-content\/uploads\/2024\/08\/ionics-Equipment-Plameco-coatings-for-powders-fibers-and-small-parts.jpg","contentUrl":"https:\/\/ionics.vps003.visible.be\/wp-content\/uploads\/2024\/08\/ionics-Equipment-Plameco-coatings-for-powders-fibers-and-small-parts.jpg","width":273,"height":182},{"@type":"BreadcrumbList","@id":"https:\/\/ionics.vps003.visible.be\/fr\/nos-solutions\/traitement-de-surface\/plameco\/#breadcrumb","itemListElement":[{"@type":"ListItem","position":1,"name":"Home","item":"https:\/\/ionics.vps003.visible.be\/fr\/"},{"@type":"ListItem","position":2,"name":"Nos Solutions","item":"https:\/\/ionics.vps003.visible.be\/fr\/nos-solutions\/"},{"@type":"ListItem","position":3,"name":"Traitement de surface","item":"https:\/\/ionics.vps003.visible.be\/fr\/nos-solutions\/traitement-de-surface\/"},{"@type":"ListItem","position":4,"name":"PLAMECO\u2122"}]},{"@type":"WebSite","@id":"https:\/\/ionics.vps003.visible.be\/fr\/#website","url":"https:\/\/ionics.vps003.visible.be\/fr\/","name":"Ionics group","description":"Surface technologies","publisher":{"@id":"https:\/\/ionics.vps003.visible.be\/fr\/#organization"},"potentialAction":[{"@type":"SearchAction","target":{"@type":"EntryPoint","urlTemplate":"https:\/\/ionics.vps003.visible.be\/fr\/?s={search_term_string}"},"query-input":{"@type":"PropertyValueSpecification","valueRequired":true,"valueName":"search_term_string"}}],"inLanguage":"fr-FR"},{"@type":"Organization","@id":"https:\/\/ionics.vps003.visible.be\/fr\/#organization","name":"Ionics group","url":"https:\/\/ionics.vps003.visible.be\/fr\/","logo":{"@type":"ImageObject","inLanguage":"fr-FR","@id":"https:\/\/ionics.vps003.visible.be\/fr\/#\/schema\/logo\/image\/","url":"https:\/\/ionics.vps003.visible.be\/wp-content\/uploads\/2024\/08\/ionics10ans.svg","contentUrl":"https:\/\/ionics.vps003.visible.be\/wp-content\/uploads\/2024\/08\/ionics10ans.svg","width":447,"height":179,"caption":"Ionics group"},"image":{"@id":"https:\/\/ionics.vps003.visible.be\/fr\/#\/schema\/logo\/image\/"}}]}},"_links":{"self":[{"href":"https:\/\/ionics.vps003.visible.be\/fr\/wp-json\/wp\/v2\/pages\/2099","targetHints":{"allow":["GET"]}}],"collection":[{"href":"https:\/\/ionics.vps003.visible.be\/fr\/wp-json\/wp\/v2\/pages"}],"about":[{"href":"https:\/\/ionics.vps003.visible.be\/fr\/wp-json\/wp\/v2\/types\/page"}],"author":[{"embeddable":true,"href":"https:\/\/ionics.vps003.visible.be\/fr\/wp-json\/wp\/v2\/users\/1"}],"replies":[{"embeddable":true,"href":"https:\/\/ionics.vps003.visible.be\/fr\/wp-json\/wp\/v2\/comments?post=2099"}],"version-history":[{"count":4,"href":"https:\/\/ionics.vps003.visible.be\/fr\/wp-json\/wp\/v2\/pages\/2099\/revisions"}],"predecessor-version":[{"id":2408,"href":"https:\/\/ionics.vps003.visible.be\/fr\/wp-json\/wp\/v2\/pages\/2099\/revisions\/2408"}],"up":[{"embeddable":true,"href":"https:\/\/ionics.vps003.visible.be\/fr\/wp-json\/wp\/v2\/pages\/2141"}],"wp:featuredmedia":[{"embeddable":true,"href":"https:\/\/ionics.vps003.visible.be\/fr\/wp-json\/wp\/v2\/media\/2080"}],"wp:attachment":[{"href":"https:\/\/ionics.vps003.visible.be\/fr\/wp-json\/wp\/v2\/media?parent=2099"}],"wp:term":[{"taxonomy":"solution","embeddable":true,"href":"https:\/\/ionics.vps003.visible.be\/fr\/wp-json\/wp\/v2\/solution?post=2099"}],"curies":[{"name":"wp","href":"https:\/\/api.w.org\/{rel}","templated":true}]}}