{"id":3,"date":"2024-08-13T14:16:11","date_gmt":"2024-08-13T12:16:11","guid":{"rendered":"https:\/\/ionics.vps003.visible.be\/?page_id=3"},"modified":"2024-08-28T16:20:53","modified_gmt":"2024-08-28T14:20:53","slug":"politique-de-confidentialite","status":"publish","type":"page","link":"https:\/\/ionics.vps003.visible.be\/en\/terms-conditions-2\/politique-de-confidentialite\/","title":{"rendered":"Privacy policy"},"content":{"rendered":"\t\t<div data-elementor-type=\"wp-page\" data-elementor-id=\"3\" class=\"elementor elementor-3\" data-elementor-post-type=\"page\">\n\t\t\t\t<div class=\"elementor-element elementor-element-6aebc7aa e-flex e-con-boxed e-con e-parent\" data-id=\"6aebc7aa\" data-element_type=\"container\">\n\t\t\t\t\t<div class=\"e-con-inner\">\n\t\t\t\t<div class=\"elementor-element elementor-element-1ac6693 elementor-widget elementor-widget-heading\" data-id=\"1ac6693\" data-element_type=\"widget\" data-widget_type=\"heading.default\">\n\t\t\t\t<div class=\"elementor-widget-container\">\n\t\t\t\t\t<h1 class=\"elementor-heading-title elementor-size-default\">Privacy policy<\/h1>\t\t\t\t<\/div>\n\t\t\t\t<\/div>\n\t\t\t\t<div class=\"elementor-element elementor-element-47ef8b9b elementor-widget elementor-widget-text-editor\" data-id=\"47ef8b9b\" data-element_type=\"widget\" data-widget_type=\"text-editor.default\">\n\t\t\t\t<div class=\"elementor-widget-container\">\n\t\t\t\t\t\t\t\t\t<p>Date : 6 f\u00e9vrier 2020<\/p><h2>Principes relatifs \u00e0 la collecte de donn\u00e9es \u00e0 caract\u00e8re personnel<\/h2><p>Les informations personnelles li\u00e9es au visiteur et\/ou locataire sont trait\u00e9es conform\u00e9ment aux dispositions de la loi du 25 mai 2018 relative au traitement de donn\u00e9es \u00e0 caract\u00e8re personnel. Concr\u00e8tement, cela signifie notamment que:<\/p><p>Vos donn\u00e9es \u00e0 caract\u00e8re personnel ne pourront \u00eatre recueillies et trait\u00e9es que conform\u00e9ment aux finalit\u00e9s indiqu\u00e9es lors de leur collecte.<br \/>Vous disposerez du droit de consulter vos donn\u00e9es personnelles, afin de v\u00e9rifier leur exactitude et de faire corriger les \u00e9ventuelles erreurs les concernant. A cet effet, vous pourrez prendre contact avec le responsable du traitement de vos donn\u00e9es dont les coordonn\u00e9es figurent ci-dessous.<br \/>IONICS s&#8217;engage \u00e0 prendre les meilleures mesures de s\u00e9curit\u00e9 afin d&#8217;\u00e9viter que des tiers n&#8217;abusent des donn\u00e9es \u00e0 caract\u00e8re personnel que vous auriez communiqu\u00e9es.<\/p><h2>Responsable des traitements<\/h2><p>Toute demande ou question relative \u00e0 la protection de la vie priv\u00e9e sur le site peut nous \u00eatre pos\u00e9e \u00e0 l&#8217;adresse postale d\u2019IONICS SA \u2013 Rue des Alouettes, 1 \u2013 4042 Liers(Herstal) \u2013 Belgique \u2013 Tel. 32 (0)4278 9160 \u2013 info@ionics-group.com<\/p><h2>Utilisation \u00e0 des fins statistiques d&#8217;informations relatives \u00e0 la navigation<\/h2><p>Lorsque vous acc\u00e9dez au site, les serveurs consult\u00e9s collectent automatiquement les donn\u00e9es suivantes:<\/p><ul><li>l&#8217;adresse IP qui vous est attribu\u00e9e lors de votre connexion;<\/li><li>la date et l&#8217;heure d&#8217;acc\u00e8s au site;<\/li><li>les pages consult\u00e9es;<br \/>le type de navigateur (browser) utilis\u00e9;<\/li><li>la plate-forme et\/ou le syst\u00e8me d&#8217;exploitation install\u00e9 sur votre ordinateur;<\/li><li>le moteur de recherche ainsi que les mots-cl\u00e9s utilis\u00e9s pour retrouver le site.<\/li><\/ul><p>Ces informations ne sont conserv\u00e9es qu&#8217;\u00e0 la seule fin de mesurer le nombre de visiteurs dans les diff\u00e9rentes sections du site et d&#8217;y apporter des am\u00e9liorations.<\/p><h2>Utilisation de cookies<\/h2><p>Dans le but de faciliter votre navigation sur le site ainsi que d&#8217;optimaliser la gestion technique, IONICS peut \u00eatre occasionnellement amen\u00e9e \u00e0 utiliser des &#8220;cookies&#8221;.<\/p><p>Un &#8220;cookie&#8221; est une petite pi\u00e8ce d&#8217;information sauvegard\u00e9e par un site web au sein du navigateur Internet de votre ordinateur. Ce &#8220;cookie&#8221; peut \u00eatre r\u00e9cup\u00e9r\u00e9 lors d&#8217;une visite ult\u00e9rieure sur ce m\u00eame site. Le &#8220;cookie&#8221; ne peut \u00eatre lu par un autre site web que celui qui l&#8217;a cr\u00e9\u00e9. Le site utilise les &#8220;cookies&#8221; \u00e0 des fins administratives pour, par exemple, enregistrer vos pr\u00e9f\u00e9rences pour certains types d&#8217;informations, ce qui vous \u00e9vitera de devoir r\u00e9p\u00e9ter les m\u00eames saisies au clavier lors de chaque visite \u00e0 notre site.<\/p><p>La plupart des &#8220;cookies&#8221; ne fonctionnent que le temps d&#8217;une session ou visite. Aucun d&#8217;entre eux ne contient d&#8217;informations vous rendant susceptible de pouvoir \u00eatre contact\u00e9 par t\u00e9l\u00e9phone, courrier \u00e9lectronique ou postal. Il vous est \u00e9galement possible de configurer votre navigateur pour vous informer lors de chaque cr\u00e9ation de &#8220;cookie&#8221; ou pour emp\u00eacher leur enregistrement.<\/p><h2>Coordonn\u00e9es compl\u00e8tes<\/h2><p>IONICS SA \u2022 Rue des Alouettes, 1 \u2022 ZI des Hauts Sarts, Zone 3 \u2022 B-4042 Liers (Herstal) Belgium \u2022 TVA BE 0544.931.548 \u2022 T. : +32 (0)4 278 91 60 \u2022 F. : +32 (0)4 278 96 90 \u2022 <a href=\"mailto:info@ionics-group.com\">info@ionics-group.com<\/a> \u2022 <a href=\"https:\/\/www.ionics-group.com\">www.ionics-group.com<\/a><\/p>\t\t\t\t\t\t\t\t<\/div>\n\t\t\t\t<\/div>\n\t\t\t\t\t<\/div>\n\t\t\t\t<\/div>\n\t\t\t\t<\/div>\n\t\t","protected":false},"excerpt":{"rendered":"<p>Privacy policy Date : 6 f\u00e9vrier 2020 Principes relatifs \u00e0 la collecte de donn\u00e9es \u00e0 caract\u00e8re personnel Les informations personnelles li\u00e9es au visiteur et\/ou locataire sont trait\u00e9es conform\u00e9ment aux dispositions de la loi du 25 mai 2018 relative au traitement de donn\u00e9es \u00e0 caract\u00e8re personnel. Concr\u00e8tement, cela signifie notamment que: Vos donn\u00e9es \u00e0 caract\u00e8re personnel [&hellip;]<\/p>\n","protected":false},"author":1,"featured_media":0,"parent":218,"menu_order":0,"comment_status":"closed","ping_status":"open","template":"elementor_header_footer","meta":{"_acf_changed":false,"inline_featured_image":false,"footnotes":""},"solution":[],"class_list":["post-3","page","type-page","status-publish","hentry"],"acf":[],"yoast_head":"<!-- This site is optimized with the Yoast SEO plugin v24.4 - https:\/\/yoast.com\/wordpress\/plugins\/seo\/ -->\n<title>Privacy policy - Ionics-group<\/title>\n<meta name=\"robots\" content=\"noindex, follow, max-snippet:-1, max-image-preview:large, max-video-preview:-1\" \/>\n<meta property=\"og:locale\" content=\"en_US\" \/>\n<meta property=\"og:type\" content=\"article\" \/>\n<meta property=\"og:title\" content=\"Privacy policy - Ionics-group\" \/>\n<meta property=\"og:description\" content=\"Privacy policy Date : 6 f\u00e9vrier 2020 Principes relatifs \u00e0 la collecte de donn\u00e9es \u00e0 caract\u00e8re personnel Les informations personnelles li\u00e9es au visiteur et\/ou locataire sont trait\u00e9es conform\u00e9ment aux dispositions de la loi du 25 mai 2018 relative au traitement de donn\u00e9es \u00e0 caract\u00e8re personnel. Concr\u00e8tement, cela signifie notamment que: Vos donn\u00e9es \u00e0 caract\u00e8re personnel [&hellip;]\" \/>\n<meta property=\"og:url\" content=\"https:\/\/ionics.vps003.visible.be\/en\/terms-conditions-2\/politique-de-confidentialite\/\" \/>\n<meta property=\"og:site_name\" content=\"Ionics-group\" \/>\n<meta property=\"article:modified_time\" content=\"2024-08-28T14:20:53+00:00\" \/>\n<meta name=\"twitter:card\" content=\"summary_large_image\" \/>\n<meta name=\"twitter:label1\" content=\"Est. reading time\" \/>\n\t<meta name=\"twitter:data1\" content=\"3 minutes\" \/>\n<script type=\"application\/ld+json\" class=\"yoast-schema-graph\">{\"@context\":\"https:\/\/schema.org\",\"@graph\":[{\"@type\":\"WebPage\",\"@id\":\"https:\/\/ionics.vps003.visible.be\/en\/terms-conditions-2\/politique-de-confidentialite\/\",\"url\":\"https:\/\/ionics.vps003.visible.be\/en\/terms-conditions-2\/politique-de-confidentialite\/\",\"name\":\"Privacy policy - Ionics-group\",\"isPartOf\":{\"@id\":\"https:\/\/ionics.vps003.visible.be\/en\/#website\"},\"datePublished\":\"2024-08-13T12:16:11+00:00\",\"dateModified\":\"2024-08-28T14:20:53+00:00\",\"breadcrumb\":{\"@id\":\"https:\/\/ionics.vps003.visible.be\/en\/terms-conditions-2\/politique-de-confidentialite\/#breadcrumb\"},\"inLanguage\":\"en-US\",\"potentialAction\":[{\"@type\":\"ReadAction\",\"target\":[\"https:\/\/ionics.vps003.visible.be\/en\/terms-conditions-2\/politique-de-confidentialite\/\"]}]},{\"@type\":\"BreadcrumbList\",\"@id\":\"https:\/\/ionics.vps003.visible.be\/en\/terms-conditions-2\/politique-de-confidentialite\/#breadcrumb\",\"itemListElement\":[{\"@type\":\"ListItem\",\"position\":1,\"name\":\"Home\",\"item\":\"https:\/\/ionics.vps003.visible.be\/en\/\"},{\"@type\":\"ListItem\",\"position\":2,\"name\":\"Terms &#038; Conditions\",\"item\":\"https:\/\/ionics.vps003.visible.be\/en\/terms-conditions-2\/\"},{\"@type\":\"ListItem\",\"position\":3,\"name\":\"Privacy policy\"}]},{\"@type\":\"WebSite\",\"@id\":\"https:\/\/ionics.vps003.visible.be\/en\/#website\",\"url\":\"https:\/\/ionics.vps003.visible.be\/en\/\",\"name\":\"Ionics-group\",\"description\":\"Surface technologies\",\"publisher\":{\"@id\":\"https:\/\/ionics.vps003.visible.be\/en\/#organization\"},\"potentialAction\":[{\"@type\":\"SearchAction\",\"target\":{\"@type\":\"EntryPoint\",\"urlTemplate\":\"https:\/\/ionics.vps003.visible.be\/en\/?s={search_term_string}\"},\"query-input\":{\"@type\":\"PropertyValueSpecification\",\"valueRequired\":true,\"valueName\":\"search_term_string\"}}],\"inLanguage\":\"en-US\"},{\"@type\":\"Organization\",\"@id\":\"https:\/\/ionics.vps003.visible.be\/en\/#organization\",\"name\":\"Ionics-group\",\"url\":\"https:\/\/ionics.vps003.visible.be\/en\/\",\"logo\":{\"@type\":\"ImageObject\",\"inLanguage\":\"en-US\",\"@id\":\"https:\/\/ionics.vps003.visible.be\/en\/#\/schema\/logo\/image\/\",\"url\":\"https:\/\/ionics.vps003.visible.be\/wp-content\/uploads\/2024\/08\/ionics10ans.svg\",\"contentUrl\":\"https:\/\/ionics.vps003.visible.be\/wp-content\/uploads\/2024\/08\/ionics10ans.svg\",\"width\":447,\"height\":179,\"caption\":\"Ionics-group\"},\"image\":{\"@id\":\"https:\/\/ionics.vps003.visible.be\/en\/#\/schema\/logo\/image\/\"}}]}<\/script>\n<!-- \/ Yoast SEO plugin. -->","yoast_head_json":{"title":"Privacy policy - Ionics-group","robots":{"index":"noindex","follow":"follow","max-snippet":"max-snippet:-1","max-image-preview":"max-image-preview:large","max-video-preview":"max-video-preview:-1"},"og_locale":"en_US","og_type":"article","og_title":"Privacy policy - Ionics-group","og_description":"Privacy policy Date : 6 f\u00e9vrier 2020 Principes relatifs \u00e0 la collecte de donn\u00e9es \u00e0 caract\u00e8re personnel Les informations personnelles li\u00e9es au visiteur et\/ou locataire sont trait\u00e9es conform\u00e9ment aux dispositions de la loi du 25 mai 2018 relative au traitement de donn\u00e9es \u00e0 caract\u00e8re personnel. Concr\u00e8tement, cela signifie notamment que: Vos donn\u00e9es \u00e0 caract\u00e8re personnel [&hellip;]","og_url":"https:\/\/ionics.vps003.visible.be\/en\/terms-conditions-2\/politique-de-confidentialite\/","og_site_name":"Ionics-group","article_modified_time":"2024-08-28T14:20:53+00:00","twitter_card":"summary_large_image","twitter_misc":{"Est. reading time":"3 minutes"},"schema":{"@context":"https:\/\/schema.org","@graph":[{"@type":"WebPage","@id":"https:\/\/ionics.vps003.visible.be\/en\/terms-conditions-2\/politique-de-confidentialite\/","url":"https:\/\/ionics.vps003.visible.be\/en\/terms-conditions-2\/politique-de-confidentialite\/","name":"Privacy policy - Ionics-group","isPartOf":{"@id":"https:\/\/ionics.vps003.visible.be\/en\/#website"},"datePublished":"2024-08-13T12:16:11+00:00","dateModified":"2024-08-28T14:20:53+00:00","breadcrumb":{"@id":"https:\/\/ionics.vps003.visible.be\/en\/terms-conditions-2\/politique-de-confidentialite\/#breadcrumb"},"inLanguage":"en-US","potentialAction":[{"@type":"ReadAction","target":["https:\/\/ionics.vps003.visible.be\/en\/terms-conditions-2\/politique-de-confidentialite\/"]}]},{"@type":"BreadcrumbList","@id":"https:\/\/ionics.vps003.visible.be\/en\/terms-conditions-2\/politique-de-confidentialite\/#breadcrumb","itemListElement":[{"@type":"ListItem","position":1,"name":"Home","item":"https:\/\/ionics.vps003.visible.be\/en\/"},{"@type":"ListItem","position":2,"name":"Terms &#038; Conditions","item":"https:\/\/ionics.vps003.visible.be\/en\/terms-conditions-2\/"},{"@type":"ListItem","position":3,"name":"Privacy policy"}]},{"@type":"WebSite","@id":"https:\/\/ionics.vps003.visible.be\/en\/#website","url":"https:\/\/ionics.vps003.visible.be\/en\/","name":"Ionics-group","description":"Surface technologies","publisher":{"@id":"https:\/\/ionics.vps003.visible.be\/en\/#organization"},"potentialAction":[{"@type":"SearchAction","target":{"@type":"EntryPoint","urlTemplate":"https:\/\/ionics.vps003.visible.be\/en\/?s={search_term_string}"},"query-input":{"@type":"PropertyValueSpecification","valueRequired":true,"valueName":"search_term_string"}}],"inLanguage":"en-US"},{"@type":"Organization","@id":"https:\/\/ionics.vps003.visible.be\/en\/#organization","name":"Ionics-group","url":"https:\/\/ionics.vps003.visible.be\/en\/","logo":{"@type":"ImageObject","inLanguage":"en-US","@id":"https:\/\/ionics.vps003.visible.be\/en\/#\/schema\/logo\/image\/","url":"https:\/\/ionics.vps003.visible.be\/wp-content\/uploads\/2024\/08\/ionics10ans.svg","contentUrl":"https:\/\/ionics.vps003.visible.be\/wp-content\/uploads\/2024\/08\/ionics10ans.svg","width":447,"height":179,"caption":"Ionics-group"},"image":{"@id":"https:\/\/ionics.vps003.visible.be\/en\/#\/schema\/logo\/image\/"}}]}},"_links":{"self":[{"href":"https:\/\/ionics.vps003.visible.be\/en\/wp-json\/wp\/v2\/pages\/3","targetHints":{"allow":["GET"]}}],"collection":[{"href":"https:\/\/ionics.vps003.visible.be\/en\/wp-json\/wp\/v2\/pages"}],"about":[{"href":"https:\/\/ionics.vps003.visible.be\/en\/wp-json\/wp\/v2\/types\/page"}],"author":[{"embeddable":true,"href":"https:\/\/ionics.vps003.visible.be\/en\/wp-json\/wp\/v2\/users\/1"}],"replies":[{"embeddable":true,"href":"https:\/\/ionics.vps003.visible.be\/en\/wp-json\/wp\/v2\/comments?post=3"}],"version-history":[{"count":19,"href":"https:\/\/ionics.vps003.visible.be\/en\/wp-json\/wp\/v2\/pages\/3\/revisions"}],"predecessor-version":[{"id":398,"href":"https:\/\/ionics.vps003.visible.be\/en\/wp-json\/wp\/v2\/pages\/3\/revisions\/398"}],"up":[{"embeddable":true,"href":"https:\/\/ionics.vps003.visible.be\/en\/wp-json\/wp\/v2\/pages\/218"}],"wp:attachment":[{"href":"https:\/\/ionics.vps003.visible.be\/en\/wp-json\/wp\/v2\/media?parent=3"}],"wp:term":[{"taxonomy":"solution","embeddable":true,"href":"https:\/\/ionics.vps003.visible.be\/en\/wp-json\/wp\/v2\/solution?post=3"}],"curies":[{"name":"wp","href":"https:\/\/api.w.org\/{rel}","templated":true}]}}