{"id":218,"date":"2024-08-26T16:58:45","date_gmt":"2024-08-26T14:58:45","guid":{"rendered":"https:\/\/ionics.vps003.visible.be\/?page_id=218"},"modified":"2024-08-28T16:22:48","modified_gmt":"2024-08-28T14:22:48","slug":"terms-conditions-2","status":"publish","type":"page","link":"https:\/\/ionics.vps003.visible.be\/en\/terms-conditions-2\/","title":{"rendered":"Terms &#038; Conditions"},"content":{"rendered":"\t\t<div data-elementor-type=\"wp-page\" data-elementor-id=\"218\" class=\"elementor elementor-218\" data-elementor-post-type=\"page\">\n\t\t\t\t<div class=\"elementor-element elementor-element-ab5487d e-flex e-con-boxed e-con e-parent\" data-id=\"ab5487d\" data-element_type=\"container\">\n\t\t\t\t\t<div class=\"e-con-inner\">\n\t\t\t\t<div class=\"elementor-element elementor-element-888ddc5 elementor-widget elementor-widget-heading\" data-id=\"888ddc5\" data-element_type=\"widget\" data-widget_type=\"heading.default\">\n\t\t\t\t<div class=\"elementor-widget-container\">\n\t\t\t\t\t<h1 class=\"elementor-heading-title elementor-size-default\">Terms &amp; Conditions<\/h1>\t\t\t\t<\/div>\n\t\t\t\t<\/div>\n\t\t\t\t<div class=\"elementor-element elementor-element-2737d8b elementor-widget elementor-widget-text-editor\" data-id=\"2737d8b\" data-element_type=\"widget\" data-widget_type=\"text-editor.default\">\n\t\t\t\t<div class=\"elementor-widget-container\">\n\t\t\t\t\t\t\t\t\t<p>Date : 1 mars 2020<\/p>\n<h2>Information juridique &#8211; Conditions d&#8217;utilisation du site<\/h2>\n<p>L&#8217;utilisation du site d\u2019IONICS est soumise au respect des conditions g\u00e9n\u00e9rales d\u00e9crites ci-apr\u00e8s. En acc\u00e9dant \u00e0 ce site, vous d\u00e9clarez avoir pris connaissance et avoir accept\u00e9, sans la moindre r\u00e9serve, ces conditions g\u00e9n\u00e9rales d&#8217;utilisation.<\/p>\n<h2>Qualit\u00e9 de l&#8217;information et du service, limitation de responsabilit\u00e9<\/h2>\n<p>IONICS apporte le plus grand soin \u00e0 la cr\u00e9ation de son site. Elle ne garantit toutefois pas l&#8217;exactitude des informations qui y sont propos\u00e9es. L&#8217;utilisateur est \u00e9galement conscient que ces informations sont susceptibles d&#8217;\u00eatre modifi\u00e9es sans avis pr\u00e9alable. Il en r\u00e9sulte qu\u2019 IONICS d\u00e9cline toute responsabilit\u00e9 quant au contenu de son site ou \u00e0 l&#8217;utilisation qui pourrait en \u00eatre faite.<\/p>\n<p>L\u2019attention du visiteur est port\u00e9e sur le fait que les tarifs et prix \u00e9ventuellement mentionn\u00e9s sur le site sont donn\u00e9s \u00e0 titre indicatif. Pour obtenir un devis officiel ou une offre ferme, veuillez prendre contact directement avec IONICS SA \u2013 Rue des Alouettes, 1 \u2013 4042 Liers (Herstal) \u2013 Belgique \u2013 Tel. +32(0)4 278 91 60 \u2013 <a href=\"mailto:info@ionics-group.com\">info@ionics-group.com<\/a>.<\/p>\n<p>Les liens hypertextes pr\u00e9sents sur le site et aiguillant les utilisateurs vers d&#8217;autres sites Internet n&#8217;engagent pas la responsabilit\u00e9 d\u2019IONICS quant au contenu de ces sites. Les risques li\u00e9s \u00e0 l&#8217;utilisation de ces sites incombent pleinement \u00e0 l&#8217;utilisateur. Il se conformera \u00e0 leurs conditions d&#8217;utilisation.<\/p>\n<p>En outre, IONICS ne peut pas \u00eatre tenu pour responsable des erreurs dans les adresses de site ou les noms de domaine figurant dans son site.<\/p>\n<p>Malgr\u00e9 les efforts consentis pour \u00e9viter autant que possible toute interruption due \u00e0 des probl\u00e8mes techniques, IONICS d\u00e9cline toute responsabilit\u00e9 du fait d&#8217;interruptions de services ou d&#8217;autres probl\u00e8mes techniques.<\/p>\n<h2>Droits de propri\u00e9t\u00e9 intellectuelle<\/h2>\n<p>Les textes, mises en page, logos, photographies, vid\u00e9os, illustrations et autres \u00e9l\u00e9ments constitutifs du site sont prot\u00e9g\u00e9s par le droit d&#8217;auteur ou, s&#8217;agissant de bases de donn\u00e9es par un droit sp\u00e9cifique. Tous ces \u00e9l\u00e9ments constituent la propri\u00e9t\u00e9 d\u2019IONICS et des marques commercialis\u00e9es par l\u2019entreprise ou, le cas \u00e9ch\u00e9ant, d&#8217;un tiers aupr\u00e8s duquel IONICS a obtenu les autorisations n\u00e9cessaires.<\/p>\n<p>Sauf stipulation contraire, l&#8217;information textuelle ou chiffr\u00e9e figurant sur le site peut \u00eatre utilis\u00e9e gratuitement mais moyennant mention de la source et uniquement pour un usage qui ne soit ni commercial, ni publicitaire. Par contre, toute reproduction \u00e0 caract\u00e8re commercial ou publicitaire de ces informations, de m\u00eame que toutes formes d&#8217;utilisation et de reproduction des autres \u00e9l\u00e9ments constitutifs du site, tels que la ligne graphique, les images, les vid\u00e9os, les animations, les sons ou les applications informatiques, sont strictement interdites sans autorisation pr\u00e9alable. Toute demande en ce sens doit \u00eatre adress\u00e9e par \u00e9crit \u00e0 IONICS SA \u2013 Rue des Alouettes, 1 \u2013 4042 Liers(Herstal) \u2013 Belgique \u2013 Tel. 32 (0)4 278 9160 \u2013 <a href=\"mailto:info@ionics-group.com\">info@ionics-group.com<\/a>.<\/p>\n<h2>Cr\u00e9ation d&#8217;hyperliens vers le site<\/h2>\n<p>IONICS autorise la cr\u00e9ation sans demande pr\u00e9alable de liens en surface (surface linking) qui renvoient \u00e0 la page d&#8217;accueil du site ou \u00e0 toute autre page dans sa globalit\u00e9. Par contre, le recours \u00e0 toutes techniques visant \u00e0 inclure tout ou partie du site dans un site Internet en masquant ne serait-ce que partiellement l&#8217;origine exacte de l&#8217;information ou pouvant pr\u00eater \u00e0 confusion sur l&#8217;origine de l&#8217;information, telle que le framing ou l&#8217;in-lining, requiert l&#8217;autorisation \u00e9crite d\u2019IONICS. Toute demande en ce sens doit \u00eatre adress\u00e9e par \u00e9crit \u00e0 IONICS SA \u2013 Rue des Alouettes, 1 \u2013 4042 Liers (Herstal) \u2013 Belgique \u2013 Tel. +32 (0)4 278 91 60 \u2013 <a href=\"mailto:info@ionics-group.com\">info@ionics-group.com.<\/a><\/p>\n<h2>Informations transmises<\/h2>\n<p>Ne transmettez pas d&#8217;information ill\u00e9gale, mena\u00e7ante, diffamatoire, obsc\u00e8ne, scandaleuse, provocatrice, pornographique ou blasph\u00e9matoire, ou toute autre information pouvant entra\u00eener une responsabilit\u00e9 civile ou p\u00e9nale, selon la loi du Territoire auquel ce site se r\u00e9f\u00e8re.<\/p>\n<h2>Piratage<\/h2>\n<p>Toute tentative ou action de piratage du site d\u2019IONICS est passible de poursuites judiciaires devant les tribunaux de l\u2019arrondissement judiciaire de Li\u00e8ge (Belgique).<\/p>\n<h2>Coordonn\u00e9es compl\u00e8tes<\/h2>\n<p>IONICS SA \u2022 Rue des Alouettes, 1 \u2022 ZI des Hauts Sarts, Zone 3 \u2022 B-4042 Liers (Herstal) Belgium \u2022 TVA BE 0544.931.548 \u2022 T. : +32 (0)4 278 91 60 \u2022 F. : +32 (0)4 278 96 90 \u2022 <a href=\"mailto:info@ionics-group.com\">info@ionics-group.com<\/a> \u2022 www.ionics-group.com<\/p>\t\t\t\t\t\t\t\t<\/div>\n\t\t\t\t<\/div>\n\t\t\t\t\t<\/div>\n\t\t\t\t<\/div>\n\t\t\t\t<\/div>\n\t\t","protected":false},"excerpt":{"rendered":"<p>Terms &#038; Conditions Date : 1 mars 2020 Information juridique &#8211; Conditions d&#8217;utilisation du site L&#8217;utilisation du site d\u2019IONICS est soumise au respect des conditions g\u00e9n\u00e9rales d\u00e9crites ci-apr\u00e8s. En acc\u00e9dant \u00e0 ce site, vous d\u00e9clarez avoir pris connaissance et avoir accept\u00e9, sans la moindre r\u00e9serve, ces conditions g\u00e9n\u00e9rales d&#8217;utilisation. Qualit\u00e9 de l&#8217;information et du service, [&hellip;]<\/p>\n","protected":false},"author":1,"featured_media":0,"parent":0,"menu_order":10,"comment_status":"closed","ping_status":"closed","template":"elementor_header_footer","meta":{"_acf_changed":false,"inline_featured_image":false,"footnotes":""},"solution":[],"class_list":["post-218","page","type-page","status-publish","hentry"],"acf":[],"yoast_head":"<!-- This site is optimized with the Yoast SEO plugin v24.4 - https:\/\/yoast.com\/wordpress\/plugins\/seo\/ -->\n<title>Terms &amp; Conditions - Ionics-group<\/title>\n<meta name=\"robots\" content=\"noindex, follow, max-snippet:-1, max-image-preview:large, max-video-preview:-1\" \/>\n<meta property=\"og:locale\" content=\"en_US\" \/>\n<meta property=\"og:type\" content=\"article\" \/>\n<meta property=\"og:title\" content=\"Terms &amp; Conditions - Ionics-group\" \/>\n<meta property=\"og:description\" content=\"Terms &#038; Conditions Date : 1 mars 2020 Information juridique &#8211; Conditions d&#8217;utilisation du site L&#8217;utilisation du site d\u2019IONICS est soumise au respect des conditions g\u00e9n\u00e9rales d\u00e9crites ci-apr\u00e8s. En acc\u00e9dant \u00e0 ce site, vous d\u00e9clarez avoir pris connaissance et avoir accept\u00e9, sans la moindre r\u00e9serve, ces conditions g\u00e9n\u00e9rales d&#8217;utilisation. Qualit\u00e9 de l&#8217;information et du service, [&hellip;]\" \/>\n<meta property=\"og:url\" content=\"https:\/\/ionics.vps003.visible.be\/en\/terms-conditions-2\/\" \/>\n<meta property=\"og:site_name\" content=\"Ionics-group\" \/>\n<meta property=\"article:modified_time\" content=\"2024-08-28T14:22:48+00:00\" \/>\n<meta name=\"twitter:card\" content=\"summary_large_image\" \/>\n<meta name=\"twitter:label1\" content=\"Est. reading time\" \/>\n\t<meta name=\"twitter:data1\" content=\"4 minutes\" \/>\n<script type=\"application\/ld+json\" class=\"yoast-schema-graph\">{\"@context\":\"https:\/\/schema.org\",\"@graph\":[{\"@type\":\"WebPage\",\"@id\":\"https:\/\/ionics.vps003.visible.be\/en\/terms-conditions-2\/\",\"url\":\"https:\/\/ionics.vps003.visible.be\/en\/terms-conditions-2\/\",\"name\":\"Terms & Conditions - Ionics-group\",\"isPartOf\":{\"@id\":\"https:\/\/ionics.vps003.visible.be\/en\/#website\"},\"datePublished\":\"2024-08-26T14:58:45+00:00\",\"dateModified\":\"2024-08-28T14:22:48+00:00\",\"breadcrumb\":{\"@id\":\"https:\/\/ionics.vps003.visible.be\/en\/terms-conditions-2\/#breadcrumb\"},\"inLanguage\":\"en-US\",\"potentialAction\":[{\"@type\":\"ReadAction\",\"target\":[\"https:\/\/ionics.vps003.visible.be\/en\/terms-conditions-2\/\"]}]},{\"@type\":\"BreadcrumbList\",\"@id\":\"https:\/\/ionics.vps003.visible.be\/en\/terms-conditions-2\/#breadcrumb\",\"itemListElement\":[{\"@type\":\"ListItem\",\"position\":1,\"name\":\"Home\",\"item\":\"https:\/\/ionics.vps003.visible.be\/en\/\"},{\"@type\":\"ListItem\",\"position\":2,\"name\":\"Terms &#038; Conditions\"}]},{\"@type\":\"WebSite\",\"@id\":\"https:\/\/ionics.vps003.visible.be\/en\/#website\",\"url\":\"https:\/\/ionics.vps003.visible.be\/en\/\",\"name\":\"Ionics-group\",\"description\":\"Surface technologies\",\"publisher\":{\"@id\":\"https:\/\/ionics.vps003.visible.be\/en\/#organization\"},\"potentialAction\":[{\"@type\":\"SearchAction\",\"target\":{\"@type\":\"EntryPoint\",\"urlTemplate\":\"https:\/\/ionics.vps003.visible.be\/en\/?s={search_term_string}\"},\"query-input\":{\"@type\":\"PropertyValueSpecification\",\"valueRequired\":true,\"valueName\":\"search_term_string\"}}],\"inLanguage\":\"en-US\"},{\"@type\":\"Organization\",\"@id\":\"https:\/\/ionics.vps003.visible.be\/en\/#organization\",\"name\":\"Ionics-group\",\"url\":\"https:\/\/ionics.vps003.visible.be\/en\/\",\"logo\":{\"@type\":\"ImageObject\",\"inLanguage\":\"en-US\",\"@id\":\"https:\/\/ionics.vps003.visible.be\/en\/#\/schema\/logo\/image\/\",\"url\":\"https:\/\/ionics.vps003.visible.be\/wp-content\/uploads\/2024\/08\/ionics10ans.svg\",\"contentUrl\":\"https:\/\/ionics.vps003.visible.be\/wp-content\/uploads\/2024\/08\/ionics10ans.svg\",\"width\":447,\"height\":179,\"caption\":\"Ionics-group\"},\"image\":{\"@id\":\"https:\/\/ionics.vps003.visible.be\/en\/#\/schema\/logo\/image\/\"}}]}<\/script>\n<!-- \/ Yoast SEO plugin. -->","yoast_head_json":{"title":"Terms & Conditions - Ionics-group","robots":{"index":"noindex","follow":"follow","max-snippet":"max-snippet:-1","max-image-preview":"max-image-preview:large","max-video-preview":"max-video-preview:-1"},"og_locale":"en_US","og_type":"article","og_title":"Terms & Conditions - Ionics-group","og_description":"Terms &#038; Conditions Date : 1 mars 2020 Information juridique &#8211; Conditions d&#8217;utilisation du site L&#8217;utilisation du site d\u2019IONICS est soumise au respect des conditions g\u00e9n\u00e9rales d\u00e9crites ci-apr\u00e8s. En acc\u00e9dant \u00e0 ce site, vous d\u00e9clarez avoir pris connaissance et avoir accept\u00e9, sans la moindre r\u00e9serve, ces conditions g\u00e9n\u00e9rales d&#8217;utilisation. Qualit\u00e9 de l&#8217;information et du service, [&hellip;]","og_url":"https:\/\/ionics.vps003.visible.be\/en\/terms-conditions-2\/","og_site_name":"Ionics-group","article_modified_time":"2024-08-28T14:22:48+00:00","twitter_card":"summary_large_image","twitter_misc":{"Est. reading time":"4 minutes"},"schema":{"@context":"https:\/\/schema.org","@graph":[{"@type":"WebPage","@id":"https:\/\/ionics.vps003.visible.be\/en\/terms-conditions-2\/","url":"https:\/\/ionics.vps003.visible.be\/en\/terms-conditions-2\/","name":"Terms & Conditions - Ionics-group","isPartOf":{"@id":"https:\/\/ionics.vps003.visible.be\/en\/#website"},"datePublished":"2024-08-26T14:58:45+00:00","dateModified":"2024-08-28T14:22:48+00:00","breadcrumb":{"@id":"https:\/\/ionics.vps003.visible.be\/en\/terms-conditions-2\/#breadcrumb"},"inLanguage":"en-US","potentialAction":[{"@type":"ReadAction","target":["https:\/\/ionics.vps003.visible.be\/en\/terms-conditions-2\/"]}]},{"@type":"BreadcrumbList","@id":"https:\/\/ionics.vps003.visible.be\/en\/terms-conditions-2\/#breadcrumb","itemListElement":[{"@type":"ListItem","position":1,"name":"Home","item":"https:\/\/ionics.vps003.visible.be\/en\/"},{"@type":"ListItem","position":2,"name":"Terms &#038; Conditions"}]},{"@type":"WebSite","@id":"https:\/\/ionics.vps003.visible.be\/en\/#website","url":"https:\/\/ionics.vps003.visible.be\/en\/","name":"Ionics-group","description":"Surface technologies","publisher":{"@id":"https:\/\/ionics.vps003.visible.be\/en\/#organization"},"potentialAction":[{"@type":"SearchAction","target":{"@type":"EntryPoint","urlTemplate":"https:\/\/ionics.vps003.visible.be\/en\/?s={search_term_string}"},"query-input":{"@type":"PropertyValueSpecification","valueRequired":true,"valueName":"search_term_string"}}],"inLanguage":"en-US"},{"@type":"Organization","@id":"https:\/\/ionics.vps003.visible.be\/en\/#organization","name":"Ionics-group","url":"https:\/\/ionics.vps003.visible.be\/en\/","logo":{"@type":"ImageObject","inLanguage":"en-US","@id":"https:\/\/ionics.vps003.visible.be\/en\/#\/schema\/logo\/image\/","url":"https:\/\/ionics.vps003.visible.be\/wp-content\/uploads\/2024\/08\/ionics10ans.svg","contentUrl":"https:\/\/ionics.vps003.visible.be\/wp-content\/uploads\/2024\/08\/ionics10ans.svg","width":447,"height":179,"caption":"Ionics-group"},"image":{"@id":"https:\/\/ionics.vps003.visible.be\/en\/#\/schema\/logo\/image\/"}}]}},"_links":{"self":[{"href":"https:\/\/ionics.vps003.visible.be\/en\/wp-json\/wp\/v2\/pages\/218","targetHints":{"allow":["GET"]}}],"collection":[{"href":"https:\/\/ionics.vps003.visible.be\/en\/wp-json\/wp\/v2\/pages"}],"about":[{"href":"https:\/\/ionics.vps003.visible.be\/en\/wp-json\/wp\/v2\/types\/page"}],"author":[{"embeddable":true,"href":"https:\/\/ionics.vps003.visible.be\/en\/wp-json\/wp\/v2\/users\/1"}],"replies":[{"embeddable":true,"href":"https:\/\/ionics.vps003.visible.be\/en\/wp-json\/wp\/v2\/comments?post=218"}],"version-history":[{"count":7,"href":"https:\/\/ionics.vps003.visible.be\/en\/wp-json\/wp\/v2\/pages\/218\/revisions"}],"predecessor-version":[{"id":367,"href":"https:\/\/ionics.vps003.visible.be\/en\/wp-json\/wp\/v2\/pages\/218\/revisions\/367"}],"wp:attachment":[{"href":"https:\/\/ionics.vps003.visible.be\/en\/wp-json\/wp\/v2\/media?parent=218"}],"wp:term":[{"taxonomy":"solution","embeddable":true,"href":"https:\/\/ionics.vps003.visible.be\/en\/wp-json\/wp\/v2\/solution?post=218"}],"curies":[{"name":"wp","href":"https:\/\/api.w.org\/{rel}","templated":true}]}}