{"id":1984,"date":"2024-08-13T14:16:11","date_gmt":"2024-08-13T12:16:11","guid":{"rendered":"https:\/\/ionics.vps003.visible.be\/allgemeine-geschaeftsbedingungen\/privatsphaere-website-ionics-ag\/"},"modified":"2025-02-03T17:42:10","modified_gmt":"2025-02-03T16:42:10","slug":"privatsphaere-website-ionics-ag","status":"publish","type":"page","link":"https:\/\/ionics.vps003.visible.be\/de\/allgemeine-geschaeftsbedingungen\/privatsphaere-website-ionics-ag\/","title":{"rendered":"Privatsph\u00e4re website ionics ag"},"content":{"rendered":"\t\t<div data-elementor-type=\"wp-page\" data-elementor-id=\"1984\" class=\"elementor elementor-1984 elementor-3\" data-elementor-post-type=\"page\">\n\t\t\t\t<div class=\"elementor-element elementor-element-6aebc7aa e-flex e-con-boxed e-con e-parent\" data-id=\"6aebc7aa\" data-element_type=\"container\">\n\t\t\t\t\t<div class=\"e-con-inner\">\n\t\t\t\t<div class=\"elementor-element elementor-element-1ac6693 elementor-widget elementor-widget-heading\" data-id=\"1ac6693\" data-element_type=\"widget\" data-widget_type=\"heading.default\">\n\t\t\t\t<div class=\"elementor-widget-container\">\n\t\t\t\t\t<h1 class=\"elementor-heading-title elementor-size-default\">Privatsph\u00e4re website ionics ag<\/h1>\t\t\t\t<\/div>\n\t\t\t\t<\/div>\n\t\t\t\t<div class=\"elementor-element elementor-element-47ef8b9b elementor-widget elementor-widget-text-editor\" data-id=\"47ef8b9b\" data-element_type=\"widget\" data-widget_type=\"text-editor.default\">\n\t\t\t\t<div class=\"elementor-widget-container\">\n\t\t\t\t\t\t\t\t\t<p>Datum: 6. Februar 2020<\/p>\n<h2>Leitlinien bez\u00fcglich der Einholung personenbezogener Daten<\/h2>\n<p>Die mit dem Besucher und\/oder Partei verbundenen pers\u00f6nlichen Angaben werden gem\u00e4\u00df den Bestimmungen des Gesetzes vom 25. Mai 2018 bez\u00fcglich der Verarbeitung personenbezogener Daten verarbeitet. Konkret bedeutet das insbesondere Folgendes:<\/p>\n<p>Ihre personenbezogenen Daten d\u00fcrfen nur zu den bei der Erhebung angegebenen Zwecken eingeholt und verarbeitet werden.<br \/>Sie verf\u00fcgen \u00fcber das Recht auf eine Abfrage Ihrer personenbezogenen Daten, damit Sie in der Lage sind, deren Genauigkeit zu \u00fcberpr\u00fcfen und eventuelle Fehler korrigieren zu lassen. Diesbez\u00fcglich k\u00f6nnen Sie mit der f\u00fcr die Verarbeitung Ihrer Daten verantwortlichen Person, deren Kontaktangaben unten angef\u00fchrt werden, in Verbindung treten.<br \/>IONICS verpflichtet sich zur Ergreifung der bestm\u00f6glichen Sicherheitsma\u00dfnahmen, damit ein Missbrauch der von Ihnen mitgeteilten personenbezogenen Daten vermieden werden kann.<\/p>\n<h2>F\u00fcr die Verarbeitung verantwortliche Person<\/h2>\n<p>S\u00e4mtliche Ansuchen oder Anfragen bez\u00fcglich des Datenschutzes auf unserer Website k\u00f6nnen an die Postadresse von IONICS AG gerichtet werden: IONICS SA \u2013 Rue des Alouettes, 1 \u2013 4042 Liers(Herstal) \u2013 Belgien \u2013 Tel. +32 (0)4278 9160 \u2013 info@ionics-group.com <\/p>\n<h2>Nutzung der auf das Surfverhalten bezogenen Informationen zu statistischen Zwecken<\/h2>\n<p>Wenn Sie auf die Website zugreifen, holen die aufgesuchten Server automatisch folgende Daten ein:<\/p>\n<ul>\n<li>die von Ihnen bei der Verbindung zugeteilte IP-Adresse,<\/li>\n<li>Datum und Uhrzeit des Zugriffs auf die Website,<\/li>\n<li>die besuchten Seiten,<br \/>der verwendete Browsertyp,<\/li>\n<li>die Plattform und\/oder das auf Ihrem Computer installierte Betriebssystem,<\/li>\n<li>die Suchmaschine wie auch die Schl\u00fcsselworte, die zur Suche der Website verwendet wurden.<\/li>\n<\/ul>\n<p>Diese Informationen werden nur dazu gespeichert, die Anzahl der Besucher in den verschiedenen Bereichen der Website zu z\u00e4hlen und dadurch Verbesserungen herbeizuf\u00fchren.<\/p>\n<h2>Verwendung von Cookies<\/h2>\n<p>Um das Surfen auf der Website zu erleichtern wie auch das technische Management zu optimieren, kann IONICS gelegentlich von Cookies Gebrauch machen.<\/p>\n<p>Ein Cookie ist eine kleine Datei, die von der Website im Internet-Browser Ihres Computers gespeichert wird. Dieses Cookie kann bei einem weiteren Besuch auf derselben Seite wieder genutzt werden, und es kann nur von der Website gelesen werden, von der es erstellt wurde.  Die Website setzt Cookies zu verwaltungstechnischen Zwecken ein, um zum Beispiel Ihre Pr\u00e4ferenzen f\u00fcr bestimmte Informationen aufzuzeichnen, daher brauchen Sie nicht mehr dieselben Eingaben bei jedem Besuch von unserer Website t\u00e4tigen.<\/p>\n<p>Die meisten Cookies funktionieren nur im Laufe einer Sitzung oder eines Besuches. Keines davon enth\u00e4lt Informationen, welche Sie einem Risiko einer Kontaktaufnahme \u00fcber Telefon, E-Mail oder auf dem Postweg aussetzen. Gleichfalls k\u00f6nnen Sie Ihren Browser so konfigurieren, dass er Sie jedes Mal \u00fcber die Generierung eines Cookie informiert oder deren Eintragung unterbindet.  <\/p>\n<h2>Ausf\u00fchrliche Kontaktdaten<\/h2>\n<p>IONICS SA \u2013 Rue des Alouettes, 1 \u2013 4042 Liers(Herstal) \u2013 Belgien \u2013 Tel. +32 (0)4 278 91 60 \u2013 <a href=\"mailto:info@ionics-group.com\">info@ionics-group.com<\/a> \u2013 <a href=\"https:\/\/www.ionics-group.com\">www.ionics-group.com<\/a>.<\/p>\n\t\t\t\t\t\t\t\t<\/div>\n\t\t\t\t<\/div>\n\t\t\t\t\t<\/div>\n\t\t\t\t<\/div>\n\t\t\t\t<\/div>\n\t\t","protected":false},"excerpt":{"rendered":"<p>Privatsph\u00e4re website ionics ag Datum: 6. Februar 2020 Leitlinien bez\u00fcglich der Einholung personenbezogener Daten Die mit dem Besucher und\/oder Partei verbundenen pers\u00f6nlichen Angaben werden gem\u00e4\u00df den Bestimmungen des Gesetzes vom 25. Mai 2018 bez\u00fcglich der Verarbeitung personenbezogener Daten verarbeitet. Konkret bedeutet das insbesondere Folgendes: Ihre personenbezogenen Daten d\u00fcrfen nur zu den bei der Erhebung angegebenen [&hellip;]<\/p>\n","protected":false},"author":1,"featured_media":0,"parent":1979,"menu_order":0,"comment_status":"closed","ping_status":"closed","template":"elementor_header_footer","meta":{"_acf_changed":false,"inline_featured_image":false,"footnotes":""},"solution":[],"class_list":["post-1984","page","type-page","status-publish","hentry"],"acf":[],"yoast_head":"<!-- This site is optimized with the Yoast SEO plugin v24.4 - https:\/\/yoast.com\/wordpress\/plugins\/seo\/ -->\n<title>Privatsph\u00e4re website ionics ag - Ionics-group<\/title>\n<meta name=\"robots\" content=\"noindex, follow, max-snippet:-1, max-image-preview:large, max-video-preview:-1\" \/>\n<meta property=\"og:locale\" content=\"de_DE\" \/>\n<meta property=\"og:type\" content=\"article\" \/>\n<meta property=\"og:title\" content=\"Privatsph\u00e4re website ionics ag - Ionics-group\" \/>\n<meta property=\"og:description\" content=\"Privatsph\u00e4re website ionics ag Datum: 6. Februar 2020 Leitlinien bez\u00fcglich der Einholung personenbezogener Daten Die mit dem Besucher und\/oder Partei verbundenen pers\u00f6nlichen Angaben werden gem\u00e4\u00df den Bestimmungen des Gesetzes vom 25. Mai 2018 bez\u00fcglich der Verarbeitung personenbezogener Daten verarbeitet. Konkret bedeutet das insbesondere Folgendes: Ihre personenbezogenen Daten d\u00fcrfen nur zu den bei der Erhebung angegebenen [&hellip;]\" \/>\n<meta property=\"og:url\" content=\"https:\/\/ionics.vps003.visible.be\/de\/allgemeine-geschaeftsbedingungen\/privatsphaere-website-ionics-ag\/\" \/>\n<meta property=\"og:site_name\" content=\"Ionics-group\" \/>\n<meta property=\"article:modified_time\" content=\"2025-02-03T16:42:10+00:00\" \/>\n<meta name=\"twitter:card\" content=\"summary_large_image\" \/>\n<meta name=\"twitter:label1\" content=\"Gesch\u00e4tzte Lesezeit\" \/>\n\t<meta name=\"twitter:data1\" content=\"2\u00a0Minuten\" \/>\n<script type=\"application\/ld+json\" class=\"yoast-schema-graph\">{\"@context\":\"https:\/\/schema.org\",\"@graph\":[{\"@type\":\"WebPage\",\"@id\":\"https:\/\/ionics.vps003.visible.be\/de\/allgemeine-geschaeftsbedingungen\/privatsphaere-website-ionics-ag\/\",\"url\":\"https:\/\/ionics.vps003.visible.be\/de\/allgemeine-geschaeftsbedingungen\/privatsphaere-website-ionics-ag\/\",\"name\":\"Privatsph\u00e4re website ionics ag - Ionics-group\",\"isPartOf\":{\"@id\":\"https:\/\/ionics.vps003.visible.be\/de\/#website\"},\"datePublished\":\"2024-08-13T12:16:11+00:00\",\"dateModified\":\"2025-02-03T16:42:10+00:00\",\"breadcrumb\":{\"@id\":\"https:\/\/ionics.vps003.visible.be\/de\/allgemeine-geschaeftsbedingungen\/privatsphaere-website-ionics-ag\/#breadcrumb\"},\"inLanguage\":\"de\",\"potentialAction\":[{\"@type\":\"ReadAction\",\"target\":[\"https:\/\/ionics.vps003.visible.be\/de\/allgemeine-geschaeftsbedingungen\/privatsphaere-website-ionics-ag\/\"]}]},{\"@type\":\"BreadcrumbList\",\"@id\":\"https:\/\/ionics.vps003.visible.be\/de\/allgemeine-geschaeftsbedingungen\/privatsphaere-website-ionics-ag\/#breadcrumb\",\"itemListElement\":[{\"@type\":\"ListItem\",\"position\":1,\"name\":\"Home\",\"item\":\"https:\/\/ionics.vps003.visible.be\/de\/\"},{\"@type\":\"ListItem\",\"position\":2,\"name\":\"Allgemeine Gesch\u00e4ftsbedingungen\",\"item\":\"https:\/\/ionics.vps003.visible.be\/de\/terms-conditions-2\/\"},{\"@type\":\"ListItem\",\"position\":3,\"name\":\"Privatsph\u00e4re website ionics ag\"}]},{\"@type\":\"WebSite\",\"@id\":\"https:\/\/ionics.vps003.visible.be\/de\/#website\",\"url\":\"https:\/\/ionics.vps003.visible.be\/de\/\",\"name\":\"Ionics-group\",\"description\":\"Surface technologies\",\"publisher\":{\"@id\":\"https:\/\/ionics.vps003.visible.be\/de\/#organization\"},\"potentialAction\":[{\"@type\":\"SearchAction\",\"target\":{\"@type\":\"EntryPoint\",\"urlTemplate\":\"https:\/\/ionics.vps003.visible.be\/de\/?s={search_term_string}\"},\"query-input\":{\"@type\":\"PropertyValueSpecification\",\"valueRequired\":true,\"valueName\":\"search_term_string\"}}],\"inLanguage\":\"de\"},{\"@type\":\"Organization\",\"@id\":\"https:\/\/ionics.vps003.visible.be\/de\/#organization\",\"name\":\"Ionics-group\",\"url\":\"https:\/\/ionics.vps003.visible.be\/de\/\",\"logo\":{\"@type\":\"ImageObject\",\"inLanguage\":\"de\",\"@id\":\"https:\/\/ionics.vps003.visible.be\/de\/#\/schema\/logo\/image\/\",\"url\":\"https:\/\/ionics.vps003.visible.be\/wp-content\/uploads\/2024\/08\/ionics10ans.svg\",\"contentUrl\":\"https:\/\/ionics.vps003.visible.be\/wp-content\/uploads\/2024\/08\/ionics10ans.svg\",\"width\":447,\"height\":179,\"caption\":\"Ionics-group\"},\"image\":{\"@id\":\"https:\/\/ionics.vps003.visible.be\/de\/#\/schema\/logo\/image\/\"}}]}<\/script>\n<!-- \/ Yoast SEO plugin. -->","yoast_head_json":{"title":"Privatsph\u00e4re website ionics ag - Ionics-group","robots":{"index":"noindex","follow":"follow","max-snippet":"max-snippet:-1","max-image-preview":"max-image-preview:large","max-video-preview":"max-video-preview:-1"},"og_locale":"de_DE","og_type":"article","og_title":"Privatsph\u00e4re website ionics ag - Ionics-group","og_description":"Privatsph\u00e4re website ionics ag Datum: 6. Februar 2020 Leitlinien bez\u00fcglich der Einholung personenbezogener Daten Die mit dem Besucher und\/oder Partei verbundenen pers\u00f6nlichen Angaben werden gem\u00e4\u00df den Bestimmungen des Gesetzes vom 25. Mai 2018 bez\u00fcglich der Verarbeitung personenbezogener Daten verarbeitet. Konkret bedeutet das insbesondere Folgendes: Ihre personenbezogenen Daten d\u00fcrfen nur zu den bei der Erhebung angegebenen [&hellip;]","og_url":"https:\/\/ionics.vps003.visible.be\/de\/allgemeine-geschaeftsbedingungen\/privatsphaere-website-ionics-ag\/","og_site_name":"Ionics-group","article_modified_time":"2025-02-03T16:42:10+00:00","twitter_card":"summary_large_image","twitter_misc":{"Gesch\u00e4tzte Lesezeit":"2\u00a0Minuten"},"schema":{"@context":"https:\/\/schema.org","@graph":[{"@type":"WebPage","@id":"https:\/\/ionics.vps003.visible.be\/de\/allgemeine-geschaeftsbedingungen\/privatsphaere-website-ionics-ag\/","url":"https:\/\/ionics.vps003.visible.be\/de\/allgemeine-geschaeftsbedingungen\/privatsphaere-website-ionics-ag\/","name":"Privatsph\u00e4re website ionics ag - Ionics-group","isPartOf":{"@id":"https:\/\/ionics.vps003.visible.be\/de\/#website"},"datePublished":"2024-08-13T12:16:11+00:00","dateModified":"2025-02-03T16:42:10+00:00","breadcrumb":{"@id":"https:\/\/ionics.vps003.visible.be\/de\/allgemeine-geschaeftsbedingungen\/privatsphaere-website-ionics-ag\/#breadcrumb"},"inLanguage":"de","potentialAction":[{"@type":"ReadAction","target":["https:\/\/ionics.vps003.visible.be\/de\/allgemeine-geschaeftsbedingungen\/privatsphaere-website-ionics-ag\/"]}]},{"@type":"BreadcrumbList","@id":"https:\/\/ionics.vps003.visible.be\/de\/allgemeine-geschaeftsbedingungen\/privatsphaere-website-ionics-ag\/#breadcrumb","itemListElement":[{"@type":"ListItem","position":1,"name":"Home","item":"https:\/\/ionics.vps003.visible.be\/de\/"},{"@type":"ListItem","position":2,"name":"Allgemeine Gesch\u00e4ftsbedingungen","item":"https:\/\/ionics.vps003.visible.be\/de\/terms-conditions-2\/"},{"@type":"ListItem","position":3,"name":"Privatsph\u00e4re website ionics ag"}]},{"@type":"WebSite","@id":"https:\/\/ionics.vps003.visible.be\/de\/#website","url":"https:\/\/ionics.vps003.visible.be\/de\/","name":"Ionics-group","description":"Surface technologies","publisher":{"@id":"https:\/\/ionics.vps003.visible.be\/de\/#organization"},"potentialAction":[{"@type":"SearchAction","target":{"@type":"EntryPoint","urlTemplate":"https:\/\/ionics.vps003.visible.be\/de\/?s={search_term_string}"},"query-input":{"@type":"PropertyValueSpecification","valueRequired":true,"valueName":"search_term_string"}}],"inLanguage":"de"},{"@type":"Organization","@id":"https:\/\/ionics.vps003.visible.be\/de\/#organization","name":"Ionics-group","url":"https:\/\/ionics.vps003.visible.be\/de\/","logo":{"@type":"ImageObject","inLanguage":"de","@id":"https:\/\/ionics.vps003.visible.be\/de\/#\/schema\/logo\/image\/","url":"https:\/\/ionics.vps003.visible.be\/wp-content\/uploads\/2024\/08\/ionics10ans.svg","contentUrl":"https:\/\/ionics.vps003.visible.be\/wp-content\/uploads\/2024\/08\/ionics10ans.svg","width":447,"height":179,"caption":"Ionics-group"},"image":{"@id":"https:\/\/ionics.vps003.visible.be\/de\/#\/schema\/logo\/image\/"}}]}},"_links":{"self":[{"href":"https:\/\/ionics.vps003.visible.be\/de\/wp-json\/wp\/v2\/pages\/1984","targetHints":{"allow":["GET"]}}],"collection":[{"href":"https:\/\/ionics.vps003.visible.be\/de\/wp-json\/wp\/v2\/pages"}],"about":[{"href":"https:\/\/ionics.vps003.visible.be\/de\/wp-json\/wp\/v2\/types\/page"}],"author":[{"embeddable":true,"href":"https:\/\/ionics.vps003.visible.be\/de\/wp-json\/wp\/v2\/users\/1"}],"replies":[{"embeddable":true,"href":"https:\/\/ionics.vps003.visible.be\/de\/wp-json\/wp\/v2\/comments?post=1984"}],"version-history":[{"count":1,"href":"https:\/\/ionics.vps003.visible.be\/de\/wp-json\/wp\/v2\/pages\/1984\/revisions"}],"predecessor-version":[{"id":1985,"href":"https:\/\/ionics.vps003.visible.be\/de\/wp-json\/wp\/v2\/pages\/1984\/revisions\/1985"}],"up":[{"embeddable":true,"href":"https:\/\/ionics.vps003.visible.be\/de\/wp-json\/wp\/v2\/pages\/1979"}],"wp:attachment":[{"href":"https:\/\/ionics.vps003.visible.be\/de\/wp-json\/wp\/v2\/media?parent=1984"}],"wp:term":[{"taxonomy":"solution","embeddable":true,"href":"https:\/\/ionics.vps003.visible.be\/de\/wp-json\/wp\/v2\/solution?post=1984"}],"curies":[{"name":"wp","href":"https:\/\/api.w.org\/{rel}","templated":true}]}}