{"id":1979,"date":"2024-08-26T16:58:45","date_gmt":"2024-08-26T14:58:45","guid":{"rendered":"https:\/\/ionics.vps003.visible.be\/allgemeine-geschaeftsbedingungen\/"},"modified":"2025-02-03T17:42:00","modified_gmt":"2025-02-03T16:42:00","slug":"allgemeine-geschaeftsbedingungen","status":"publish","type":"page","link":"https:\/\/ionics.vps003.visible.be\/de\/allgemeine-geschaeftsbedingungen\/","title":{"rendered":"Allgemeine Gesch\u00e4ftsbedingungen"},"content":{"rendered":"\t\t<div data-elementor-type=\"wp-page\" data-elementor-id=\"1979\" class=\"elementor elementor-1979 elementor-218\" data-elementor-post-type=\"page\">\n\t\t\t\t<div class=\"elementor-element elementor-element-ab5487d e-flex e-con-boxed e-con e-parent\" data-id=\"ab5487d\" data-element_type=\"container\">\n\t\t\t\t\t<div class=\"e-con-inner\">\n\t\t\t\t<div class=\"elementor-element elementor-element-888ddc5 elementor-widget elementor-widget-heading\" data-id=\"888ddc5\" data-element_type=\"widget\" data-widget_type=\"heading.default\">\n\t\t\t\t<div class=\"elementor-widget-container\">\n\t\t\t\t\t<h1 class=\"elementor-heading-title elementor-size-default\">Allgemeine Gesch\u00e4ftsbedingungen<\/h1>\t\t\t\t<\/div>\n\t\t\t\t<\/div>\n\t\t\t\t<div class=\"elementor-element elementor-element-2737d8b elementor-widget elementor-widget-text-editor\" data-id=\"2737d8b\" data-element_type=\"widget\" data-widget_type=\"text-editor.default\">\n\t\t\t\t<div class=\"elementor-widget-container\">\n\t\t\t\t\t\t\t\t\t<p>Datum: 19. April 2015<\/p>\n<h2>Rechtliche Informationen &#8211; Nutzungsbedingungen der Website<\/h2>\n<p>Die Nutzung der Website von IONICS unterliegt den nachstehenden allgemeinen Nutzungsbedingungen. Mit dem Zugriff auf diese Website erkl\u00e4ren Sie, dass Sie diese allgemeinen Nutzungsbedingungen zur Kenntnis genommen und ohne jeglichen Vorbehalt akzeptiert haben.<\/p>\n<h2>Qualit\u00e4t der Informationen und des Dienstes, Haftungsbeschr\u00e4nkung<\/h2>\n<p>IONICS hat diese Website mit h\u00f6chster Sorgfalt erstellt. Jedoch kann IONICS nicht die Korrektheit bzw. Genauigkeit aller hier angef\u00fchrten Informationen gew\u00e4hrleisten. Ebenso sollte der Nutzer beachten, dass die hier erfolgten Angaben ohne Vorank\u00fcndigung \u00c4nderungen unterliegen k\u00f6nnten. Il en r\u00e9sulte qu\u2019 IONICS d\u00e9cline toute responsabilit\u00e9 quant au contenu de son site ou \u00e0 l&#8217;utilisation qui pourrait en \u00eatre faite.   <\/p>\n<p>Gleichfalls wird der Nutzer darauf aufmerksam gemacht, dass die hier eventuell angef\u00fchrten Preislisten und Preise nur zu Informationszwecken dienen. W\u00fcnschen Sie einen offiziellen Kostenvoranschlag oder ein bindendes Angebot, dann setzen Sie sich bitte direkt mit IONICS AG, Rue des Alouettes, 1 \u2013 4042 Liers (Herstal) \u2013 Belgien \u2013 Tel. 32(0)4 278 91 60 \u2013 in<a href=\"mailto:info@ionics-group.com\">fo@ionics-group.com<\/a>, in Verbindung.  <\/p>\n<p>Inhalte von Websites, auf die der Nutzer dieser Website durch Hypertextlinks auf dieser Website weitergeleitet wird, liegen nicht in der Verantwortung von IONICS. S\u00e4mtliche mit der Nutzung solcher Websites verbundene Risiken gehen vollst\u00e4ndig auf den Nutzer \u00fcber. Er unterwirft sich auch deren Nutzungsbedingungen.  <\/p>\n<p>Dar\u00fcber hinaus kann IONICS nicht f\u00fcr Fehler bei Website-Adressen oder Domain-Namen, die auf dieser Website angef\u00fchrt werden, verantwortlich gemacht werden.<\/p>\n<p>Zwar versucht IONICS, mit allen m\u00f6glichen Kr\u00e4ften, Unterbrechungen aufgrund technischer Probleme zu verhindern, jedoch wird jegliche Haftung, die sich aus einer Unterbrechung der Dienste oder sonstiger technischer Probleme ergibt, abgelehnt.<\/p>\n<h2>Rechte am geistigen Eigentum<\/h2>\n<p>Les textes, mises en page, logos, photographies, vid\u00e9os, illustrations et autres \u00e9l\u00e9ments constitutifs du site sont prot\u00e9g\u00e9s par le droit d&#8217;auteur ou, s&#8217;agissant de bases de donn\u00e9es par un droit sp\u00e9cifique. Tous ces \u00e9l\u00e9ments constituent la propri\u00e9t\u00e9 d\u2019IONICS et des marques commercialis\u00e9es par l\u2019entreprise ou, le cas \u00e9ch\u00e9ant, d&#8217;un tiers aupr\u00e8s duquel IONICS a obtenu les autorisations n\u00e9cessaires. <\/p>\n<p>Sauf stipulation contraire, l&#8217;information textuelle ou chiffr\u00e9e figurant sur le site peut \u00eatre utilis\u00e9e gratuitement mais moyennant mention de la source et uniquement pour un usage qui ne soit ni commercial, ni publicitaire. Par contre, toute reproduction \u00e0 caract\u00e8re commercial ou publicitaire de ces informations, de m\u00eame que toutes formes d&#8217;utilisation et de reproduction des autres \u00e9l\u00e9ments constitutifs du site, tels que la ligne graphique, les images, les vid\u00e9os, les animations, les sons ou les applications informatiques, sont strictement interdites sans autorisation pr\u00e9alable. Toute demande en ce sens doit \u00eatre adress\u00e9e par \u00e9crit \u00e0 IONICS SA \u2013 Rue des Alouettes, 1 \u2013 4042 Liers(Herstal) \u2013 Belgique \u2013 Tel. 32 (0)4 278 9160 \u2013 <a href=\"mailto:info@ionics-group.com\">info@ionics-group.com<\/a>.   <\/p>\n<h2>Erstellung von Hyperlinks zur Website<\/h2>\n<p>IONICS l\u00e4sst die Erstellung einer Oberfl\u00e4chenverkn\u00fcpfung (surface linking) ohne vorherige Anfrage zu, die eine Weiterleitung auf die Einstiegsseite dieser Website oder auf eine sonstige Seite insgesamt gestattet. Wird hingegen auf irgendeine Methode zur\u00fcckgegriffen, die auf eine Einbeziehung der gesamten Website oder Teilen davon in eine andere Website abzielt und dabei verschleiert, woher zum Teil die Informationen urspr\u00fcnglich stammen, oder was zu einer Verwirrung bez\u00fcglich des eigentlichen Ursprungs der Informationen f\u00fchren k\u00f6nnte, wie Framing oder In-lining, dann ist eine schriftliche Genehmigung durch IONICS erforderlich: IONICS SA \u2013 Rue des Alouettes, 1 \u2013 4042 Liers(Herstal) \u2013 Belgien \u2013 Tel. +32 (0)4 278 9160 \u2013 <a href=\"mailto:info@ionics-group.com\">info@ionics-group.com<\/a>.   <\/p>\n<h2>\u00dcbertragene Informationen<\/h2>\n<p>Den Nutzern dieser Webseite ist die \u00dcbertragung rechtswidriger, drohender, verleumderischer, obsz\u00f6ner, vulg\u00e4rer, provozierender, pornographischer und ketzerischer Inhalte sowie jeglicher sonstiger Inhalte, die zivil- oder strafrechtlich verfolgt werden k\u00f6nnen, gem\u00e4\u00df den Gesetzen des Landes, denen diese Webseite unterstellt ist, untersagt<\/p>\n<h2>Piratage<\/h2>\n<p>Jeder Versuch oder jede Handlung eines Piratenangriffs auf die Website von IONICS wird strafrechtlich bei den Gerichten des Gerichtsbezirks L\u00fcttich (Belgien) verfolgt.<\/p>\n<h2>Ausf\u00fchrliche Kontaktdaten<\/h2>\n<p>IONICS SA \u2013 Rue des Alouettes, 1 \u2013 4042 Liers(Herstal) \u2013 Belgien \u2013 Tel. +32 (0)4 278 91 60 \u2013 <a href=\"mailto:info@ionics-group.com\">info@ionics-group.com<\/a> \u2013 www.ionics-group.com.<\/p>\t\t\t\t\t\t\t\t<\/div>\n\t\t\t\t<\/div>\n\t\t\t\t\t<\/div>\n\t\t\t\t<\/div>\n\t\t\t\t<\/div>\n\t\t","protected":false},"excerpt":{"rendered":"<p>Allgemeine Gesch\u00e4ftsbedingungen Datum: 19. April 2015 Rechtliche Informationen &#8211; Nutzungsbedingungen der Website Die Nutzung der Website von IONICS unterliegt den nachstehenden allgemeinen Nutzungsbedingungen. Mit dem Zugriff auf diese Website erkl\u00e4ren Sie, dass Sie diese allgemeinen Nutzungsbedingungen zur Kenntnis genommen und ohne jeglichen Vorbehalt akzeptiert haben. Qualit\u00e4t der Informationen und des Dienstes, Haftungsbeschr\u00e4nkung IONICS hat diese [&hellip;]<\/p>\n","protected":false},"author":1,"featured_media":0,"parent":0,"menu_order":10,"comment_status":"closed","ping_status":"closed","template":"elementor_header_footer","meta":{"_acf_changed":false,"inline_featured_image":false,"footnotes":""},"solution":[],"class_list":["post-1979","page","type-page","status-publish","hentry"],"acf":[],"yoast_head":"<!-- This site is optimized with the Yoast SEO plugin v24.4 - https:\/\/yoast.com\/wordpress\/plugins\/seo\/ -->\n<title>Allgemeine Gesch\u00e4ftsbedingungen - Ionics-group<\/title>\n<meta name=\"robots\" content=\"noindex, follow, max-snippet:-1, max-image-preview:large, max-video-preview:-1\" \/>\n<meta property=\"og:locale\" content=\"de_DE\" \/>\n<meta property=\"og:type\" content=\"article\" \/>\n<meta property=\"og:title\" content=\"Allgemeine Gesch\u00e4ftsbedingungen - Ionics-group\" \/>\n<meta property=\"og:description\" content=\"Allgemeine Gesch\u00e4ftsbedingungen Datum: 19. April 2015 Rechtliche Informationen &#8211; Nutzungsbedingungen der Website Die Nutzung der Website von IONICS unterliegt den nachstehenden allgemeinen Nutzungsbedingungen. Mit dem Zugriff auf diese Website erkl\u00e4ren Sie, dass Sie diese allgemeinen Nutzungsbedingungen zur Kenntnis genommen und ohne jeglichen Vorbehalt akzeptiert haben. Qualit\u00e4t der Informationen und des Dienstes, Haftungsbeschr\u00e4nkung IONICS hat diese [&hellip;]\" \/>\n<meta property=\"og:url\" content=\"https:\/\/ionics.vps003.visible.be\/de\/allgemeine-geschaeftsbedingungen\/\" \/>\n<meta property=\"og:site_name\" content=\"Ionics-group\" \/>\n<meta property=\"article:modified_time\" content=\"2025-02-03T16:42:00+00:00\" \/>\n<meta name=\"twitter:card\" content=\"summary_large_image\" \/>\n<meta name=\"twitter:label1\" content=\"Gesch\u00e4tzte Lesezeit\" \/>\n\t<meta name=\"twitter:data1\" content=\"3\u00a0Minuten\" \/>\n<script type=\"application\/ld+json\" class=\"yoast-schema-graph\">{\"@context\":\"https:\/\/schema.org\",\"@graph\":[{\"@type\":\"WebPage\",\"@id\":\"https:\/\/ionics.vps003.visible.be\/de\/allgemeine-geschaeftsbedingungen\/\",\"url\":\"https:\/\/ionics.vps003.visible.be\/de\/allgemeine-geschaeftsbedingungen\/\",\"name\":\"Allgemeine Gesch\u00e4ftsbedingungen - Ionics-group\",\"isPartOf\":{\"@id\":\"https:\/\/ionics.vps003.visible.be\/de\/#website\"},\"datePublished\":\"2024-08-26T14:58:45+00:00\",\"dateModified\":\"2025-02-03T16:42:00+00:00\",\"breadcrumb\":{\"@id\":\"https:\/\/ionics.vps003.visible.be\/de\/allgemeine-geschaeftsbedingungen\/#breadcrumb\"},\"inLanguage\":\"de\",\"potentialAction\":[{\"@type\":\"ReadAction\",\"target\":[\"https:\/\/ionics.vps003.visible.be\/de\/allgemeine-geschaeftsbedingungen\/\"]}]},{\"@type\":\"BreadcrumbList\",\"@id\":\"https:\/\/ionics.vps003.visible.be\/de\/allgemeine-geschaeftsbedingungen\/#breadcrumb\",\"itemListElement\":[{\"@type\":\"ListItem\",\"position\":1,\"name\":\"Home\",\"item\":\"https:\/\/ionics.vps003.visible.be\/de\/\"},{\"@type\":\"ListItem\",\"position\":2,\"name\":\"Allgemeine Gesch\u00e4ftsbedingungen\"}]},{\"@type\":\"WebSite\",\"@id\":\"https:\/\/ionics.vps003.visible.be\/de\/#website\",\"url\":\"https:\/\/ionics.vps003.visible.be\/de\/\",\"name\":\"Ionics-group\",\"description\":\"Surface technologies\",\"publisher\":{\"@id\":\"https:\/\/ionics.vps003.visible.be\/de\/#organization\"},\"potentialAction\":[{\"@type\":\"SearchAction\",\"target\":{\"@type\":\"EntryPoint\",\"urlTemplate\":\"https:\/\/ionics.vps003.visible.be\/de\/?s={search_term_string}\"},\"query-input\":{\"@type\":\"PropertyValueSpecification\",\"valueRequired\":true,\"valueName\":\"search_term_string\"}}],\"inLanguage\":\"de\"},{\"@type\":\"Organization\",\"@id\":\"https:\/\/ionics.vps003.visible.be\/de\/#organization\",\"name\":\"Ionics-group\",\"url\":\"https:\/\/ionics.vps003.visible.be\/de\/\",\"logo\":{\"@type\":\"ImageObject\",\"inLanguage\":\"de\",\"@id\":\"https:\/\/ionics.vps003.visible.be\/de\/#\/schema\/logo\/image\/\",\"url\":\"https:\/\/ionics.vps003.visible.be\/wp-content\/uploads\/2024\/08\/ionics10ans.svg\",\"contentUrl\":\"https:\/\/ionics.vps003.visible.be\/wp-content\/uploads\/2024\/08\/ionics10ans.svg\",\"width\":447,\"height\":179,\"caption\":\"Ionics-group\"},\"image\":{\"@id\":\"https:\/\/ionics.vps003.visible.be\/de\/#\/schema\/logo\/image\/\"}}]}<\/script>\n<!-- \/ Yoast SEO plugin. -->","yoast_head_json":{"title":"Allgemeine Gesch\u00e4ftsbedingungen - Ionics-group","robots":{"index":"noindex","follow":"follow","max-snippet":"max-snippet:-1","max-image-preview":"max-image-preview:large","max-video-preview":"max-video-preview:-1"},"og_locale":"de_DE","og_type":"article","og_title":"Allgemeine Gesch\u00e4ftsbedingungen - Ionics-group","og_description":"Allgemeine Gesch\u00e4ftsbedingungen Datum: 19. April 2015 Rechtliche Informationen &#8211; Nutzungsbedingungen der Website Die Nutzung der Website von IONICS unterliegt den nachstehenden allgemeinen Nutzungsbedingungen. Mit dem Zugriff auf diese Website erkl\u00e4ren Sie, dass Sie diese allgemeinen Nutzungsbedingungen zur Kenntnis genommen und ohne jeglichen Vorbehalt akzeptiert haben. Qualit\u00e4t der Informationen und des Dienstes, Haftungsbeschr\u00e4nkung IONICS hat diese [&hellip;]","og_url":"https:\/\/ionics.vps003.visible.be\/de\/allgemeine-geschaeftsbedingungen\/","og_site_name":"Ionics-group","article_modified_time":"2025-02-03T16:42:00+00:00","twitter_card":"summary_large_image","twitter_misc":{"Gesch\u00e4tzte Lesezeit":"3\u00a0Minuten"},"schema":{"@context":"https:\/\/schema.org","@graph":[{"@type":"WebPage","@id":"https:\/\/ionics.vps003.visible.be\/de\/allgemeine-geschaeftsbedingungen\/","url":"https:\/\/ionics.vps003.visible.be\/de\/allgemeine-geschaeftsbedingungen\/","name":"Allgemeine Gesch\u00e4ftsbedingungen - Ionics-group","isPartOf":{"@id":"https:\/\/ionics.vps003.visible.be\/de\/#website"},"datePublished":"2024-08-26T14:58:45+00:00","dateModified":"2025-02-03T16:42:00+00:00","breadcrumb":{"@id":"https:\/\/ionics.vps003.visible.be\/de\/allgemeine-geschaeftsbedingungen\/#breadcrumb"},"inLanguage":"de","potentialAction":[{"@type":"ReadAction","target":["https:\/\/ionics.vps003.visible.be\/de\/allgemeine-geschaeftsbedingungen\/"]}]},{"@type":"BreadcrumbList","@id":"https:\/\/ionics.vps003.visible.be\/de\/allgemeine-geschaeftsbedingungen\/#breadcrumb","itemListElement":[{"@type":"ListItem","position":1,"name":"Home","item":"https:\/\/ionics.vps003.visible.be\/de\/"},{"@type":"ListItem","position":2,"name":"Allgemeine Gesch\u00e4ftsbedingungen"}]},{"@type":"WebSite","@id":"https:\/\/ionics.vps003.visible.be\/de\/#website","url":"https:\/\/ionics.vps003.visible.be\/de\/","name":"Ionics-group","description":"Surface technologies","publisher":{"@id":"https:\/\/ionics.vps003.visible.be\/de\/#organization"},"potentialAction":[{"@type":"SearchAction","target":{"@type":"EntryPoint","urlTemplate":"https:\/\/ionics.vps003.visible.be\/de\/?s={search_term_string}"},"query-input":{"@type":"PropertyValueSpecification","valueRequired":true,"valueName":"search_term_string"}}],"inLanguage":"de"},{"@type":"Organization","@id":"https:\/\/ionics.vps003.visible.be\/de\/#organization","name":"Ionics-group","url":"https:\/\/ionics.vps003.visible.be\/de\/","logo":{"@type":"ImageObject","inLanguage":"de","@id":"https:\/\/ionics.vps003.visible.be\/de\/#\/schema\/logo\/image\/","url":"https:\/\/ionics.vps003.visible.be\/wp-content\/uploads\/2024\/08\/ionics10ans.svg","contentUrl":"https:\/\/ionics.vps003.visible.be\/wp-content\/uploads\/2024\/08\/ionics10ans.svg","width":447,"height":179,"caption":"Ionics-group"},"image":{"@id":"https:\/\/ionics.vps003.visible.be\/de\/#\/schema\/logo\/image\/"}}]}},"_links":{"self":[{"href":"https:\/\/ionics.vps003.visible.be\/de\/wp-json\/wp\/v2\/pages\/1979","targetHints":{"allow":["GET"]}}],"collection":[{"href":"https:\/\/ionics.vps003.visible.be\/de\/wp-json\/wp\/v2\/pages"}],"about":[{"href":"https:\/\/ionics.vps003.visible.be\/de\/wp-json\/wp\/v2\/types\/page"}],"author":[{"embeddable":true,"href":"https:\/\/ionics.vps003.visible.be\/de\/wp-json\/wp\/v2\/users\/1"}],"replies":[{"embeddable":true,"href":"https:\/\/ionics.vps003.visible.be\/de\/wp-json\/wp\/v2\/comments?post=1979"}],"version-history":[{"count":1,"href":"https:\/\/ionics.vps003.visible.be\/de\/wp-json\/wp\/v2\/pages\/1979\/revisions"}],"predecessor-version":[{"id":1981,"href":"https:\/\/ionics.vps003.visible.be\/de\/wp-json\/wp\/v2\/pages\/1979\/revisions\/1981"}],"wp:attachment":[{"href":"https:\/\/ionics.vps003.visible.be\/de\/wp-json\/wp\/v2\/media?parent=1979"}],"wp:term":[{"taxonomy":"solution","embeddable":true,"href":"https:\/\/ionics.vps003.visible.be\/de\/wp-json\/wp\/v2\/solution?post=1979"}],"curies":[{"name":"wp","href":"https:\/\/api.w.org\/{rel}","templated":true}]}}