{"id":1945,"date":"2025-01-06T16:03:44","date_gmt":"2025-01-06T15:03:44","guid":{"rendered":"https:\/\/ionics.vps003.visible.be\/unsere-loesungen\/technologien\/ionenimplantation\/"},"modified":"2025-02-03T17:41:37","modified_gmt":"2025-02-03T16:41:37","slug":"ionenimplantation","status":"publish","type":"page","link":"https:\/\/ionics.vps003.visible.be\/de\/unsere-loesungen\/technologien\/ionenimplantation\/","title":{"rendered":"Ionenimplantation"},"content":{"rendered":"\t\t<div data-elementor-type=\"wp-page\" data-elementor-id=\"1945\" class=\"elementor elementor-1945 elementor-1696\" data-elementor-post-type=\"page\">\n\t\t\t\t<div class=\"elementor-element elementor-element-8785e28 e-flex e-con-boxed e-con e-parent\" data-id=\"8785e28\" data-element_type=\"container\">\n\t\t\t\t\t<div class=\"e-con-inner\">\n\t\t<div class=\"elementor-element elementor-element-5c65c57 e-con-full e-flex e-con e-child\" data-id=\"5c65c57\" data-element_type=\"container\">\n\t\t\t\t<div class=\"elementor-element elementor-element-984d771 elementor-widget elementor-widget-heading\" data-id=\"984d771\" data-element_type=\"widget\" data-widget_type=\"heading.default\">\n\t\t\t\t<div class=\"elementor-widget-container\">\n\t\t\t\t\t<h1 class=\"elementor-heading-title elementor-size-default\">Ionenimplantation<\/h1>\t\t\t\t<\/div>\n\t\t\t\t<\/div>\n\t\t<div class=\"elementor-element elementor-element-067c046 e-con-full e-flex e-con e-child\" data-id=\"067c046\" data-element_type=\"container\">\n\t\t<div class=\"elementor-element elementor-element-38ba06b e-con-full e-flex e-con e-child\" data-id=\"38ba06b\" data-element_type=\"container\">\n\t\t\t\t<div class=\"elementor-element elementor-element-bc9e24e elementor-widget elementor-widget-text-editor\" data-id=\"bc9e24e\" data-element_type=\"widget\" data-widget_type=\"text-editor.default\">\n\t\t\t\t<div class=\"elementor-widget-container\">\n\t\t\t\t\t\t\t\t\t<h2>Was ist das Ionenstrahlimplantationsverfahren?<\/h2>\n<p><span data-contrast=\"auto\">Bei der Ionenstrahlimplantation (ion beam implantation process &#8211; IBI) wird ein hochenergetischer Niederdruck-Ionenstrahl verwendet, um eine Materialoberfl\u00e4che zu ver\u00e4ndern und zu verbessern. Es wurde in den 70er und 80er Jahren von Physiklabors entwickelt, die auf mikroelektronische Bereiche spezialisiert sind, um p-n-\u00dcberg\u00e4nge zu erzeugen. Damals zeigten verschiedene Studien, dass die Ionenstrahl-Implantationstechnologie die Oberfl\u00e4cheneigenschaften der implantierten Materialien erheblich verbessert: H\u00e4rte, Reibungskoeffizient, optisches Verhalten und chemische Best\u00e4ndigkeit und vieles mehr. Leider haben die Gr\u00f6\u00dfe und die Kosten der Ausr\u00fcstung eine gro\u00df angelegte industrielle Anwendung bis jetzt verhindert.   <\/span><\/p>\n<p>Seit 2017 hat IONICS dank einer starken Partnerschaft mit den Forschungszentren Ganil (Grand Acc\u00e9l\u00e9rateur National d&#8217;Ions Lourds) und CIMAP eine Reihe von Mikrobeschleunigern (<a title=\"ionGUN\" href=\"\/de\/unsere-loesungen\/maschinen-anlagenbau\/iongun\/\" target=\"_blank\" rel=\"noopener\">ionGUN<\/a>\u2122) entwickelt, die eine effiziente und kosteng\u00fcnstige Nutzung der Technologie in allen industriellen Bereichen erm\u00f6glichen. Eine ECR-Plasmaquelle (Elektronenzyklotronresonanz) erzeugt einen mehrfach geladenen Ionenstrahl von bis zu 10 mA, der mit 35 keV auf die zu behandelnde Materialoberfl\u00e4che beschleunigt wird.  Es werden verschiedene reine oder gemischte Gase verwendet, um die Oberfl\u00e4cheneigenschaften von Metallen, Gl\u00e4sern, Keramiken und Polymeren zu verbessern. Die Eindringtiefe der Ionen h\u00e4ngt vom Gas, dem Material und der Temperatur der Oberfl\u00e4che, der anf\u00e4nglichen Strahlenergie und dem Streuwinkel ab. Die Ionenimplantation ver\u00e4ndert die Oberfl\u00e4chenchemie, das mechanische Verhalten, die Kristallinit\u00e4t, die Porosit\u00e4t usw. und f\u00fchrt zu neuen Oberfl\u00e4chenleistungen und -eigenschaften ohne zus\u00e4tzliche Beschichtungen. <\/p>\n<p>Die Ionenquellen werden in bestehenden Niederdruckanlagen oder in brandneuen, vom IONICS-Ingenieurteam entwickelten Systemen eingesetzt. Laborkammern und spezielle industrielle Produktionslinien stehen f\u00fcr Demonstrationen zur Verf\u00fcgung.  <\/p>\n<p><a href=\"https:\/\/www.ionics-group.com\/en\/innovation-processes\/walibeam-industrial-platform\" target=\"_blank\" rel=\"noopener\">WALIBEAM Industrielle Plattform f\u00fcr Ionenimplantation &#8211; IONICS<\/a><\/p>\n<p>Parallel dazu hat IONICS zusammen mit dem Materia Nova R&amp;D-Zentrum innovative L\u00f6sungen und Prozesse entwickelt, die an spezifische industrielle Anforderungen angepasst sind. Die Parameter f\u00fcr die Ionenstrahlimplantation werden von Experten der Materialwissenschaft mit halbindustriellen Systemen optimiert. Neue Ger\u00e4te werden entwickelt und getestet. Wir von IONICS empfehlen MATERIA NOVA als Partner f\u00fcr Forschungsprogramme   <\/p>\n<p><a title=\"Implantation ionique - MATERIA NOVA\" href=\"https:\/\/www.materianova.be\/en\/technology\/processes\/surface-treatment-or-conversion\/ion-implantation\/\" target=\"_blank\" rel=\"noopener\">Implantation ionique &#8211; MATERIA NOVA<\/a><\/p>\n\t\t\t\t\t\t\t\t<\/div>\n\t\t\t\t<\/div>\n\t\t\t\t<\/div>\n\t\t<div class=\"elementor-element elementor-element-82ad361 e-con-full e-flex e-con e-child\" data-id=\"82ad361\" data-element_type=\"container\">\n\t\t<div class=\"elementor-element elementor-element-179323a e-con-full e-flex e-con e-child\" data-id=\"179323a\" data-element_type=\"container\" data-settings=\"{&quot;background_background&quot;:&quot;classic&quot;}\">\n\t\t\t\t<div class=\"elementor-element elementor-element-5c4a4a2 elementor-widget elementor-widget-heading\" data-id=\"5c4a4a2\" data-element_type=\"widget\" data-widget_type=\"heading.default\">\n\t\t\t\t<div class=\"elementor-widget-container\">\n\t\t\t\t\t<h2 class=\"elementor-heading-title elementor-size-default\">Dokumente<\/h2>\t\t\t\t<\/div>\n\t\t\t\t<\/div>\n\t\t\t\t<div class=\"elementor-element elementor-element-c6afa30 elementor-icon-list--layout-traditional elementor-list-item-link-full_width elementor-widget elementor-widget-icon-list\" data-id=\"c6afa30\" data-element_type=\"widget\" data-widget_type=\"icon-list.default\">\n\t\t\t\t<div class=\"elementor-widget-container\">\n\t\t\t\t\t\t\t<ul class=\"elementor-icon-list-items\">\n\t\t\t\t\t\t\t<li class=\"elementor-icon-list-item\">\n\t\t\t\t\t\t\t\t\t\t\t<a href=\"\/wp-content\/uploads\/2025\/01\/ionics-plasma-and-ion-implantation-v2-14-09-23.pdf\" target=\"_blank\">\n\n\t\t\t\t\t\t\t\t\t\t\t\t<span class=\"elementor-icon-list-icon\">\n\t\t\t\t\t\t\t<svg aria-hidden=\"true\" class=\"e-font-icon-svg e-fas-file-pdf\" viewBox=\"0 0 384 512\" xmlns=\"http:\/\/www.w3.org\/2000\/svg\"><path d=\"M181.9 256.1c-5-16-4.9-46.9-2-46.9 8.4 0 7.6 36.9 2 46.9zm-1.7 47.2c-7.7 20.2-17.3 43.3-28.4 62.7 18.3-7 39-17.2 62.9-21.9-12.7-9.6-24.9-23.4-34.5-40.8zM86.1 428.1c0 .8 13.2-5.4 34.9-40.2-6.7 6.3-29.1 24.5-34.9 40.2zM248 160h136v328c0 13.3-10.7 24-24 24H24c-13.3 0-24-10.7-24-24V24C0 10.7 10.7 0 24 0h200v136c0 13.2 10.8 24 24 24zm-8 171.8c-20-12.2-33.3-29-42.7-53.8 4.5-18.5 11.6-46.6 6.2-64.2-4.7-29.4-42.4-26.5-47.8-6.8-5 18.3-.4 44.1 8.1 77-11.6 27.6-28.7 64.6-40.8 85.8-.1 0-.1.1-.2.1-27.1 13.9-73.6 44.5-54.5 68 5.6 6.9 16 10 21.5 10 17.9 0 35.7-18 61.1-61.8 25.8-8.5 54.1-19.1 79-23.2 21.7 11.8 47.1 19.5 64 19.5 29.2 0 31.2-32 19.7-43.4-13.9-13.6-54.3-9.7-73.6-7.2zM377 105L279 7c-4.5-4.5-10.6-7-17-7h-6v128h128v-6.1c0-6.3-2.5-12.4-7-16.9zm-74.1 255.3c4.1-2.7-2.5-11.9-42.8-9 37.1 15.8 42.8 9 42.8 9z\"><\/path><\/svg>\t\t\t\t\t\t<\/span>\n\t\t\t\t\t\t\t\t\t\t<span class=\"elementor-icon-list-text\">Plasma und Ionenimplantationsl\u00f6sungen - Vakuumsysteme<\/span>\n\t\t\t\t\t\t\t\t\t\t\t<\/a>\n\t\t\t\t\t\t\t\t\t<\/li>\n\t\t\t\t\t\t<\/ul>\n\t\t\t\t\t\t<\/div>\n\t\t\t\t<\/div>\n\t\t\t\t<\/div>\n\t\t<div class=\"elementor-element elementor-element-723d423 e-con-full e-flex e-con e-child\" data-id=\"723d423\" data-element_type=\"container\">\n\t\t\t\t<\/div>\n\t\t\t\t<\/div>\n\t\t\t\t<\/div>\n\t\t\t\t<\/div>\n\t\t\t\t\t<\/div>\n\t\t\t\t<\/div>\n\t\t\t\t<\/div>\n\t\t","protected":false},"excerpt":{"rendered":"<p>Ionenimplantation Was ist das Ionenstrahlimplantationsverfahren? Bei der Ionenstrahlimplantation (ion beam implantation process &#8211; IBI) wird ein hochenergetischer Niederdruck-Ionenstrahl verwendet, um eine Materialoberfl\u00e4che zu ver\u00e4ndern und zu verbessern. Es wurde in den 70er und 80er Jahren von Physiklabors entwickelt, die auf mikroelektronische Bereiche spezialisiert sind, um p-n-\u00dcberg\u00e4nge zu erzeugen. Damals zeigten verschiedene Studien, dass die Ionenstrahl-Implantationstechnologie [&hellip;]<\/p>\n","protected":false},"author":1,"featured_media":1843,"parent":1890,"menu_order":0,"comment_status":"closed","ping_status":"closed","template":"elementor_header_footer","meta":{"_acf_changed":false,"inline_featured_image":false,"footnotes":""},"solution":[15],"class_list":["post-1945","page","type-page","status-publish","has-post-thumbnail","hentry","solution-technologies"],"acf":[],"yoast_head":"<!-- This site is optimized with the Yoast SEO plugin v24.4 - https:\/\/yoast.com\/wordpress\/plugins\/seo\/ -->\n<title>Ionenimplantation - Ionics-group<\/title>\n<meta name=\"robots\" content=\"noindex, follow, max-snippet:-1, max-image-preview:large, max-video-preview:-1\" \/>\n<meta property=\"og:locale\" content=\"de_DE\" \/>\n<meta property=\"og:type\" content=\"article\" \/>\n<meta property=\"og:title\" content=\"Ionenimplantation - Ionics-group\" \/>\n<meta property=\"og:description\" content=\"Ionenimplantation Was ist das Ionenstrahlimplantationsverfahren? Bei der Ionenstrahlimplantation (ion beam implantation process &#8211; IBI) wird ein hochenergetischer Niederdruck-Ionenstrahl verwendet, um eine Materialoberfl\u00e4che zu ver\u00e4ndern und zu verbessern. Es wurde in den 70er und 80er Jahren von Physiklabors entwickelt, die auf mikroelektronische Bereiche spezialisiert sind, um p-n-\u00dcberg\u00e4nge zu erzeugen. Damals zeigten verschiedene Studien, dass die Ionenstrahl-Implantationstechnologie [&hellip;]\" \/>\n<meta property=\"og:url\" content=\"https:\/\/ionics.vps003.visible.be\/de\/unsere-loesungen\/technologien\/ionenimplantation\/\" \/>\n<meta property=\"og:site_name\" content=\"Ionics-group\" \/>\n<meta property=\"article:modified_time\" content=\"2025-02-03T16:41:37+00:00\" \/>\n<meta property=\"og:image\" content=\"https:\/\/ionics.vps003.visible.be\/wp-content\/uploads\/2025\/01\/crbst_ion_beam.jpg\" \/>\n\t<meta property=\"og:image:width\" content=\"233\" \/>\n\t<meta property=\"og:image:height\" content=\"186\" \/>\n\t<meta property=\"og:image:type\" content=\"image\/jpeg\" \/>\n<meta name=\"twitter:card\" content=\"summary_large_image\" \/>\n<meta name=\"twitter:label1\" content=\"Gesch\u00e4tzte Lesezeit\" \/>\n\t<meta name=\"twitter:data1\" content=\"2\u00a0Minuten\" \/>\n<script type=\"application\/ld+json\" class=\"yoast-schema-graph\">{\"@context\":\"https:\/\/schema.org\",\"@graph\":[{\"@type\":\"WebPage\",\"@id\":\"https:\/\/ionics.vps003.visible.be\/de\/unsere-loesungen\/technologien\/ionenimplantation\/\",\"url\":\"https:\/\/ionics.vps003.visible.be\/de\/unsere-loesungen\/technologien\/ionenimplantation\/\",\"name\":\"Ionenimplantation - Ionics-group\",\"isPartOf\":{\"@id\":\"https:\/\/ionics.vps003.visible.be\/de\/#website\"},\"primaryImageOfPage\":{\"@id\":\"https:\/\/ionics.vps003.visible.be\/de\/unsere-loesungen\/technologien\/ionenimplantation\/#primaryimage\"},\"image\":{\"@id\":\"https:\/\/ionics.vps003.visible.be\/de\/unsere-loesungen\/technologien\/ionenimplantation\/#primaryimage\"},\"thumbnailUrl\":\"https:\/\/ionics.vps003.visible.be\/wp-content\/uploads\/2025\/01\/crbst_ion_beam.jpg\",\"datePublished\":\"2025-01-06T15:03:44+00:00\",\"dateModified\":\"2025-02-03T16:41:37+00:00\",\"breadcrumb\":{\"@id\":\"https:\/\/ionics.vps003.visible.be\/de\/unsere-loesungen\/technologien\/ionenimplantation\/#breadcrumb\"},\"inLanguage\":\"de\",\"potentialAction\":[{\"@type\":\"ReadAction\",\"target\":[\"https:\/\/ionics.vps003.visible.be\/de\/unsere-loesungen\/technologien\/ionenimplantation\/\"]}]},{\"@type\":\"ImageObject\",\"inLanguage\":\"de\",\"@id\":\"https:\/\/ionics.vps003.visible.be\/de\/unsere-loesungen\/technologien\/ionenimplantation\/#primaryimage\",\"url\":\"https:\/\/ionics.vps003.visible.be\/wp-content\/uploads\/2025\/01\/crbst_ion_beam.jpg\",\"contentUrl\":\"https:\/\/ionics.vps003.visible.be\/wp-content\/uploads\/2025\/01\/crbst_ion_beam.jpg\",\"width\":233,\"height\":186},{\"@type\":\"BreadcrumbList\",\"@id\":\"https:\/\/ionics.vps003.visible.be\/de\/unsere-loesungen\/technologien\/ionenimplantation\/#breadcrumb\",\"itemListElement\":[{\"@type\":\"ListItem\",\"position\":1,\"name\":\"Home\",\"item\":\"https:\/\/ionics.vps003.visible.be\/de\/\"},{\"@type\":\"ListItem\",\"position\":2,\"name\":\"Unsere L\u00f6sungen\",\"item\":\"https:\/\/ionics.vps003.visible.be\/de\/unsere-loesungen\/\"},{\"@type\":\"ListItem\",\"position\":3,\"name\":\"Technologien\",\"item\":\"https:\/\/ionics.vps003.visible.be\/de\/unsere-loesungen\/technologien\/\"},{\"@type\":\"ListItem\",\"position\":4,\"name\":\"Ionenimplantation\"}]},{\"@type\":\"WebSite\",\"@id\":\"https:\/\/ionics.vps003.visible.be\/de\/#website\",\"url\":\"https:\/\/ionics.vps003.visible.be\/de\/\",\"name\":\"Ionics-group\",\"description\":\"Surface technologies\",\"publisher\":{\"@id\":\"https:\/\/ionics.vps003.visible.be\/de\/#organization\"},\"potentialAction\":[{\"@type\":\"SearchAction\",\"target\":{\"@type\":\"EntryPoint\",\"urlTemplate\":\"https:\/\/ionics.vps003.visible.be\/de\/?s={search_term_string}\"},\"query-input\":{\"@type\":\"PropertyValueSpecification\",\"valueRequired\":true,\"valueName\":\"search_term_string\"}}],\"inLanguage\":\"de\"},{\"@type\":\"Organization\",\"@id\":\"https:\/\/ionics.vps003.visible.be\/de\/#organization\",\"name\":\"Ionics-group\",\"url\":\"https:\/\/ionics.vps003.visible.be\/de\/\",\"logo\":{\"@type\":\"ImageObject\",\"inLanguage\":\"de\",\"@id\":\"https:\/\/ionics.vps003.visible.be\/de\/#\/schema\/logo\/image\/\",\"url\":\"https:\/\/ionics.vps003.visible.be\/wp-content\/uploads\/2024\/08\/ionics10ans.svg\",\"contentUrl\":\"https:\/\/ionics.vps003.visible.be\/wp-content\/uploads\/2024\/08\/ionics10ans.svg\",\"width\":447,\"height\":179,\"caption\":\"Ionics-group\"},\"image\":{\"@id\":\"https:\/\/ionics.vps003.visible.be\/de\/#\/schema\/logo\/image\/\"}}]}<\/script>\n<!-- \/ Yoast SEO plugin. -->","yoast_head_json":{"title":"Ionenimplantation - Ionics-group","robots":{"index":"noindex","follow":"follow","max-snippet":"max-snippet:-1","max-image-preview":"max-image-preview:large","max-video-preview":"max-video-preview:-1"},"og_locale":"de_DE","og_type":"article","og_title":"Ionenimplantation - Ionics-group","og_description":"Ionenimplantation Was ist das Ionenstrahlimplantationsverfahren? Bei der Ionenstrahlimplantation (ion beam implantation process &#8211; IBI) wird ein hochenergetischer Niederdruck-Ionenstrahl verwendet, um eine Materialoberfl\u00e4che zu ver\u00e4ndern und zu verbessern. Es wurde in den 70er und 80er Jahren von Physiklabors entwickelt, die auf mikroelektronische Bereiche spezialisiert sind, um p-n-\u00dcberg\u00e4nge zu erzeugen. Damals zeigten verschiedene Studien, dass die Ionenstrahl-Implantationstechnologie [&hellip;]","og_url":"https:\/\/ionics.vps003.visible.be\/de\/unsere-loesungen\/technologien\/ionenimplantation\/","og_site_name":"Ionics-group","article_modified_time":"2025-02-03T16:41:37+00:00","og_image":[{"width":233,"height":186,"url":"https:\/\/ionics.vps003.visible.be\/wp-content\/uploads\/2025\/01\/crbst_ion_beam.jpg","type":"image\/jpeg"}],"twitter_card":"summary_large_image","twitter_misc":{"Gesch\u00e4tzte Lesezeit":"2\u00a0Minuten"},"schema":{"@context":"https:\/\/schema.org","@graph":[{"@type":"WebPage","@id":"https:\/\/ionics.vps003.visible.be\/de\/unsere-loesungen\/technologien\/ionenimplantation\/","url":"https:\/\/ionics.vps003.visible.be\/de\/unsere-loesungen\/technologien\/ionenimplantation\/","name":"Ionenimplantation - Ionics-group","isPartOf":{"@id":"https:\/\/ionics.vps003.visible.be\/de\/#website"},"primaryImageOfPage":{"@id":"https:\/\/ionics.vps003.visible.be\/de\/unsere-loesungen\/technologien\/ionenimplantation\/#primaryimage"},"image":{"@id":"https:\/\/ionics.vps003.visible.be\/de\/unsere-loesungen\/technologien\/ionenimplantation\/#primaryimage"},"thumbnailUrl":"https:\/\/ionics.vps003.visible.be\/wp-content\/uploads\/2025\/01\/crbst_ion_beam.jpg","datePublished":"2025-01-06T15:03:44+00:00","dateModified":"2025-02-03T16:41:37+00:00","breadcrumb":{"@id":"https:\/\/ionics.vps003.visible.be\/de\/unsere-loesungen\/technologien\/ionenimplantation\/#breadcrumb"},"inLanguage":"de","potentialAction":[{"@type":"ReadAction","target":["https:\/\/ionics.vps003.visible.be\/de\/unsere-loesungen\/technologien\/ionenimplantation\/"]}]},{"@type":"ImageObject","inLanguage":"de","@id":"https:\/\/ionics.vps003.visible.be\/de\/unsere-loesungen\/technologien\/ionenimplantation\/#primaryimage","url":"https:\/\/ionics.vps003.visible.be\/wp-content\/uploads\/2025\/01\/crbst_ion_beam.jpg","contentUrl":"https:\/\/ionics.vps003.visible.be\/wp-content\/uploads\/2025\/01\/crbst_ion_beam.jpg","width":233,"height":186},{"@type":"BreadcrumbList","@id":"https:\/\/ionics.vps003.visible.be\/de\/unsere-loesungen\/technologien\/ionenimplantation\/#breadcrumb","itemListElement":[{"@type":"ListItem","position":1,"name":"Home","item":"https:\/\/ionics.vps003.visible.be\/de\/"},{"@type":"ListItem","position":2,"name":"Unsere L\u00f6sungen","item":"https:\/\/ionics.vps003.visible.be\/de\/unsere-loesungen\/"},{"@type":"ListItem","position":3,"name":"Technologien","item":"https:\/\/ionics.vps003.visible.be\/de\/unsere-loesungen\/technologien\/"},{"@type":"ListItem","position":4,"name":"Ionenimplantation"}]},{"@type":"WebSite","@id":"https:\/\/ionics.vps003.visible.be\/de\/#website","url":"https:\/\/ionics.vps003.visible.be\/de\/","name":"Ionics-group","description":"Surface technologies","publisher":{"@id":"https:\/\/ionics.vps003.visible.be\/de\/#organization"},"potentialAction":[{"@type":"SearchAction","target":{"@type":"EntryPoint","urlTemplate":"https:\/\/ionics.vps003.visible.be\/de\/?s={search_term_string}"},"query-input":{"@type":"PropertyValueSpecification","valueRequired":true,"valueName":"search_term_string"}}],"inLanguage":"de"},{"@type":"Organization","@id":"https:\/\/ionics.vps003.visible.be\/de\/#organization","name":"Ionics-group","url":"https:\/\/ionics.vps003.visible.be\/de\/","logo":{"@type":"ImageObject","inLanguage":"de","@id":"https:\/\/ionics.vps003.visible.be\/de\/#\/schema\/logo\/image\/","url":"https:\/\/ionics.vps003.visible.be\/wp-content\/uploads\/2024\/08\/ionics10ans.svg","contentUrl":"https:\/\/ionics.vps003.visible.be\/wp-content\/uploads\/2024\/08\/ionics10ans.svg","width":447,"height":179,"caption":"Ionics-group"},"image":{"@id":"https:\/\/ionics.vps003.visible.be\/de\/#\/schema\/logo\/image\/"}}]}},"_links":{"self":[{"href":"https:\/\/ionics.vps003.visible.be\/de\/wp-json\/wp\/v2\/pages\/1945","targetHints":{"allow":["GET"]}}],"collection":[{"href":"https:\/\/ionics.vps003.visible.be\/de\/wp-json\/wp\/v2\/pages"}],"about":[{"href":"https:\/\/ionics.vps003.visible.be\/de\/wp-json\/wp\/v2\/types\/page"}],"author":[{"embeddable":true,"href":"https:\/\/ionics.vps003.visible.be\/de\/wp-json\/wp\/v2\/users\/1"}],"replies":[{"embeddable":true,"href":"https:\/\/ionics.vps003.visible.be\/de\/wp-json\/wp\/v2\/comments?post=1945"}],"version-history":[{"count":2,"href":"https:\/\/ionics.vps003.visible.be\/de\/wp-json\/wp\/v2\/pages\/1945\/revisions"}],"predecessor-version":[{"id":1992,"href":"https:\/\/ionics.vps003.visible.be\/de\/wp-json\/wp\/v2\/pages\/1945\/revisions\/1992"}],"up":[{"embeddable":true,"href":"https:\/\/ionics.vps003.visible.be\/de\/wp-json\/wp\/v2\/pages\/1890"}],"wp:featuredmedia":[{"embeddable":true,"href":"https:\/\/ionics.vps003.visible.be\/de\/wp-json\/wp\/v2\/media\/1843"}],"wp:attachment":[{"href":"https:\/\/ionics.vps003.visible.be\/de\/wp-json\/wp\/v2\/media?parent=1945"}],"wp:term":[{"taxonomy":"solution","embeddable":true,"href":"https:\/\/ionics.vps003.visible.be\/de\/wp-json\/wp\/v2\/solution?post=1945"}],"curies":[{"name":"wp","href":"https:\/\/api.w.org\/{rel}","templated":true}]}}