{"id":1938,"date":"2025-01-06T15:13:20","date_gmt":"2025-01-06T14:13:20","guid":{"rendered":"https:\/\/ionics.vps003.visible.be\/unsere-loesungen\/maschinen-anlagenbau\/ionr2r\/"},"modified":"2025-02-05T17:10:22","modified_gmt":"2025-02-05T16:10:22","slug":"ionr2r","status":"publish","type":"page","link":"https:\/\/ionics.vps003.visible.be\/de\/unsere-loesungen\/maschinen-anlagenbau\/ionr2r\/","title":{"rendered":"ionR2R\u2122"},"content":{"rendered":"\t\t<div data-elementor-type=\"wp-page\" data-elementor-id=\"1938\" class=\"elementor elementor-1938 elementor-1603\" data-elementor-post-type=\"page\">\n\t\t\t\t<div class=\"elementor-element elementor-element-1633296 e-flex e-con-boxed e-con e-parent\" data-id=\"1633296\" data-element_type=\"container\">\n\t\t\t\t\t<div class=\"e-con-inner\">\n\t\t<div class=\"elementor-element elementor-element-881bd68 e-con-full e-flex e-con e-child\" data-id=\"881bd68\" data-element_type=\"container\">\n\t\t\t\t<div class=\"elementor-element elementor-element-45ea466 elementor-widget elementor-widget-heading\" data-id=\"45ea466\" data-element_type=\"widget\" data-widget_type=\"heading.default\">\n\t\t\t\t<div class=\"elementor-widget-container\">\n\t\t\t\t\t<h1 class=\"elementor-heading-title elementor-size-default\">ionR2R\u2122 : air to air, reel to reel, industrielle Ionenimplantationsanlage<\/h1>\t\t\t\t<\/div>\n\t\t\t\t<\/div>\n\t\t<div class=\"elementor-element elementor-element-ea1ff46 e-con-full e-flex e-con e-child\" data-id=\"ea1ff46\" data-element_type=\"container\">\n\t\t<div class=\"elementor-element elementor-element-d5d966f e-con-full e-flex e-con e-child\" data-id=\"d5d966f\" data-element_type=\"container\">\n\t\t\t\t<div class=\"elementor-element elementor-element-dd967a2 elementor-widget elementor-widget-image\" data-id=\"dd967a2\" data-element_type=\"widget\" data-widget_type=\"image.default\">\n\t\t\t\t<div class=\"elementor-widget-container\">\n\t\t\t\t\t\t\t\t\t\t\t\t\t\t\t<img fetchpriority=\"high\" decoding=\"async\" width=\"675\" height=\"347\" src=\"https:\/\/ionics.vps003.visible.be\/wp-content\/uploads\/2025\/01\/ionR2R_1.jpg\" class=\"attachment-large size-large wp-image-1674\" alt=\"\" srcset=\"https:\/\/ionics.vps003.visible.be\/wp-content\/uploads\/2025\/01\/ionR2R_1.jpg 675w, https:\/\/ionics.vps003.visible.be\/wp-content\/uploads\/2025\/01\/ionR2R_1-300x154.jpg 300w\" sizes=\"(max-width: 675px) 100vw, 675px\" \/>\t\t\t\t\t\t\t\t\t\t\t\t\t\t\t<\/div>\n\t\t\t\t<\/div>\n\t\t\t\t<div class=\"elementor-element elementor-element-fc4feb3 elementor-widget elementor-widget-text-editor\" data-id=\"fc4feb3\" data-element_type=\"widget\" data-widget_type=\"text-editor.default\">\n\t\t\t\t<div class=\"elementor-widget-container\">\n\t\t\t\t\t\t\t\t\tDas ionR2R\u2122 Vakuumsystem ist f\u00fcr die Behandlung von Steckverbinderspulen durch Ionenstrahlimplantation bestimmt. Das <a href=\"\/de\/unsere-loesungen\/technologien\/\" target=\"_blank\" rel=\"noopener\">Ionenstrahlimplantationsverfahren<\/a> verbessert die Oberfl\u00e4cheneigenschaften (einschlie\u00dflich Korrosionsbest\u00e4ndigkeit, H\u00e4rte, Reibungskoeffizient, optische Eigenschaften) von Edelmetallbeschichtungen wie <b>gold<\/b>, wodurch die erforderliche Goldmenge um das Vierfache verringert wird, was zu erheblichen Einsparungen bei galvanisch <b>beschichteten Steckverbindern<\/b> f\u00fchrt. Dank eines innovativen Schleusensystems wird ein kontinuierlicher, kosteng\u00fcnstiger Luft-zu-Luft-, Rolle-zu-Rolle-Prozess erreicht. Zwei Ionenquellen (<a title=\"ionGUN\" href=\"\/de\/unsere-loesungen\/maschinen-anlagenbau\/iongun\/\" target=\"_blank\" rel=\"noopener\">ionGUN<\/a>\u2122) <br>gew\u00e4hrleisten eine homogene und gleichzeitige Behandlung auf beiden Seiten der Steckverbinderstreifen. \n\n \t\t\t\t\t\t\t\t<\/div>\n\t\t\t\t<\/div>\n\t\t\t\t<\/div>\n\t\t<div class=\"elementor-element elementor-element-0e72067 e-con-full e-flex e-con e-child\" data-id=\"0e72067\" data-element_type=\"container\">\n\t\t<div class=\"elementor-element elementor-element-4ebbc00 e-con-full e-flex e-con e-child\" data-id=\"4ebbc00\" data-element_type=\"container\" data-settings=\"{&quot;background_background&quot;:&quot;classic&quot;}\">\n\t\t\t\t<div class=\"elementor-element elementor-element-18cde00 elementor-widget elementor-widget-heading\" data-id=\"18cde00\" data-element_type=\"widget\" data-widget_type=\"heading.default\">\n\t\t\t\t<div class=\"elementor-widget-container\">\n\t\t\t\t\t<h2 class=\"elementor-heading-title elementor-size-default\">Dokumente<\/h2>\t\t\t\t<\/div>\n\t\t\t\t<\/div>\n\t\t\t\t<div class=\"elementor-element elementor-element-7427adc elementor-icon-list--layout-traditional elementor-list-item-link-full_width elementor-widget elementor-widget-icon-list\" data-id=\"7427adc\" data-element_type=\"widget\" data-widget_type=\"icon-list.default\">\n\t\t\t\t<div class=\"elementor-widget-container\">\n\t\t\t\t\t\t\t<ul class=\"elementor-icon-list-items\">\n\t\t\t\t\t\t\t<li class=\"elementor-icon-list-item\">\n\t\t\t\t\t\t\t\t\t\t\t<a href=\"\/wp-content\/uploads\/2025\/01\/ionics-technical-data-sheet-ionr2r-90-en.pdf\" target=\"_blank\">\n\n\t\t\t\t\t\t\t\t\t\t\t\t<span class=\"elementor-icon-list-icon\">\n\t\t\t\t\t\t\t<svg aria-hidden=\"true\" class=\"e-font-icon-svg e-fas-file-pdf\" viewBox=\"0 0 384 512\" xmlns=\"http:\/\/www.w3.org\/2000\/svg\"><path d=\"M181.9 256.1c-5-16-4.9-46.9-2-46.9 8.4 0 7.6 36.9 2 46.9zm-1.7 47.2c-7.7 20.2-17.3 43.3-28.4 62.7 18.3-7 39-17.2 62.9-21.9-12.7-9.6-24.9-23.4-34.5-40.8zM86.1 428.1c0 .8 13.2-5.4 34.9-40.2-6.7 6.3-29.1 24.5-34.9 40.2zM248 160h136v328c0 13.3-10.7 24-24 24H24c-13.3 0-24-10.7-24-24V24C0 10.7 10.7 0 24 0h200v136c0 13.2 10.8 24 24 24zm-8 171.8c-20-12.2-33.3-29-42.7-53.8 4.5-18.5 11.6-46.6 6.2-64.2-4.7-29.4-42.4-26.5-47.8-6.8-5 18.3-.4 44.1 8.1 77-11.6 27.6-28.7 64.6-40.8 85.8-.1 0-.1.1-.2.1-27.1 13.9-73.6 44.5-54.5 68 5.6 6.9 16 10 21.5 10 17.9 0 35.7-18 61.1-61.8 25.8-8.5 54.1-19.1 79-23.2 21.7 11.8 47.1 19.5 64 19.5 29.2 0 31.2-32 19.7-43.4-13.9-13.6-54.3-9.7-73.6-7.2zM377 105L279 7c-4.5-4.5-10.6-7-17-7h-6v128h128v-6.1c0-6.3-2.5-12.4-7-16.9zm-74.1 255.3c4.1-2.7-2.5-11.9-42.8-9 37.1 15.8 42.8 9 42.8 9z\"><\/path><\/svg>\t\t\t\t\t\t<\/span>\n\t\t\t\t\t\t\t\t\t\t<span class=\"elementor-icon-list-text\">Technical data sheet ionR2R90<\/span>\n\t\t\t\t\t\t\t\t\t\t\t<\/a>\n\t\t\t\t\t\t\t\t\t<\/li>\n\t\t\t\t\t\t\t\t<li class=\"elementor-icon-list-item\">\n\t\t\t\t\t\t\t\t\t\t\t<a href=\"\/wp-content\/uploads\/2025\/01\/ionics-plasma-and-ion-implantation-v2-14-09-23.pdf\" target=\"_blank\">\n\n\t\t\t\t\t\t\t\t\t\t\t\t<span class=\"elementor-icon-list-icon\">\n\t\t\t\t\t\t\t<svg aria-hidden=\"true\" class=\"e-font-icon-svg e-fas-file-pdf\" viewBox=\"0 0 384 512\" xmlns=\"http:\/\/www.w3.org\/2000\/svg\"><path d=\"M181.9 256.1c-5-16-4.9-46.9-2-46.9 8.4 0 7.6 36.9 2 46.9zm-1.7 47.2c-7.7 20.2-17.3 43.3-28.4 62.7 18.3-7 39-17.2 62.9-21.9-12.7-9.6-24.9-23.4-34.5-40.8zM86.1 428.1c0 .8 13.2-5.4 34.9-40.2-6.7 6.3-29.1 24.5-34.9 40.2zM248 160h136v328c0 13.3-10.7 24-24 24H24c-13.3 0-24-10.7-24-24V24C0 10.7 10.7 0 24 0h200v136c0 13.2 10.8 24 24 24zm-8 171.8c-20-12.2-33.3-29-42.7-53.8 4.5-18.5 11.6-46.6 6.2-64.2-4.7-29.4-42.4-26.5-47.8-6.8-5 18.3-.4 44.1 8.1 77-11.6 27.6-28.7 64.6-40.8 85.8-.1 0-.1.1-.2.1-27.1 13.9-73.6 44.5-54.5 68 5.6 6.9 16 10 21.5 10 17.9 0 35.7-18 61.1-61.8 25.8-8.5 54.1-19.1 79-23.2 21.7 11.8 47.1 19.5 64 19.5 29.2 0 31.2-32 19.7-43.4-13.9-13.6-54.3-9.7-73.6-7.2zM377 105L279 7c-4.5-4.5-10.6-7-17-7h-6v128h128v-6.1c0-6.3-2.5-12.4-7-16.9zm-74.1 255.3c4.1-2.7-2.5-11.9-42.8-9 37.1 15.8 42.8 9 42.8 9z\"><\/path><\/svg>\t\t\t\t\t\t<\/span>\n\t\t\t\t\t\t\t\t\t\t<span class=\"elementor-icon-list-text\">Plasma und Ionenimplantationsl\u00f6sungen - Vakuumsysteme<\/span>\n\t\t\t\t\t\t\t\t\t\t\t<\/a>\n\t\t\t\t\t\t\t\t\t<\/li>\n\t\t\t\t\t\t<\/ul>\n\t\t\t\t\t\t<\/div>\n\t\t\t\t<\/div>\n\t\t\t\t<\/div>\n\t\t<div class=\"elementor-element elementor-element-566402a e-con-full e-flex e-con e-child\" data-id=\"566402a\" data-element_type=\"container\">\n\t\t\t\t<\/div>\n\t\t\t\t<\/div>\n\t\t\t\t<\/div>\n\t\t\t\t<\/div>\n\t\t\t\t\t<\/div>\n\t\t\t\t<\/div>\n\t\t\t\t<\/div>\n\t\t","protected":false},"excerpt":{"rendered":"<p>Das ionR2R\u2122 Vakuumsystem ist f\u00fcr die Behandlung von Steckverbinderspulen durch Ionenstrahlimplantation bestimmt.<\/p>\n","protected":false},"author":1,"featured_media":862,"parent":1907,"menu_order":0,"comment_status":"closed","ping_status":"closed","template":"elementor_header_footer","meta":{"_acf_changed":false,"inline_featured_image":false,"footnotes":""},"solution":[14],"class_list":["post-1938","page","type-page","status-publish","has-post-thumbnail","hentry","solution-equipment"],"acf":[],"yoast_head":"<!-- This site is optimized with the Yoast SEO plugin v24.4 - https:\/\/yoast.com\/wordpress\/plugins\/seo\/ -->\n<title>ionR2R\u2122 - Ionics-group<\/title>\n<meta name=\"description\" content=\"ionR2R\u2122 : air to air, reel to reel, industrielle Ionenimplantationsanlage Das ionR2RTM Vakuumsystem ist f\u00fcr die Behandlung von\u2026\" \/>\n<meta name=\"robots\" content=\"noindex, follow, max-snippet:-1, max-image-preview:large, max-video-preview:-1\" \/>\n<meta property=\"og:locale\" content=\"de_DE\" \/>\n<meta property=\"og:type\" content=\"article\" \/>\n<meta property=\"og:title\" content=\"ionR2R\u2122 - Ionics-group\" \/>\n<meta property=\"og:description\" content=\"ionR2R\u2122 : air to air, reel to reel, industrielle Ionenimplantationsanlage Das ionR2RTM Vakuumsystem ist f\u00fcr die Behandlung von\u2026\" \/>\n<meta property=\"og:url\" content=\"https:\/\/ionics.vps003.visible.be\/de\/unsere-loesungen\/maschinen-anlagenbau\/ionr2r\/\" \/>\n<meta property=\"og:site_name\" content=\"Ionics-group\" \/>\n<meta property=\"article:modified_time\" content=\"2025-02-05T16:10:22+00:00\" \/>\n<meta property=\"og:image\" content=\"https:\/\/ionics.vps003.visible.be\/wp-content\/uploads\/2024\/08\/ionics-Equipment-Plameco-coatings-for-powders-fibers-and-small-parts.jpg\" \/>\n\t<meta property=\"og:image:width\" content=\"273\" \/>\n\t<meta property=\"og:image:height\" content=\"182\" \/>\n\t<meta property=\"og:image:type\" content=\"image\/jpeg\" \/>\n<meta name=\"twitter:card\" content=\"summary_large_image\" \/>\n<meta name=\"twitter:label1\" content=\"Gesch\u00e4tzte Lesezeit\" \/>\n\t<meta name=\"twitter:data1\" content=\"1\u00a0Minute\" \/>\n<script type=\"application\/ld+json\" class=\"yoast-schema-graph\">{\"@context\":\"https:\/\/schema.org\",\"@graph\":[{\"@type\":\"WebPage\",\"@id\":\"https:\/\/ionics.vps003.visible.be\/de\/unsere-loesungen\/maschinen-anlagenbau\/ionr2r\/\",\"url\":\"https:\/\/ionics.vps003.visible.be\/de\/unsere-loesungen\/maschinen-anlagenbau\/ionr2r\/\",\"name\":\"ionR2R\u2122 - Ionics-group\",\"isPartOf\":{\"@id\":\"https:\/\/ionics.vps003.visible.be\/de\/#website\"},\"primaryImageOfPage\":{\"@id\":\"https:\/\/ionics.vps003.visible.be\/de\/unsere-loesungen\/maschinen-anlagenbau\/ionr2r\/#primaryimage\"},\"image\":{\"@id\":\"https:\/\/ionics.vps003.visible.be\/de\/unsere-loesungen\/maschinen-anlagenbau\/ionr2r\/#primaryimage\"},\"thumbnailUrl\":\"https:\/\/ionics.vps003.visible.be\/wp-content\/uploads\/2024\/08\/ionics-Equipment-Plameco-coatings-for-powders-fibers-and-small-parts.jpg\",\"datePublished\":\"2025-01-06T14:13:20+00:00\",\"dateModified\":\"2025-02-05T16:10:22+00:00\",\"description\":\"ionR2R\u2122 : air to air, reel to reel, industrielle Ionenimplantationsanlage Das ionR2RTM Vakuumsystem ist f\u00fcr die Behandlung von\u2026\",\"breadcrumb\":{\"@id\":\"https:\/\/ionics.vps003.visible.be\/de\/unsere-loesungen\/maschinen-anlagenbau\/ionr2r\/#breadcrumb\"},\"inLanguage\":\"de\",\"potentialAction\":[{\"@type\":\"ReadAction\",\"target\":[\"https:\/\/ionics.vps003.visible.be\/de\/unsere-loesungen\/maschinen-anlagenbau\/ionr2r\/\"]}]},{\"@type\":\"ImageObject\",\"inLanguage\":\"de\",\"@id\":\"https:\/\/ionics.vps003.visible.be\/de\/unsere-loesungen\/maschinen-anlagenbau\/ionr2r\/#primaryimage\",\"url\":\"https:\/\/ionics.vps003.visible.be\/wp-content\/uploads\/2024\/08\/ionics-Equipment-Plameco-coatings-for-powders-fibers-and-small-parts.jpg\",\"contentUrl\":\"https:\/\/ionics.vps003.visible.be\/wp-content\/uploads\/2024\/08\/ionics-Equipment-Plameco-coatings-for-powders-fibers-and-small-parts.jpg\",\"width\":273,\"height\":182},{\"@type\":\"BreadcrumbList\",\"@id\":\"https:\/\/ionics.vps003.visible.be\/de\/unsere-loesungen\/maschinen-anlagenbau\/ionr2r\/#breadcrumb\",\"itemListElement\":[{\"@type\":\"ListItem\",\"position\":1,\"name\":\"Home\",\"item\":\"https:\/\/ionics.vps003.visible.be\/de\/\"},{\"@type\":\"ListItem\",\"position\":2,\"name\":\"Unsere L\u00f6sungen\",\"item\":\"https:\/\/ionics.vps003.visible.be\/de\/unsere-loesungen\/\"},{\"@type\":\"ListItem\",\"position\":3,\"name\":\"Maschinen- &amp; Anlagenbau\",\"item\":\"https:\/\/ionics.vps003.visible.be\/de\/unsere-loesungen\/maschinen-anlagenbau\/\"},{\"@type\":\"ListItem\",\"position\":4,\"name\":\"ionR2R\u2122\"}]},{\"@type\":\"WebSite\",\"@id\":\"https:\/\/ionics.vps003.visible.be\/de\/#website\",\"url\":\"https:\/\/ionics.vps003.visible.be\/de\/\",\"name\":\"Ionics-group\",\"description\":\"Surface technologies\",\"publisher\":{\"@id\":\"https:\/\/ionics.vps003.visible.be\/de\/#organization\"},\"potentialAction\":[{\"@type\":\"SearchAction\",\"target\":{\"@type\":\"EntryPoint\",\"urlTemplate\":\"https:\/\/ionics.vps003.visible.be\/de\/?s={search_term_string}\"},\"query-input\":{\"@type\":\"PropertyValueSpecification\",\"valueRequired\":true,\"valueName\":\"search_term_string\"}}],\"inLanguage\":\"de\"},{\"@type\":\"Organization\",\"@id\":\"https:\/\/ionics.vps003.visible.be\/de\/#organization\",\"name\":\"Ionics-group\",\"url\":\"https:\/\/ionics.vps003.visible.be\/de\/\",\"logo\":{\"@type\":\"ImageObject\",\"inLanguage\":\"de\",\"@id\":\"https:\/\/ionics.vps003.visible.be\/de\/#\/schema\/logo\/image\/\",\"url\":\"https:\/\/ionics.vps003.visible.be\/wp-content\/uploads\/2024\/08\/ionics10ans.svg\",\"contentUrl\":\"https:\/\/ionics.vps003.visible.be\/wp-content\/uploads\/2024\/08\/ionics10ans.svg\",\"width\":447,\"height\":179,\"caption\":\"Ionics-group\"},\"image\":{\"@id\":\"https:\/\/ionics.vps003.visible.be\/de\/#\/schema\/logo\/image\/\"}}]}<\/script>\n<!-- \/ Yoast SEO plugin. -->","yoast_head_json":{"title":"ionR2R\u2122 - Ionics-group","description":"ionR2R\u2122 : air to air, reel to reel, industrielle Ionenimplantationsanlage Das ionR2RTM Vakuumsystem ist f\u00fcr die Behandlung von\u2026","robots":{"index":"noindex","follow":"follow","max-snippet":"max-snippet:-1","max-image-preview":"max-image-preview:large","max-video-preview":"max-video-preview:-1"},"og_locale":"de_DE","og_type":"article","og_title":"ionR2R\u2122 - Ionics-group","og_description":"ionR2R\u2122 : air to air, reel to reel, industrielle Ionenimplantationsanlage Das ionR2RTM Vakuumsystem ist f\u00fcr die Behandlung von\u2026","og_url":"https:\/\/ionics.vps003.visible.be\/de\/unsere-loesungen\/maschinen-anlagenbau\/ionr2r\/","og_site_name":"Ionics-group","article_modified_time":"2025-02-05T16:10:22+00:00","og_image":[{"width":273,"height":182,"url":"https:\/\/ionics.vps003.visible.be\/wp-content\/uploads\/2024\/08\/ionics-Equipment-Plameco-coatings-for-powders-fibers-and-small-parts.jpg","type":"image\/jpeg"}],"twitter_card":"summary_large_image","twitter_misc":{"Gesch\u00e4tzte Lesezeit":"1\u00a0Minute"},"schema":{"@context":"https:\/\/schema.org","@graph":[{"@type":"WebPage","@id":"https:\/\/ionics.vps003.visible.be\/de\/unsere-loesungen\/maschinen-anlagenbau\/ionr2r\/","url":"https:\/\/ionics.vps003.visible.be\/de\/unsere-loesungen\/maschinen-anlagenbau\/ionr2r\/","name":"ionR2R\u2122 - Ionics-group","isPartOf":{"@id":"https:\/\/ionics.vps003.visible.be\/de\/#website"},"primaryImageOfPage":{"@id":"https:\/\/ionics.vps003.visible.be\/de\/unsere-loesungen\/maschinen-anlagenbau\/ionr2r\/#primaryimage"},"image":{"@id":"https:\/\/ionics.vps003.visible.be\/de\/unsere-loesungen\/maschinen-anlagenbau\/ionr2r\/#primaryimage"},"thumbnailUrl":"https:\/\/ionics.vps003.visible.be\/wp-content\/uploads\/2024\/08\/ionics-Equipment-Plameco-coatings-for-powders-fibers-and-small-parts.jpg","datePublished":"2025-01-06T14:13:20+00:00","dateModified":"2025-02-05T16:10:22+00:00","description":"ionR2R\u2122 : air to air, reel to reel, industrielle Ionenimplantationsanlage Das ionR2RTM Vakuumsystem ist f\u00fcr die Behandlung von\u2026","breadcrumb":{"@id":"https:\/\/ionics.vps003.visible.be\/de\/unsere-loesungen\/maschinen-anlagenbau\/ionr2r\/#breadcrumb"},"inLanguage":"de","potentialAction":[{"@type":"ReadAction","target":["https:\/\/ionics.vps003.visible.be\/de\/unsere-loesungen\/maschinen-anlagenbau\/ionr2r\/"]}]},{"@type":"ImageObject","inLanguage":"de","@id":"https:\/\/ionics.vps003.visible.be\/de\/unsere-loesungen\/maschinen-anlagenbau\/ionr2r\/#primaryimage","url":"https:\/\/ionics.vps003.visible.be\/wp-content\/uploads\/2024\/08\/ionics-Equipment-Plameco-coatings-for-powders-fibers-and-small-parts.jpg","contentUrl":"https:\/\/ionics.vps003.visible.be\/wp-content\/uploads\/2024\/08\/ionics-Equipment-Plameco-coatings-for-powders-fibers-and-small-parts.jpg","width":273,"height":182},{"@type":"BreadcrumbList","@id":"https:\/\/ionics.vps003.visible.be\/de\/unsere-loesungen\/maschinen-anlagenbau\/ionr2r\/#breadcrumb","itemListElement":[{"@type":"ListItem","position":1,"name":"Home","item":"https:\/\/ionics.vps003.visible.be\/de\/"},{"@type":"ListItem","position":2,"name":"Unsere L\u00f6sungen","item":"https:\/\/ionics.vps003.visible.be\/de\/unsere-loesungen\/"},{"@type":"ListItem","position":3,"name":"Maschinen- &amp; Anlagenbau","item":"https:\/\/ionics.vps003.visible.be\/de\/unsere-loesungen\/maschinen-anlagenbau\/"},{"@type":"ListItem","position":4,"name":"ionR2R\u2122"}]},{"@type":"WebSite","@id":"https:\/\/ionics.vps003.visible.be\/de\/#website","url":"https:\/\/ionics.vps003.visible.be\/de\/","name":"Ionics-group","description":"Surface technologies","publisher":{"@id":"https:\/\/ionics.vps003.visible.be\/de\/#organization"},"potentialAction":[{"@type":"SearchAction","target":{"@type":"EntryPoint","urlTemplate":"https:\/\/ionics.vps003.visible.be\/de\/?s={search_term_string}"},"query-input":{"@type":"PropertyValueSpecification","valueRequired":true,"valueName":"search_term_string"}}],"inLanguage":"de"},{"@type":"Organization","@id":"https:\/\/ionics.vps003.visible.be\/de\/#organization","name":"Ionics-group","url":"https:\/\/ionics.vps003.visible.be\/de\/","logo":{"@type":"ImageObject","inLanguage":"de","@id":"https:\/\/ionics.vps003.visible.be\/de\/#\/schema\/logo\/image\/","url":"https:\/\/ionics.vps003.visible.be\/wp-content\/uploads\/2024\/08\/ionics10ans.svg","contentUrl":"https:\/\/ionics.vps003.visible.be\/wp-content\/uploads\/2024\/08\/ionics10ans.svg","width":447,"height":179,"caption":"Ionics-group"},"image":{"@id":"https:\/\/ionics.vps003.visible.be\/de\/#\/schema\/logo\/image\/"}}]}},"_links":{"self":[{"href":"https:\/\/ionics.vps003.visible.be\/de\/wp-json\/wp\/v2\/pages\/1938","targetHints":{"allow":["GET"]}}],"collection":[{"href":"https:\/\/ionics.vps003.visible.be\/de\/wp-json\/wp\/v2\/pages"}],"about":[{"href":"https:\/\/ionics.vps003.visible.be\/de\/wp-json\/wp\/v2\/types\/page"}],"author":[{"embeddable":true,"href":"https:\/\/ionics.vps003.visible.be\/de\/wp-json\/wp\/v2\/users\/1"}],"replies":[{"embeddable":true,"href":"https:\/\/ionics.vps003.visible.be\/de\/wp-json\/wp\/v2\/comments?post=1938"}],"version-history":[{"count":2,"href":"https:\/\/ionics.vps003.visible.be\/de\/wp-json\/wp\/v2\/pages\/1938\/revisions"}],"predecessor-version":[{"id":2405,"href":"https:\/\/ionics.vps003.visible.be\/de\/wp-json\/wp\/v2\/pages\/1938\/revisions\/2405"}],"up":[{"embeddable":true,"href":"https:\/\/ionics.vps003.visible.be\/de\/wp-json\/wp\/v2\/pages\/1907"}],"wp:featuredmedia":[{"embeddable":true,"href":"https:\/\/ionics.vps003.visible.be\/de\/wp-json\/wp\/v2\/media\/862"}],"wp:attachment":[{"href":"https:\/\/ionics.vps003.visible.be\/de\/wp-json\/wp\/v2\/media?parent=1938"}],"wp:term":[{"taxonomy":"solution","embeddable":true,"href":"https:\/\/ionics.vps003.visible.be\/de\/wp-json\/wp\/v2\/solution?post=1938"}],"curies":[{"name":"wp","href":"https:\/\/api.w.org\/{rel}","templated":true}]}}