{"id":1928,"date":"2024-12-19T10:59:54","date_gmt":"2024-12-19T09:59:54","guid":{"rendered":"https:\/\/ionics.vps003.visible.be\/unsere-loesungen\/maschinen-anlagenbau\/ionlab\/"},"modified":"2025-02-03T17:41:43","modified_gmt":"2025-02-03T16:41:43","slug":"ionlab","status":"publish","type":"page","link":"https:\/\/ionics.vps003.visible.be\/de\/unsere-loesungen\/maschinen-anlagenbau\/ionlab\/","title":{"rendered":"ionLAB\u2122"},"content":{"rendered":"\t\t<div data-elementor-type=\"wp-page\" data-elementor-id=\"1928\" class=\"elementor elementor-1928 elementor-1585\" data-elementor-post-type=\"page\">\n\t\t\t\t<div class=\"elementor-element elementor-element-62994a9 e-flex e-con-boxed e-con e-parent\" data-id=\"62994a9\" data-element_type=\"container\">\n\t\t\t\t\t<div class=\"e-con-inner\">\n\t\t<div class=\"elementor-element elementor-element-0151dcf e-con-full e-flex e-con e-child\" data-id=\"0151dcf\" data-element_type=\"container\">\n\t\t\t\t<div class=\"elementor-element elementor-element-3648a8f elementor-widget elementor-widget-heading\" data-id=\"3648a8f\" data-element_type=\"widget\" data-widget_type=\"heading.default\">\n\t\t\t\t<div class=\"elementor-widget-container\">\n\t\t\t\t\t<h1 class=\"elementor-heading-title elementor-size-default\">ionLAB\u2122: Ionenimplantationstechnologie und -verarbeitung<\/h1>\t\t\t\t<\/div>\n\t\t\t\t<\/div>\n\t\t<div class=\"elementor-element elementor-element-72d200f e-con-full e-flex e-con e-child\" data-id=\"72d200f\" data-element_type=\"container\">\n\t\t<div class=\"elementor-element elementor-element-b64fe90 e-con-full e-flex e-con e-child\" data-id=\"b64fe90\" data-element_type=\"container\">\n\t\t\t\t<div class=\"elementor-element elementor-element-f942a7e elementor-widget elementor-widget-text-editor\" data-id=\"f942a7e\" data-element_type=\"widget\" data-widget_type=\"text-editor.default\">\n\t\t\t\t<div class=\"elementor-widget-container\">\n\t\t\t\t\t\t\t\t\t<p>Ein Mikrobeschleuniger von Teilchen erzeugt einen hochenergetischen Ionenstrahl, der in der Lage ist, die Oberfl\u00e4che von Materialien zu durchdringen und ihre Eigenschaften ohne irgendeine Beschichtung zu verbessern. Die Eindringtiefe kann bis zu 10 Mikrometer betragen und die Behandlungseffekte sind noch bis 1mm messbar. Abh\u00e4ngig von der Art der implantierten Ionen und den Prozessparametern, k\u00f6nnen Sie eine chemische Ver\u00e4nderung, einen Dopingwirkung , eine Oberfl\u00e4chenamorphisierung, eine erneute Legierung oder eine Nanostrukturierung erhalten. Die Teiletemperatur \u00fcberschreitet nie 80 \u00b0 C: eine kalte Metallurgie. Die Technologie k\u00f6nnte mit anderen Niederdrucktechnologien wie PVD- und PECVD-Verfahren kombiniert werden, um noch mehr bahnbrechende Eigenschaften zu erhalten.    <\/p>\n<p>Das Design des Ionenmikrobeschleunigers ist speziell f\u00fcr industrielle Anwendungen geeignet, wobei die bekannten Hindernisse und Probleme solcher Prozesse vermieden werden. Effizienz, Zuverl\u00e4ssigkeit, Einfachheit und Flexibilit\u00e4t waren die Schl\u00fcsselw\u00f6rter bei der Entwicklung. Das System besteht haupts\u00e4chlich aus den Mikrobeschleuniger Teilchen und aus einer Vakuumkammer (10-3 mbar). Das Gesamtdesign der Industrielinie wird von unseren Ingenieuren an Ihre Anwendung angepasst: kontinuierliche oder Batch Prozesse; zus\u00e4tzliche Plasmaquellen; Scanstrahlen f\u00fcr gro\u00dfe Oberfl\u00e4chenbehandlungen; angepasst f\u00fcr flache Oberfl\u00e4chen, lose Teile oder komplizierte 3D Formen, usw.   <\/p>\n<h2>Hauptprozess Vorteile:<\/h2>\n<ul>\n<li>Tieftemperatur-Oberfl\u00e4chenbehandlung: urspr\u00fcngliche Eigenschaften des Sch\u00fcttmaterial bleiben erhalten<\/li>\n<li>Keine Beschichtungen: Die Entlaminierung ist unm\u00f6glich, da das Material selbst in seiner Tiefe ver\u00e4ndert ist<\/li>\n<li>Teilegeometrie bleibt unver\u00e4ndert: keine erneute Bearbeitung<\/li>\n<li>Pr\u00e4zise und lokalisierte Oberfl\u00e4chenbehandlung: Prozesszeit und technische Endleistungen optimiert<\/li>\n<li>Elektrische Leitf\u00e4higkeit ist nicht erforderlich: alle nicht leitenden Materialien k\u00f6nnten behandelt werden<\/li>\n<li>Umweltfreundlicher Trockenprozess<\/li>\n<\/ul>\n<p>Nach der ersten industriellen Linie f\u00fcr die Behandlung von flachen Substraten und neben der ionLABTM F&amp;E-Ger\u00e4t sind, dankt dem Walibeam-Projekt und dank der Unterst\u00fctzung der wallonischen Region und Europas, neue Industrieeinrichtungen f\u00fcr 3D-Teile, Losteilen und Spulenbehandlung, f\u00fcr 2019 geplant.  <\/p>\n\t\t\t\t\t\t\t\t<\/div>\n\t\t\t\t<\/div>\n\t\t\t\t<\/div>\n\t\t<div class=\"elementor-element elementor-element-7477157 e-con-full e-flex e-con e-child\" data-id=\"7477157\" data-element_type=\"container\">\n\t\t<div class=\"elementor-element elementor-element-68bbe55 e-con-full e-flex e-con e-child\" data-id=\"68bbe55\" data-element_type=\"container\" data-settings=\"{&quot;background_background&quot;:&quot;classic&quot;}\">\n\t\t\t\t<div class=\"elementor-element elementor-element-306ef9f elementor-widget elementor-widget-heading\" data-id=\"306ef9f\" data-element_type=\"widget\" data-widget_type=\"heading.default\">\n\t\t\t\t<div class=\"elementor-widget-container\">\n\t\t\t\t\t<h2 class=\"elementor-heading-title elementor-size-default\">Dokumente<\/h2>\t\t\t\t<\/div>\n\t\t\t\t<\/div>\n\t\t\t\t<div class=\"elementor-element elementor-element-943e2b1 elementor-icon-list--layout-traditional elementor-list-item-link-full_width elementor-widget elementor-widget-icon-list\" data-id=\"943e2b1\" data-element_type=\"widget\" data-widget_type=\"icon-list.default\">\n\t\t\t\t<div class=\"elementor-widget-container\">\n\t\t\t\t\t\t\t<ul class=\"elementor-icon-list-items\">\n\t\t\t\t\t\t\t<li class=\"elementor-icon-list-item\">\n\t\t\t\t\t\t\t\t\t\t\t<a href=\"\/wp-content\/uploads\/2024\/08\/Ionjet-Plasmatorches_EN.pdf\" target=\"_blank\">\n\n\t\t\t\t\t\t\t\t\t\t\t\t<span class=\"elementor-icon-list-icon\">\n\t\t\t\t\t\t\t<svg aria-hidden=\"true\" class=\"e-font-icon-svg e-fas-file-pdf\" viewBox=\"0 0 384 512\" xmlns=\"http:\/\/www.w3.org\/2000\/svg\"><path d=\"M181.9 256.1c-5-16-4.9-46.9-2-46.9 8.4 0 7.6 36.9 2 46.9zm-1.7 47.2c-7.7 20.2-17.3 43.3-28.4 62.7 18.3-7 39-17.2 62.9-21.9-12.7-9.6-24.9-23.4-34.5-40.8zM86.1 428.1c0 .8 13.2-5.4 34.9-40.2-6.7 6.3-29.1 24.5-34.9 40.2zM248 160h136v328c0 13.3-10.7 24-24 24H24c-13.3 0-24-10.7-24-24V24C0 10.7 10.7 0 24 0h200v136c0 13.2 10.8 24 24 24zm-8 171.8c-20-12.2-33.3-29-42.7-53.8 4.5-18.5 11.6-46.6 6.2-64.2-4.7-29.4-42.4-26.5-47.8-6.8-5 18.3-.4 44.1 8.1 77-11.6 27.6-28.7 64.6-40.8 85.8-.1 0-.1.1-.2.1-27.1 13.9-73.6 44.5-54.5 68 5.6 6.9 16 10 21.5 10 17.9 0 35.7-18 61.1-61.8 25.8-8.5 54.1-19.1 79-23.2 21.7 11.8 47.1 19.5 64 19.5 29.2 0 31.2-32 19.7-43.4-13.9-13.6-54.3-9.7-73.6-7.2zM377 105L279 7c-4.5-4.5-10.6-7-17-7h-6v128h128v-6.1c0-6.3-2.5-12.4-7-16.9zm-74.1 255.3c4.1-2.7-2.5-11.9-42.8-9 37.1 15.8 42.8 9 42.8 9z\"><\/path><\/svg>\t\t\t\t\t\t<\/span>\n\t\t\t\t\t\t\t\t\t\t<span class=\"elementor-icon-list-text\">ionJET\u2122 plasma equipment<\/span>\n\t\t\t\t\t\t\t\t\t\t\t<\/a>\n\t\t\t\t\t\t\t\t\t<\/li>\n\t\t\t\t\t\t\t\t<li class=\"elementor-icon-list-item\">\n\t\t\t\t\t\t\t\t\t\t\t<a href=\"https:\/\/youtu.be\/wgHpVAgfGVE\" target=\"_blank\">\n\n\t\t\t\t\t\t\t\t\t\t\t\t<span class=\"elementor-icon-list-icon\">\n\t\t\t\t\t\t\t<svg aria-hidden=\"true\" class=\"e-font-icon-svg e-fab-youtube\" viewBox=\"0 0 576 512\" xmlns=\"http:\/\/www.w3.org\/2000\/svg\"><path d=\"M549.655 124.083c-6.281-23.65-24.787-42.276-48.284-48.597C458.781 64 288 64 288 64S117.22 64 74.629 75.486c-23.497 6.322-42.003 24.947-48.284 48.597-11.412 42.867-11.412 132.305-11.412 132.305s0 89.438 11.412 132.305c6.281 23.65 24.787 41.5 48.284 47.821C117.22 448 288 448 288 448s170.78 0 213.371-11.486c23.497-6.321 42.003-24.171 48.284-47.821 11.412-42.867 11.412-132.305 11.412-132.305s0-89.438-11.412-132.305zm-317.51 213.508V175.185l142.739 81.205-142.739 81.201z\"><\/path><\/svg>\t\t\t\t\t\t<\/span>\n\t\t\t\t\t\t\t\t\t\t<span class=\"elementor-icon-list-text\">ionJET\u2122 cleaning solution<\/span>\n\t\t\t\t\t\t\t\t\t\t\t<\/a>\n\t\t\t\t\t\t\t\t\t<\/li>\n\t\t\t\t\t\t\t\t<li class=\"elementor-icon-list-item\">\n\t\t\t\t\t\t\t\t\t\t\t<a href=\"https:\/\/youtu.be\/IBkiRGEJWKs\" target=\"_blank\">\n\n\t\t\t\t\t\t\t\t\t\t\t\t<span class=\"elementor-icon-list-icon\">\n\t\t\t\t\t\t\t<svg aria-hidden=\"true\" class=\"e-font-icon-svg e-fab-youtube\" viewBox=\"0 0 576 512\" xmlns=\"http:\/\/www.w3.org\/2000\/svg\"><path d=\"M549.655 124.083c-6.281-23.65-24.787-42.276-48.284-48.597C458.781 64 288 64 288 64S117.22 64 74.629 75.486c-23.497 6.322-42.003 24.947-48.284 48.597-11.412 42.867-11.412 132.305-11.412 132.305s0 89.438 11.412 132.305c6.281 23.65 24.787 41.5 48.284 47.821C117.22 448 288 448 288 448s170.78 0 213.371-11.486c23.497-6.321 42.003-24.171 48.284-47.821 11.412-42.867 11.412-132.305 11.412-132.305s0-89.438-11.412-132.305zm-317.51 213.508V175.185l142.739 81.205-142.739 81.201z\"><\/path><\/svg>\t\t\t\t\t\t<\/span>\n\t\t\t\t\t\t\t\t\t\t<span class=\"elementor-icon-list-text\">ionJET\u2122 air degreasing<\/span>\n\t\t\t\t\t\t\t\t\t\t\t<\/a>\n\t\t\t\t\t\t\t\t\t<\/li>\n\t\t\t\t\t\t\t\t<li class=\"elementor-icon-list-item\">\n\t\t\t\t\t\t\t\t\t\t\t<a href=\"https:\/\/youtu.be\/43nOIwUzepw\" target=\"_blank\">\n\n\t\t\t\t\t\t\t\t\t\t\t\t<span class=\"elementor-icon-list-icon\">\n\t\t\t\t\t\t\t<svg aria-hidden=\"true\" class=\"e-font-icon-svg e-fab-youtube\" viewBox=\"0 0 576 512\" xmlns=\"http:\/\/www.w3.org\/2000\/svg\"><path d=\"M549.655 124.083c-6.281-23.65-24.787-42.276-48.284-48.597C458.781 64 288 64 288 64S117.22 64 74.629 75.486c-23.497 6.322-42.003 24.947-48.284 48.597-11.412 42.867-11.412 132.305-11.412 132.305s0 89.438 11.412 132.305c6.281 23.65 24.787 41.5 48.284 47.821C117.22 448 288 448 288 448s170.78 0 213.371-11.486c23.497-6.321 42.003-24.171 48.284-47.821 11.412-42.867 11.412-132.305 11.412-132.305s0-89.438-11.412-132.305zm-317.51 213.508V175.185l142.739 81.205-142.739 81.201z\"><\/path><\/svg>\t\t\t\t\t\t<\/span>\n\t\t\t\t\t\t\t\t\t\t<span class=\"elementor-icon-list-text\">ionJET\u2122 On Diverse Substrates<\/span>\n\t\t\t\t\t\t\t\t\t\t\t<\/a>\n\t\t\t\t\t\t\t\t\t<\/li>\n\t\t\t\t\t\t<\/ul>\n\t\t\t\t\t\t<\/div>\n\t\t\t\t<\/div>\n\t\t\t\t<\/div>\n\t\t<div class=\"elementor-element elementor-element-898112e e-con-full e-flex e-con e-child\" data-id=\"898112e\" data-element_type=\"container\">\n\t\t\t\t<div class=\"elementor-element elementor-element-c5d699d elementor-widget elementor-widget-image\" data-id=\"c5d699d\" data-element_type=\"widget\" data-widget_type=\"image.default\">\n\t\t\t\t<div class=\"elementor-widget-container\">\n\t\t\t\t\t\t\t\t\t\t\t\t\t\t\t<img fetchpriority=\"high\" decoding=\"async\" width=\"800\" height=\"604\" src=\"https:\/\/ionics.vps003.visible.be\/wp-content\/uploads\/2024\/12\/IONLAB-R-1024x773.jpg\" class=\"attachment-large size-large wp-image-1587\" alt=\"\" srcset=\"https:\/\/ionics.vps003.visible.be\/wp-content\/uploads\/2024\/12\/IONLAB-R-1024x773.jpg 1024w, https:\/\/ionics.vps003.visible.be\/wp-content\/uploads\/2024\/12\/IONLAB-R-300x226.jpg 300w, https:\/\/ionics.vps003.visible.be\/wp-content\/uploads\/2024\/12\/IONLAB-R-768x580.jpg 768w, https:\/\/ionics.vps003.visible.be\/wp-content\/uploads\/2024\/12\/IONLAB-R-1536x1159.jpg 1536w, https:\/\/ionics.vps003.visible.be\/wp-content\/uploads\/2024\/12\/IONLAB-R.jpg 1920w\" sizes=\"(max-width: 800px) 100vw, 800px\" \/>\t\t\t\t\t\t\t\t\t\t\t\t\t\t\t<\/div>\n\t\t\t\t<\/div>\n\t\t\t\t<div class=\"elementor-element elementor-element-f288516 elementor-widget elementor-widget-text-editor\" data-id=\"f288516\" data-element_type=\"widget\" data-widget_type=\"text-editor.default\">\n\t\t\t\t<div class=\"elementor-widget-container\">\n\t\t\t\t\t\t\t\t\t<p>Unter anderen Oberfl\u00e4cheneigenschaften k\u00f6nnen wir erh\u00f6hten Widerstand, h\u00e4rte und niedrigeren Reibungskoeffizienten, h\u00f6here Transparenz, erh\u00f6hte Korrosionsbest\u00e4ndigkeit, elektrische Leitf\u00e4higkeit erw\u00e4hnen. Behandelte Materialien sind : Metalle, Keramiken, Polymere und Elastomere, Glas, Saphir, Cermets und so weiter. <\/p>\n\t\t\t\t\t\t\t\t<\/div>\n\t\t\t\t<\/div>\n\t\t\t\t<\/div>\n\t\t\t\t<\/div>\n\t\t\t\t<\/div>\n\t\t\t\t<\/div>\n\t\t\t\t\t<\/div>\n\t\t\t\t<\/div>\n\t\t\t\t<\/div>\n\t\t","protected":false},"excerpt":{"rendered":"<p>ionLAB\u2122: Ionenimplantationstechnologie und -verarbeitung Ein Mikrobeschleuniger von Teilchen erzeugt einen hochenergetischen Ionenstrahl, der in der Lage ist, die Oberfl\u00e4che von Materialien zu durchdringen und ihre Eigenschaften ohne irgendeine Beschichtung zu verbessern. Die Eindringtiefe kann bis zu 10 Mikrometer betragen und die Behandlungseffekte sind noch bis 1mm messbar. Abh\u00e4ngig von der Art der implantierten Ionen und [&hellip;]<\/p>\n","protected":false},"author":1,"featured_media":855,"parent":1907,"menu_order":0,"comment_status":"closed","ping_status":"closed","template":"elementor_header_footer","meta":{"_acf_changed":false,"inline_featured_image":false,"footnotes":""},"solution":[14],"class_list":["post-1928","page","type-page","status-publish","has-post-thumbnail","hentry","solution-equipment"],"acf":[],"yoast_head":"<!-- This site is optimized with the Yoast SEO plugin v24.4 - https:\/\/yoast.com\/wordpress\/plugins\/seo\/ -->\n<title>ionLAB\u2122 - Ionics-group<\/title>\n<meta name=\"robots\" content=\"noindex, follow, max-snippet:-1, max-image-preview:large, max-video-preview:-1\" \/>\n<meta property=\"og:locale\" content=\"de_DE\" \/>\n<meta property=\"og:type\" content=\"article\" \/>\n<meta property=\"og:title\" content=\"ionLAB\u2122 - Ionics-group\" \/>\n<meta property=\"og:description\" content=\"ionLAB\u2122: Ionenimplantationstechnologie und -verarbeitung Ein Mikrobeschleuniger von Teilchen erzeugt einen hochenergetischen Ionenstrahl, der in der Lage ist, die Oberfl\u00e4che von Materialien zu durchdringen und ihre Eigenschaften ohne irgendeine Beschichtung zu verbessern. Die Eindringtiefe kann bis zu 10 Mikrometer betragen und die Behandlungseffekte sind noch bis 1mm messbar. Abh\u00e4ngig von der Art der implantierten Ionen und [&hellip;]\" \/>\n<meta property=\"og:url\" content=\"https:\/\/ionics.vps003.visible.be\/de\/unsere-loesungen\/maschinen-anlagenbau\/ionlab\/\" \/>\n<meta property=\"og:site_name\" content=\"Ionics-group\" \/>\n<meta property=\"article:modified_time\" content=\"2025-02-03T16:41:43+00:00\" \/>\n<meta property=\"og:image\" content=\"https:\/\/ionics.vps003.visible.be\/wp-content\/uploads\/2024\/08\/ionics-Equipment-ionJET-atmospheric-plasma-equipment.jpg\" \/>\n\t<meta property=\"og:image:width\" content=\"264\" \/>\n\t<meta property=\"og:image:height\" content=\"182\" \/>\n\t<meta property=\"og:image:type\" content=\"image\/jpeg\" \/>\n<meta name=\"twitter:card\" content=\"summary_large_image\" \/>\n<meta name=\"twitter:label1\" content=\"Gesch\u00e4tzte Lesezeit\" \/>\n\t<meta name=\"twitter:data1\" content=\"2\u00a0Minuten\" \/>\n<script type=\"application\/ld+json\" class=\"yoast-schema-graph\">{\"@context\":\"https:\/\/schema.org\",\"@graph\":[{\"@type\":\"WebPage\",\"@id\":\"https:\/\/ionics.vps003.visible.be\/de\/unsere-loesungen\/maschinen-anlagenbau\/ionlab\/\",\"url\":\"https:\/\/ionics.vps003.visible.be\/de\/unsere-loesungen\/maschinen-anlagenbau\/ionlab\/\",\"name\":\"ionLAB\u2122 - Ionics-group\",\"isPartOf\":{\"@id\":\"https:\/\/ionics.vps003.visible.be\/de\/#website\"},\"primaryImageOfPage\":{\"@id\":\"https:\/\/ionics.vps003.visible.be\/de\/unsere-loesungen\/maschinen-anlagenbau\/ionlab\/#primaryimage\"},\"image\":{\"@id\":\"https:\/\/ionics.vps003.visible.be\/de\/unsere-loesungen\/maschinen-anlagenbau\/ionlab\/#primaryimage\"},\"thumbnailUrl\":\"https:\/\/ionics.vps003.visible.be\/wp-content\/uploads\/2024\/08\/ionics-Equipment-ionJET-atmospheric-plasma-equipment.jpg\",\"datePublished\":\"2024-12-19T09:59:54+00:00\",\"dateModified\":\"2025-02-03T16:41:43+00:00\",\"breadcrumb\":{\"@id\":\"https:\/\/ionics.vps003.visible.be\/de\/unsere-loesungen\/maschinen-anlagenbau\/ionlab\/#breadcrumb\"},\"inLanguage\":\"de\",\"potentialAction\":[{\"@type\":\"ReadAction\",\"target\":[\"https:\/\/ionics.vps003.visible.be\/de\/unsere-loesungen\/maschinen-anlagenbau\/ionlab\/\"]}]},{\"@type\":\"ImageObject\",\"inLanguage\":\"de\",\"@id\":\"https:\/\/ionics.vps003.visible.be\/de\/unsere-loesungen\/maschinen-anlagenbau\/ionlab\/#primaryimage\",\"url\":\"https:\/\/ionics.vps003.visible.be\/wp-content\/uploads\/2024\/08\/ionics-Equipment-ionJET-atmospheric-plasma-equipment.jpg\",\"contentUrl\":\"https:\/\/ionics.vps003.visible.be\/wp-content\/uploads\/2024\/08\/ionics-Equipment-ionJET-atmospheric-plasma-equipment.jpg\",\"width\":264,\"height\":182},{\"@type\":\"BreadcrumbList\",\"@id\":\"https:\/\/ionics.vps003.visible.be\/de\/unsere-loesungen\/maschinen-anlagenbau\/ionlab\/#breadcrumb\",\"itemListElement\":[{\"@type\":\"ListItem\",\"position\":1,\"name\":\"Home\",\"item\":\"https:\/\/ionics.vps003.visible.be\/de\/\"},{\"@type\":\"ListItem\",\"position\":2,\"name\":\"Unsere L\u00f6sungen\",\"item\":\"https:\/\/ionics.vps003.visible.be\/de\/unsere-loesungen\/\"},{\"@type\":\"ListItem\",\"position\":3,\"name\":\"Maschinen- &amp; Anlagenbau\",\"item\":\"https:\/\/ionics.vps003.visible.be\/de\/unsere-loesungen\/maschinen-anlagenbau\/\"},{\"@type\":\"ListItem\",\"position\":4,\"name\":\"ionLAB\u2122\"}]},{\"@type\":\"WebSite\",\"@id\":\"https:\/\/ionics.vps003.visible.be\/de\/#website\",\"url\":\"https:\/\/ionics.vps003.visible.be\/de\/\",\"name\":\"Ionics-group\",\"description\":\"Surface technologies\",\"publisher\":{\"@id\":\"https:\/\/ionics.vps003.visible.be\/de\/#organization\"},\"potentialAction\":[{\"@type\":\"SearchAction\",\"target\":{\"@type\":\"EntryPoint\",\"urlTemplate\":\"https:\/\/ionics.vps003.visible.be\/de\/?s={search_term_string}\"},\"query-input\":{\"@type\":\"PropertyValueSpecification\",\"valueRequired\":true,\"valueName\":\"search_term_string\"}}],\"inLanguage\":\"de\"},{\"@type\":\"Organization\",\"@id\":\"https:\/\/ionics.vps003.visible.be\/de\/#organization\",\"name\":\"Ionics-group\",\"url\":\"https:\/\/ionics.vps003.visible.be\/de\/\",\"logo\":{\"@type\":\"ImageObject\",\"inLanguage\":\"de\",\"@id\":\"https:\/\/ionics.vps003.visible.be\/de\/#\/schema\/logo\/image\/\",\"url\":\"https:\/\/ionics.vps003.visible.be\/wp-content\/uploads\/2024\/08\/ionics10ans.svg\",\"contentUrl\":\"https:\/\/ionics.vps003.visible.be\/wp-content\/uploads\/2024\/08\/ionics10ans.svg\",\"width\":447,\"height\":179,\"caption\":\"Ionics-group\"},\"image\":{\"@id\":\"https:\/\/ionics.vps003.visible.be\/de\/#\/schema\/logo\/image\/\"}}]}<\/script>\n<!-- \/ Yoast SEO plugin. -->","yoast_head_json":{"title":"ionLAB\u2122 - Ionics-group","robots":{"index":"noindex","follow":"follow","max-snippet":"max-snippet:-1","max-image-preview":"max-image-preview:large","max-video-preview":"max-video-preview:-1"},"og_locale":"de_DE","og_type":"article","og_title":"ionLAB\u2122 - Ionics-group","og_description":"ionLAB\u2122: Ionenimplantationstechnologie und -verarbeitung Ein Mikrobeschleuniger von Teilchen erzeugt einen hochenergetischen Ionenstrahl, der in der Lage ist, die Oberfl\u00e4che von Materialien zu durchdringen und ihre Eigenschaften ohne irgendeine Beschichtung zu verbessern. Die Eindringtiefe kann bis zu 10 Mikrometer betragen und die Behandlungseffekte sind noch bis 1mm messbar. Abh\u00e4ngig von der Art der implantierten Ionen und [&hellip;]","og_url":"https:\/\/ionics.vps003.visible.be\/de\/unsere-loesungen\/maschinen-anlagenbau\/ionlab\/","og_site_name":"Ionics-group","article_modified_time":"2025-02-03T16:41:43+00:00","og_image":[{"width":264,"height":182,"url":"https:\/\/ionics.vps003.visible.be\/wp-content\/uploads\/2024\/08\/ionics-Equipment-ionJET-atmospheric-plasma-equipment.jpg","type":"image\/jpeg"}],"twitter_card":"summary_large_image","twitter_misc":{"Gesch\u00e4tzte Lesezeit":"2\u00a0Minuten"},"schema":{"@context":"https:\/\/schema.org","@graph":[{"@type":"WebPage","@id":"https:\/\/ionics.vps003.visible.be\/de\/unsere-loesungen\/maschinen-anlagenbau\/ionlab\/","url":"https:\/\/ionics.vps003.visible.be\/de\/unsere-loesungen\/maschinen-anlagenbau\/ionlab\/","name":"ionLAB\u2122 - Ionics-group","isPartOf":{"@id":"https:\/\/ionics.vps003.visible.be\/de\/#website"},"primaryImageOfPage":{"@id":"https:\/\/ionics.vps003.visible.be\/de\/unsere-loesungen\/maschinen-anlagenbau\/ionlab\/#primaryimage"},"image":{"@id":"https:\/\/ionics.vps003.visible.be\/de\/unsere-loesungen\/maschinen-anlagenbau\/ionlab\/#primaryimage"},"thumbnailUrl":"https:\/\/ionics.vps003.visible.be\/wp-content\/uploads\/2024\/08\/ionics-Equipment-ionJET-atmospheric-plasma-equipment.jpg","datePublished":"2024-12-19T09:59:54+00:00","dateModified":"2025-02-03T16:41:43+00:00","breadcrumb":{"@id":"https:\/\/ionics.vps003.visible.be\/de\/unsere-loesungen\/maschinen-anlagenbau\/ionlab\/#breadcrumb"},"inLanguage":"de","potentialAction":[{"@type":"ReadAction","target":["https:\/\/ionics.vps003.visible.be\/de\/unsere-loesungen\/maschinen-anlagenbau\/ionlab\/"]}]},{"@type":"ImageObject","inLanguage":"de","@id":"https:\/\/ionics.vps003.visible.be\/de\/unsere-loesungen\/maschinen-anlagenbau\/ionlab\/#primaryimage","url":"https:\/\/ionics.vps003.visible.be\/wp-content\/uploads\/2024\/08\/ionics-Equipment-ionJET-atmospheric-plasma-equipment.jpg","contentUrl":"https:\/\/ionics.vps003.visible.be\/wp-content\/uploads\/2024\/08\/ionics-Equipment-ionJET-atmospheric-plasma-equipment.jpg","width":264,"height":182},{"@type":"BreadcrumbList","@id":"https:\/\/ionics.vps003.visible.be\/de\/unsere-loesungen\/maschinen-anlagenbau\/ionlab\/#breadcrumb","itemListElement":[{"@type":"ListItem","position":1,"name":"Home","item":"https:\/\/ionics.vps003.visible.be\/de\/"},{"@type":"ListItem","position":2,"name":"Unsere L\u00f6sungen","item":"https:\/\/ionics.vps003.visible.be\/de\/unsere-loesungen\/"},{"@type":"ListItem","position":3,"name":"Maschinen- &amp; Anlagenbau","item":"https:\/\/ionics.vps003.visible.be\/de\/unsere-loesungen\/maschinen-anlagenbau\/"},{"@type":"ListItem","position":4,"name":"ionLAB\u2122"}]},{"@type":"WebSite","@id":"https:\/\/ionics.vps003.visible.be\/de\/#website","url":"https:\/\/ionics.vps003.visible.be\/de\/","name":"Ionics-group","description":"Surface technologies","publisher":{"@id":"https:\/\/ionics.vps003.visible.be\/de\/#organization"},"potentialAction":[{"@type":"SearchAction","target":{"@type":"EntryPoint","urlTemplate":"https:\/\/ionics.vps003.visible.be\/de\/?s={search_term_string}"},"query-input":{"@type":"PropertyValueSpecification","valueRequired":true,"valueName":"search_term_string"}}],"inLanguage":"de"},{"@type":"Organization","@id":"https:\/\/ionics.vps003.visible.be\/de\/#organization","name":"Ionics-group","url":"https:\/\/ionics.vps003.visible.be\/de\/","logo":{"@type":"ImageObject","inLanguage":"de","@id":"https:\/\/ionics.vps003.visible.be\/de\/#\/schema\/logo\/image\/","url":"https:\/\/ionics.vps003.visible.be\/wp-content\/uploads\/2024\/08\/ionics10ans.svg","contentUrl":"https:\/\/ionics.vps003.visible.be\/wp-content\/uploads\/2024\/08\/ionics10ans.svg","width":447,"height":179,"caption":"Ionics-group"},"image":{"@id":"https:\/\/ionics.vps003.visible.be\/de\/#\/schema\/logo\/image\/"}}]}},"_links":{"self":[{"href":"https:\/\/ionics.vps003.visible.be\/de\/wp-json\/wp\/v2\/pages\/1928","targetHints":{"allow":["GET"]}}],"collection":[{"href":"https:\/\/ionics.vps003.visible.be\/de\/wp-json\/wp\/v2\/pages"}],"about":[{"href":"https:\/\/ionics.vps003.visible.be\/de\/wp-json\/wp\/v2\/types\/page"}],"author":[{"embeddable":true,"href":"https:\/\/ionics.vps003.visible.be\/de\/wp-json\/wp\/v2\/users\/1"}],"replies":[{"embeddable":true,"href":"https:\/\/ionics.vps003.visible.be\/de\/wp-json\/wp\/v2\/comments?post=1928"}],"version-history":[{"count":1,"href":"https:\/\/ionics.vps003.visible.be\/de\/wp-json\/wp\/v2\/pages\/1928\/revisions"}],"predecessor-version":[{"id":1929,"href":"https:\/\/ionics.vps003.visible.be\/de\/wp-json\/wp\/v2\/pages\/1928\/revisions\/1929"}],"up":[{"embeddable":true,"href":"https:\/\/ionics.vps003.visible.be\/de\/wp-json\/wp\/v2\/pages\/1907"}],"wp:featuredmedia":[{"embeddable":true,"href":"https:\/\/ionics.vps003.visible.be\/de\/wp-json\/wp\/v2\/media\/855"}],"wp:attachment":[{"href":"https:\/\/ionics.vps003.visible.be\/de\/wp-json\/wp\/v2\/media?parent=1928"}],"wp:term":[{"taxonomy":"solution","embeddable":true,"href":"https:\/\/ionics.vps003.visible.be\/de\/wp-json\/wp\/v2\/solution?post=1928"}],"curies":[{"name":"wp","href":"https:\/\/api.w.org\/{rel}","templated":true}]}}