{"id":1924,"date":"2024-08-27T16:41:26","date_gmt":"2024-08-27T14:41:26","guid":{"rendered":"https:\/\/ionics.vps003.visible.be\/unsere-loesungen\/auftragsbeschichtung\/ionpro\/"},"modified":"2025-02-05T17:09:43","modified_gmt":"2025-02-05T16:09:43","slug":"ionpro","status":"publish","type":"page","link":"https:\/\/ionics.vps003.visible.be\/de\/unsere-loesungen\/auftragsbeschichtung\/ionpro\/","title":{"rendered":"ionPRO\u2122"},"content":{"rendered":"\t\t<div data-elementor-type=\"wp-page\" data-elementor-id=\"1924\" class=\"elementor elementor-1924 elementor-673\" data-elementor-post-type=\"page\">\n\t\t\t\t<div class=\"elementor-element elementor-element-b9fd8f3 e-flex e-con-boxed e-con e-parent\" data-id=\"b9fd8f3\" data-element_type=\"container\">\n\t\t\t\t\t<div class=\"e-con-inner\">\n\t\t<div class=\"elementor-element elementor-element-efa68ec e-con-full e-flex e-con e-child\" data-id=\"efa68ec\" data-element_type=\"container\">\n\t\t\t\t<div class=\"elementor-element elementor-element-9e6aa6f elementor-widget elementor-widget-heading\" data-id=\"9e6aa6f\" data-element_type=\"widget\" data-widget_type=\"heading.default\">\n\t\t\t\t<div class=\"elementor-widget-container\">\n\t\t\t\t\t<h1 class=\"elementor-heading-title elementor-size-default\">ionPRO\u2122: Industrielle Ionenimplantationslinie<\/h1>\t\t\t\t<\/div>\n\t\t\t\t<\/div>\n\t\t<div class=\"elementor-element elementor-element-d2e8ea9 e-con-full e-flex e-con e-child\" data-id=\"d2e8ea9\" data-element_type=\"container\">\n\t\t<div class=\"elementor-element elementor-element-79e6bd2 e-con-full e-flex e-con e-child\" data-id=\"79e6bd2\" data-element_type=\"container\">\n\t\t\t\t<div class=\"elementor-element elementor-element-567dd0d elementor-widget elementor-widget-image\" data-id=\"567dd0d\" data-element_type=\"widget\" data-widget_type=\"image.default\">\n\t\t\t\t<div class=\"elementor-widget-container\">\n\t\t\t\t\t\t\t\t\t\t\t\t\t\t\t<img fetchpriority=\"high\" decoding=\"async\" width=\"800\" height=\"389\" src=\"https:\/\/ionics.vps003.visible.be\/wp-content\/uploads\/2024\/08\/IONICS_FR02-1024x498.jpg\" class=\"attachment-large size-large wp-image-868\" alt=\"\" srcset=\"https:\/\/ionics.vps003.visible.be\/wp-content\/uploads\/2024\/08\/IONICS_FR02-1024x498.jpg 1024w, https:\/\/ionics.vps003.visible.be\/wp-content\/uploads\/2024\/08\/IONICS_FR02-300x146.jpg 300w, https:\/\/ionics.vps003.visible.be\/wp-content\/uploads\/2024\/08\/IONICS_FR02-768x374.jpg 768w, https:\/\/ionics.vps003.visible.be\/wp-content\/uploads\/2024\/08\/IONICS_FR02-1536x747.jpg 1536w, https:\/\/ionics.vps003.visible.be\/wp-content\/uploads\/2024\/08\/IONICS_FR02.jpg 1920w\" sizes=\"(max-width: 800px) 100vw, 800px\" \/>\t\t\t\t\t\t\t\t\t\t\t\t\t\t\t<\/div>\n\t\t\t\t<\/div>\n\t\t\t\t<div class=\"elementor-element elementor-element-5f27831 elementor-widget elementor-widget-text-editor\" data-id=\"5f27831\" data-element_type=\"widget\" data-widget_type=\"text-editor.default\">\n\t\t\t\t<div class=\"elementor-widget-container\">\n\t\t\t\t\t\t\t\t\t<p>Das ionPRO\u2122-Vakuumsystem ist eine brandneue Produktionslinie f\u00fcr die Behandlung gro\u00dfer flacher Teile und Produkte mit der von IONICS entwickelten innovativen Ionenimplantationstechnologie. F\u00fcnf Ionenquellen ionGun2000, in Reihe angeordnet, gew\u00e4hrleisten die Effizienz und Homogenit\u00e4t der Ionenimplantation. Eine Schleusenkammer besteht aus zwei Ladeplatten, die eine flie\u00dfende halbkontinuierliche Behandlung in der Prozesskammer erm\u00f6glichen. Die behandelte Oberfl\u00e4che kann 1600&#215;1800 mm mit einer maximalen Geschwindigkeit von 150 mm \/ s erreichen. Das System eignet sich f\u00fcr gro\u00dfe und kleine Produktionen und ist jetzt betriebsbereit. Das System wurde in Zusammenarbeit mit AGC, GRAUX und MATERIA NOVA entwickelt.<\/p><div><h2>Prozessvorteile :<\/h2><div><ul><li>Raumtemperatur-Oberfl\u00e4chenbehandlung: urspr\u00fcngliche Eigenschaften des Sch\u00fcttmaterial bleiben erhalten, auch bei isolierenden und temperaturempfindlichen Materialien.<\/li><li>Keine Beschichtungen: Die Entlaminierung ist unm\u00f6glich, da das Material selbst in seiner Tiefe ver\u00e4ndert ist.<\/li><li>Umweltfreundlicher Trockenprozess.<\/li><li>Das System kann jetzt gemietet werden, es wird vom hochkompetenten IONICS-Team verwaltet.<\/li><\/ul><\/div><\/div>\t\t\t\t\t\t\t\t<\/div>\n\t\t\t\t<\/div>\n\t\t\t\t<\/div>\n\t\t<div class=\"elementor-element elementor-element-72fbc68 e-con-full e-flex e-con e-child\" data-id=\"72fbc68\" data-element_type=\"container\">\n\t\t<div class=\"elementor-element elementor-element-8d4bf50 e-con-full e-flex e-con e-child\" data-id=\"8d4bf50\" data-element_type=\"container\" data-settings=\"{&quot;background_background&quot;:&quot;classic&quot;}\">\n\t\t\t\t<div class=\"elementor-element elementor-element-3064e4d elementor-widget elementor-widget-heading\" data-id=\"3064e4d\" data-element_type=\"widget\" data-widget_type=\"heading.default\">\n\t\t\t\t<div class=\"elementor-widget-container\">\n\t\t\t\t\t<h2 class=\"elementor-heading-title elementor-size-default\">Dokumente<\/h2>\t\t\t\t<\/div>\n\t\t\t\t<\/div>\n\t\t\t\t<div class=\"elementor-element elementor-element-5f846f4 elementor-icon-list--layout-traditional elementor-list-item-link-full_width elementor-widget elementor-widget-icon-list\" data-id=\"5f846f4\" data-element_type=\"widget\" data-widget_type=\"icon-list.default\">\n\t\t\t\t<div class=\"elementor-widget-container\">\n\t\t\t\t\t\t\t<ul class=\"elementor-icon-list-items\">\n\t\t\t\t\t\t\t<li class=\"elementor-icon-list-item\">\n\t\t\t\t\t\t\t\t\t\t\t<a href=\"\/wp-content\/uploads\/2025\/01\/ionics-plasma-and-ion-implantation-v2-14-09-23.pdf\" target=\"_blank\">\n\n\t\t\t\t\t\t\t\t\t\t\t\t<span class=\"elementor-icon-list-icon\">\n\t\t\t\t\t\t\t<svg aria-hidden=\"true\" class=\"e-font-icon-svg e-fas-file-pdf\" viewBox=\"0 0 384 512\" xmlns=\"http:\/\/www.w3.org\/2000\/svg\"><path d=\"M181.9 256.1c-5-16-4.9-46.9-2-46.9 8.4 0 7.6 36.9 2 46.9zm-1.7 47.2c-7.7 20.2-17.3 43.3-28.4 62.7 18.3-7 39-17.2 62.9-21.9-12.7-9.6-24.9-23.4-34.5-40.8zM86.1 428.1c0 .8 13.2-5.4 34.9-40.2-6.7 6.3-29.1 24.5-34.9 40.2zM248 160h136v328c0 13.3-10.7 24-24 24H24c-13.3 0-24-10.7-24-24V24C0 10.7 10.7 0 24 0h200v136c0 13.2 10.8 24 24 24zm-8 171.8c-20-12.2-33.3-29-42.7-53.8 4.5-18.5 11.6-46.6 6.2-64.2-4.7-29.4-42.4-26.5-47.8-6.8-5 18.3-.4 44.1 8.1 77-11.6 27.6-28.7 64.6-40.8 85.8-.1 0-.1.1-.2.1-27.1 13.9-73.6 44.5-54.5 68 5.6 6.9 16 10 21.5 10 17.9 0 35.7-18 61.1-61.8 25.8-8.5 54.1-19.1 79-23.2 21.7 11.8 47.1 19.5 64 19.5 29.2 0 31.2-32 19.7-43.4-13.9-13.6-54.3-9.7-73.6-7.2zM377 105L279 7c-4.5-4.5-10.6-7-17-7h-6v128h128v-6.1c0-6.3-2.5-12.4-7-16.9zm-74.1 255.3c4.1-2.7-2.5-11.9-42.8-9 37.1 15.8 42.8 9 42.8 9z\"><\/path><\/svg>\t\t\t\t\t\t<\/span>\n\t\t\t\t\t\t\t\t\t\t<span class=\"elementor-icon-list-text\">Plasma und Ionenimplantationsl\u00f6sungen - Vakuumsysteme<\/span>\n\t\t\t\t\t\t\t\t\t\t\t<\/a>\n\t\t\t\t\t\t\t\t\t<\/li>\n\t\t\t\t\t\t\t\t<li class=\"elementor-icon-list-item\">\n\t\t\t\t\t\t\t\t\t\t\t<a href=\"\/wp-content\/uploads\/2025\/01\/IONICS-Technical-data-sheet-ionPRO-1800-EN.pdf\" target=\"_blank\">\n\n\t\t\t\t\t\t\t\t\t\t\t\t<span class=\"elementor-icon-list-icon\">\n\t\t\t\t\t\t\t<svg aria-hidden=\"true\" class=\"e-font-icon-svg e-fas-file-pdf\" viewBox=\"0 0 384 512\" xmlns=\"http:\/\/www.w3.org\/2000\/svg\"><path d=\"M181.9 256.1c-5-16-4.9-46.9-2-46.9 8.4 0 7.6 36.9 2 46.9zm-1.7 47.2c-7.7 20.2-17.3 43.3-28.4 62.7 18.3-7 39-17.2 62.9-21.9-12.7-9.6-24.9-23.4-34.5-40.8zM86.1 428.1c0 .8 13.2-5.4 34.9-40.2-6.7 6.3-29.1 24.5-34.9 40.2zM248 160h136v328c0 13.3-10.7 24-24 24H24c-13.3 0-24-10.7-24-24V24C0 10.7 10.7 0 24 0h200v136c0 13.2 10.8 24 24 24zm-8 171.8c-20-12.2-33.3-29-42.7-53.8 4.5-18.5 11.6-46.6 6.2-64.2-4.7-29.4-42.4-26.5-47.8-6.8-5 18.3-.4 44.1 8.1 77-11.6 27.6-28.7 64.6-40.8 85.8-.1 0-.1.1-.2.1-27.1 13.9-73.6 44.5-54.5 68 5.6 6.9 16 10 21.5 10 17.9 0 35.7-18 61.1-61.8 25.8-8.5 54.1-19.1 79-23.2 21.7 11.8 47.1 19.5 64 19.5 29.2 0 31.2-32 19.7-43.4-13.9-13.6-54.3-9.7-73.6-7.2zM377 105L279 7c-4.5-4.5-10.6-7-17-7h-6v128h128v-6.1c0-6.3-2.5-12.4-7-16.9zm-74.1 255.3c4.1-2.7-2.5-11.9-42.8-9 37.1 15.8 42.8 9 42.8 9z\"><\/path><\/svg>\t\t\t\t\t\t<\/span>\n\t\t\t\t\t\t\t\t\t\t<span class=\"elementor-icon-list-text\">Produktbeschreibung ionPRO<\/span>\n\t\t\t\t\t\t\t\t\t\t\t<\/a>\n\t\t\t\t\t\t\t\t\t<\/li>\n\t\t\t\t\t\t<\/ul>\n\t\t\t\t\t\t<\/div>\n\t\t\t\t<\/div>\n\t\t\t\t<\/div>\n\t\t<div class=\"elementor-element elementor-element-9fb05a0 e-con-full e-flex e-con e-child\" data-id=\"9fb05a0\" data-element_type=\"container\">\n\t\t\t\t<\/div>\n\t\t\t\t<\/div>\n\t\t\t\t<\/div>\n\t\t\t\t<\/div>\n\t\t\t\t\t<\/div>\n\t\t\t\t<\/div>\n\t\t\t\t<\/div>\n\t\t","protected":false},"excerpt":{"rendered":"<p>Das ionPRO\u2122-Vakuumsystem ist eine brandneue Produktionslinie f\u00fcr die Behandlung gro\u00dfer flacher Teile und Produkte mit der von IONICS entwickelten innovativen Ionenimplantationstechnologie. <\/p>\n","protected":false},"author":1,"featured_media":867,"parent":1862,"menu_order":0,"comment_status":"closed","ping_status":"closed","template":"elementor_header_footer","meta":{"_acf_changed":false,"inline_featured_image":false,"footnotes":""},"solution":[16,14],"class_list":["post-1924","page","type-page","status-publish","has-post-thumbnail","hentry","solution-coating","solution-equipment"],"acf":[],"yoast_head":"<!-- This site is optimized with the Yoast SEO plugin v24.4 - https:\/\/yoast.com\/wordpress\/plugins\/seo\/ -->\n<title>ionPRO\u2122 - Ionics-group<\/title>\n<meta name=\"robots\" content=\"noindex, follow, max-snippet:-1, max-image-preview:large, max-video-preview:-1\" \/>\n<meta property=\"og:locale\" content=\"de_DE\" \/>\n<meta property=\"og:type\" content=\"article\" \/>\n<meta property=\"og:title\" content=\"ionPRO\u2122 - Ionics-group\" \/>\n<meta property=\"og:description\" content=\"Das ionPRO\u2122-Vakuumsystem ist eine brandneue Produktionslinie f\u00fcr die Behandlung gro\u00dfer flacher Teile und Produkte mit der von IONICS entwickelten innovativen Ionenimplantationstechnologie.\" \/>\n<meta property=\"og:url\" content=\"https:\/\/ionics.vps003.visible.be\/de\/unsere-loesungen\/auftragsbeschichtung\/ionpro\/\" \/>\n<meta property=\"og:site_name\" content=\"Ionics-group\" \/>\n<meta property=\"article:modified_time\" content=\"2025-02-05T16:09:43+00:00\" \/>\n<meta property=\"og:image\" content=\"https:\/\/ionics.vps003.visible.be\/wp-content\/uploads\/2024\/08\/ionics-Equipment-ionPRO-ion-implantation-industrial-line.jpg\" \/>\n\t<meta property=\"og:image:width\" content=\"288\" \/>\n\t<meta property=\"og:image:height\" content=\"265\" \/>\n\t<meta property=\"og:image:type\" content=\"image\/jpeg\" \/>\n<meta name=\"twitter:card\" content=\"summary_large_image\" \/>\n<meta name=\"twitter:label1\" content=\"Gesch\u00e4tzte Lesezeit\" \/>\n\t<meta name=\"twitter:data1\" content=\"1\u00a0Minute\" \/>\n<script type=\"application\/ld+json\" class=\"yoast-schema-graph\">{\"@context\":\"https:\/\/schema.org\",\"@graph\":[{\"@type\":\"WebPage\",\"@id\":\"https:\/\/ionics.vps003.visible.be\/de\/unsere-loesungen\/auftragsbeschichtung\/ionpro\/\",\"url\":\"https:\/\/ionics.vps003.visible.be\/de\/unsere-loesungen\/auftragsbeschichtung\/ionpro\/\",\"name\":\"ionPRO\u2122 - Ionics-group\",\"isPartOf\":{\"@id\":\"https:\/\/ionics.vps003.visible.be\/de\/#website\"},\"primaryImageOfPage\":{\"@id\":\"https:\/\/ionics.vps003.visible.be\/de\/unsere-loesungen\/auftragsbeschichtung\/ionpro\/#primaryimage\"},\"image\":{\"@id\":\"https:\/\/ionics.vps003.visible.be\/de\/unsere-loesungen\/auftragsbeschichtung\/ionpro\/#primaryimage\"},\"thumbnailUrl\":\"https:\/\/ionics.vps003.visible.be\/wp-content\/uploads\/2024\/08\/ionics-Equipment-ionPRO-ion-implantation-industrial-line.jpg\",\"datePublished\":\"2024-08-27T14:41:26+00:00\",\"dateModified\":\"2025-02-05T16:09:43+00:00\",\"breadcrumb\":{\"@id\":\"https:\/\/ionics.vps003.visible.be\/de\/unsere-loesungen\/auftragsbeschichtung\/ionpro\/#breadcrumb\"},\"inLanguage\":\"de\",\"potentialAction\":[{\"@type\":\"ReadAction\",\"target\":[\"https:\/\/ionics.vps003.visible.be\/de\/unsere-loesungen\/auftragsbeschichtung\/ionpro\/\"]}]},{\"@type\":\"ImageObject\",\"inLanguage\":\"de\",\"@id\":\"https:\/\/ionics.vps003.visible.be\/de\/unsere-loesungen\/auftragsbeschichtung\/ionpro\/#primaryimage\",\"url\":\"https:\/\/ionics.vps003.visible.be\/wp-content\/uploads\/2024\/08\/ionics-Equipment-ionPRO-ion-implantation-industrial-line.jpg\",\"contentUrl\":\"https:\/\/ionics.vps003.visible.be\/wp-content\/uploads\/2024\/08\/ionics-Equipment-ionPRO-ion-implantation-industrial-line.jpg\",\"width\":288,\"height\":265},{\"@type\":\"BreadcrumbList\",\"@id\":\"https:\/\/ionics.vps003.visible.be\/de\/unsere-loesungen\/auftragsbeschichtung\/ionpro\/#breadcrumb\",\"itemListElement\":[{\"@type\":\"ListItem\",\"position\":1,\"name\":\"Home\",\"item\":\"https:\/\/ionics.vps003.visible.be\/de\/\"},{\"@type\":\"ListItem\",\"position\":2,\"name\":\"Unsere L\u00f6sungen\",\"item\":\"https:\/\/ionics.vps003.visible.be\/de\/unsere-loesungen\/\"},{\"@type\":\"ListItem\",\"position\":3,\"name\":\"Lohnbeschichtung\",\"item\":\"https:\/\/ionics.vps003.visible.be\/de\/unsere-loesungen\/auftragsbeschichtung\/\"},{\"@type\":\"ListItem\",\"position\":4,\"name\":\"ionPRO\u2122\"}]},{\"@type\":\"WebSite\",\"@id\":\"https:\/\/ionics.vps003.visible.be\/de\/#website\",\"url\":\"https:\/\/ionics.vps003.visible.be\/de\/\",\"name\":\"Ionics-group\",\"description\":\"Surface technologies\",\"publisher\":{\"@id\":\"https:\/\/ionics.vps003.visible.be\/de\/#organization\"},\"potentialAction\":[{\"@type\":\"SearchAction\",\"target\":{\"@type\":\"EntryPoint\",\"urlTemplate\":\"https:\/\/ionics.vps003.visible.be\/de\/?s={search_term_string}\"},\"query-input\":{\"@type\":\"PropertyValueSpecification\",\"valueRequired\":true,\"valueName\":\"search_term_string\"}}],\"inLanguage\":\"de\"},{\"@type\":\"Organization\",\"@id\":\"https:\/\/ionics.vps003.visible.be\/de\/#organization\",\"name\":\"Ionics-group\",\"url\":\"https:\/\/ionics.vps003.visible.be\/de\/\",\"logo\":{\"@type\":\"ImageObject\",\"inLanguage\":\"de\",\"@id\":\"https:\/\/ionics.vps003.visible.be\/de\/#\/schema\/logo\/image\/\",\"url\":\"https:\/\/ionics.vps003.visible.be\/wp-content\/uploads\/2024\/08\/ionics10ans.svg\",\"contentUrl\":\"https:\/\/ionics.vps003.visible.be\/wp-content\/uploads\/2024\/08\/ionics10ans.svg\",\"width\":447,\"height\":179,\"caption\":\"Ionics-group\"},\"image\":{\"@id\":\"https:\/\/ionics.vps003.visible.be\/de\/#\/schema\/logo\/image\/\"}}]}<\/script>\n<!-- \/ Yoast SEO plugin. -->","yoast_head_json":{"title":"ionPRO\u2122 - Ionics-group","robots":{"index":"noindex","follow":"follow","max-snippet":"max-snippet:-1","max-image-preview":"max-image-preview:large","max-video-preview":"max-video-preview:-1"},"og_locale":"de_DE","og_type":"article","og_title":"ionPRO\u2122 - Ionics-group","og_description":"Das ionPRO\u2122-Vakuumsystem ist eine brandneue Produktionslinie f\u00fcr die Behandlung gro\u00dfer flacher Teile und Produkte mit der von IONICS entwickelten innovativen Ionenimplantationstechnologie.","og_url":"https:\/\/ionics.vps003.visible.be\/de\/unsere-loesungen\/auftragsbeschichtung\/ionpro\/","og_site_name":"Ionics-group","article_modified_time":"2025-02-05T16:09:43+00:00","og_image":[{"width":288,"height":265,"url":"https:\/\/ionics.vps003.visible.be\/wp-content\/uploads\/2024\/08\/ionics-Equipment-ionPRO-ion-implantation-industrial-line.jpg","type":"image\/jpeg"}],"twitter_card":"summary_large_image","twitter_misc":{"Gesch\u00e4tzte Lesezeit":"1\u00a0Minute"},"schema":{"@context":"https:\/\/schema.org","@graph":[{"@type":"WebPage","@id":"https:\/\/ionics.vps003.visible.be\/de\/unsere-loesungen\/auftragsbeschichtung\/ionpro\/","url":"https:\/\/ionics.vps003.visible.be\/de\/unsere-loesungen\/auftragsbeschichtung\/ionpro\/","name":"ionPRO\u2122 - Ionics-group","isPartOf":{"@id":"https:\/\/ionics.vps003.visible.be\/de\/#website"},"primaryImageOfPage":{"@id":"https:\/\/ionics.vps003.visible.be\/de\/unsere-loesungen\/auftragsbeschichtung\/ionpro\/#primaryimage"},"image":{"@id":"https:\/\/ionics.vps003.visible.be\/de\/unsere-loesungen\/auftragsbeschichtung\/ionpro\/#primaryimage"},"thumbnailUrl":"https:\/\/ionics.vps003.visible.be\/wp-content\/uploads\/2024\/08\/ionics-Equipment-ionPRO-ion-implantation-industrial-line.jpg","datePublished":"2024-08-27T14:41:26+00:00","dateModified":"2025-02-05T16:09:43+00:00","breadcrumb":{"@id":"https:\/\/ionics.vps003.visible.be\/de\/unsere-loesungen\/auftragsbeschichtung\/ionpro\/#breadcrumb"},"inLanguage":"de","potentialAction":[{"@type":"ReadAction","target":["https:\/\/ionics.vps003.visible.be\/de\/unsere-loesungen\/auftragsbeschichtung\/ionpro\/"]}]},{"@type":"ImageObject","inLanguage":"de","@id":"https:\/\/ionics.vps003.visible.be\/de\/unsere-loesungen\/auftragsbeschichtung\/ionpro\/#primaryimage","url":"https:\/\/ionics.vps003.visible.be\/wp-content\/uploads\/2024\/08\/ionics-Equipment-ionPRO-ion-implantation-industrial-line.jpg","contentUrl":"https:\/\/ionics.vps003.visible.be\/wp-content\/uploads\/2024\/08\/ionics-Equipment-ionPRO-ion-implantation-industrial-line.jpg","width":288,"height":265},{"@type":"BreadcrumbList","@id":"https:\/\/ionics.vps003.visible.be\/de\/unsere-loesungen\/auftragsbeschichtung\/ionpro\/#breadcrumb","itemListElement":[{"@type":"ListItem","position":1,"name":"Home","item":"https:\/\/ionics.vps003.visible.be\/de\/"},{"@type":"ListItem","position":2,"name":"Unsere L\u00f6sungen","item":"https:\/\/ionics.vps003.visible.be\/de\/unsere-loesungen\/"},{"@type":"ListItem","position":3,"name":"Lohnbeschichtung","item":"https:\/\/ionics.vps003.visible.be\/de\/unsere-loesungen\/auftragsbeschichtung\/"},{"@type":"ListItem","position":4,"name":"ionPRO\u2122"}]},{"@type":"WebSite","@id":"https:\/\/ionics.vps003.visible.be\/de\/#website","url":"https:\/\/ionics.vps003.visible.be\/de\/","name":"Ionics-group","description":"Surface technologies","publisher":{"@id":"https:\/\/ionics.vps003.visible.be\/de\/#organization"},"potentialAction":[{"@type":"SearchAction","target":{"@type":"EntryPoint","urlTemplate":"https:\/\/ionics.vps003.visible.be\/de\/?s={search_term_string}"},"query-input":{"@type":"PropertyValueSpecification","valueRequired":true,"valueName":"search_term_string"}}],"inLanguage":"de"},{"@type":"Organization","@id":"https:\/\/ionics.vps003.visible.be\/de\/#organization","name":"Ionics-group","url":"https:\/\/ionics.vps003.visible.be\/de\/","logo":{"@type":"ImageObject","inLanguage":"de","@id":"https:\/\/ionics.vps003.visible.be\/de\/#\/schema\/logo\/image\/","url":"https:\/\/ionics.vps003.visible.be\/wp-content\/uploads\/2024\/08\/ionics10ans.svg","contentUrl":"https:\/\/ionics.vps003.visible.be\/wp-content\/uploads\/2024\/08\/ionics10ans.svg","width":447,"height":179,"caption":"Ionics-group"},"image":{"@id":"https:\/\/ionics.vps003.visible.be\/de\/#\/schema\/logo\/image\/"}}]}},"_links":{"self":[{"href":"https:\/\/ionics.vps003.visible.be\/de\/wp-json\/wp\/v2\/pages\/1924","targetHints":{"allow":["GET"]}}],"collection":[{"href":"https:\/\/ionics.vps003.visible.be\/de\/wp-json\/wp\/v2\/pages"}],"about":[{"href":"https:\/\/ionics.vps003.visible.be\/de\/wp-json\/wp\/v2\/types\/page"}],"author":[{"embeddable":true,"href":"https:\/\/ionics.vps003.visible.be\/de\/wp-json\/wp\/v2\/users\/1"}],"replies":[{"embeddable":true,"href":"https:\/\/ionics.vps003.visible.be\/de\/wp-json\/wp\/v2\/comments?post=1924"}],"version-history":[{"count":6,"href":"https:\/\/ionics.vps003.visible.be\/de\/wp-json\/wp\/v2\/pages\/1924\/revisions"}],"predecessor-version":[{"id":2401,"href":"https:\/\/ionics.vps003.visible.be\/de\/wp-json\/wp\/v2\/pages\/1924\/revisions\/2401"}],"up":[{"embeddable":true,"href":"https:\/\/ionics.vps003.visible.be\/de\/wp-json\/wp\/v2\/pages\/1862"}],"wp:featuredmedia":[{"embeddable":true,"href":"https:\/\/ionics.vps003.visible.be\/de\/wp-json\/wp\/v2\/media\/867"}],"wp:attachment":[{"href":"https:\/\/ionics.vps003.visible.be\/de\/wp-json\/wp\/v2\/media?parent=1924"}],"wp:term":[{"taxonomy":"solution","embeddable":true,"href":"https:\/\/ionics.vps003.visible.be\/de\/wp-json\/wp\/v2\/solution?post=1924"}],"curies":[{"name":"wp","href":"https:\/\/api.w.org\/{rel}","templated":true}]}}