{"id":1922,"date":"2024-08-27T16:44:12","date_gmt":"2024-08-27T14:44:12","guid":{"rendered":"https:\/\/ionics.vps003.visible.be\/unsere-loesungen\/auftragsbeschichtung\/plameco\/"},"modified":"2025-02-05T17:07:21","modified_gmt":"2025-02-05T16:07:21","slug":"plameco","status":"publish","type":"page","link":"https:\/\/ionics.vps003.visible.be\/de\/unsere-loesungen\/auftragsbeschichtung\/plameco\/","title":{"rendered":"PLAMECO\u2122"},"content":{"rendered":"\t\t<div data-elementor-type=\"wp-page\" data-elementor-id=\"1922\" class=\"elementor elementor-1922 elementor-681\" data-elementor-post-type=\"page\">\n\t\t\t\t<div class=\"elementor-element elementor-element-1633296 e-flex e-con-boxed e-con e-parent\" data-id=\"1633296\" data-element_type=\"container\">\n\t\t\t\t\t<div class=\"e-con-inner\">\n\t\t<div class=\"elementor-element elementor-element-881bd68 e-con-full e-flex e-con e-child\" data-id=\"881bd68\" data-element_type=\"container\">\n\t\t\t\t<div class=\"elementor-element elementor-element-45ea466 elementor-widget elementor-widget-heading\" data-id=\"45ea466\" data-element_type=\"widget\" data-widget_type=\"heading.default\">\n\t\t\t\t<div class=\"elementor-widget-container\">\n\t\t\t\t\t<h1 class=\"elementor-heading-title elementor-size-default\">PLAMECO\u2122 Beschichtungen f\u00fcr pulverartige Materialien, Fasern und Kleinteile<\/h1>\t\t\t\t<\/div>\n\t\t\t\t<\/div>\n\t\t<div class=\"elementor-element elementor-element-ea1ff46 e-con-full e-flex e-con e-child\" data-id=\"ea1ff46\" data-element_type=\"container\">\n\t\t<div class=\"elementor-element elementor-element-d5d966f e-con-full e-flex e-con e-child\" data-id=\"d5d966f\" data-element_type=\"container\">\n\t\t\t\t<div class=\"elementor-element elementor-element-dd967a2 elementor-widget elementor-widget-image\" data-id=\"dd967a2\" data-element_type=\"widget\" data-widget_type=\"image.default\">\n\t\t\t\t<div class=\"elementor-widget-container\">\n\t\t\t\t\t\t\t\t\t\t\t\t\t\t\t<img fetchpriority=\"high\" decoding=\"async\" width=\"800\" height=\"463\" src=\"https:\/\/ionics.vps003.visible.be\/wp-content\/uploads\/2024\/08\/Plameco-RD-Hanovre-1024x592.jpg\" class=\"attachment-large size-large wp-image-863\" alt=\"\" srcset=\"https:\/\/ionics.vps003.visible.be\/wp-content\/uploads\/2024\/08\/Plameco-RD-Hanovre-1024x592.jpg 1024w, https:\/\/ionics.vps003.visible.be\/wp-content\/uploads\/2024\/08\/Plameco-RD-Hanovre-300x173.jpg 300w, https:\/\/ionics.vps003.visible.be\/wp-content\/uploads\/2024\/08\/Plameco-RD-Hanovre-768x444.jpg 768w, https:\/\/ionics.vps003.visible.be\/wp-content\/uploads\/2024\/08\/Plameco-RD-Hanovre.jpg 1036w\" sizes=\"(max-width: 800px) 100vw, 800px\" \/>\t\t\t\t\t\t\t\t\t\t\t\t\t\t\t<\/div>\n\t\t\t\t<\/div>\n\t\t\t\t<div class=\"elementor-element elementor-element-fc4feb3 elementor-widget elementor-widget-text-editor\" data-id=\"fc4feb3\" data-element_type=\"widget\" data-widget_type=\"text-editor.default\">\n\t\t\t\t<div class=\"elementor-widget-container\">\n\t\t\t\t\t\t\t\t\t<p>Zusammen mit den Technikern von MATERIA NOVA entwickelte IONICS ein einzigartiges Plasmabeschichtungsverfahren, das in der Lage ist, lose Teile und pulverartige Materialien zu beschichten. Es stehen F&amp;E- und Industriesysteme mit Verdampfungsquellen, Magnetron- oder Hohlkathoden und sogar unsere Hardion Ionenimplantationstechnologie zur Verf\u00fcgung. Passen Sie das System an Ihre Anwendung an!<\/p>\n<h2>Pulver Behandlungen :<\/h2>\n<p>Auf dem Gebiet der Pulver erm\u00f6glicht PLAMECOTM die Entwicklung neuer komplexer Legierungen, die Feinabstimmung von Zusammensetzungen, die Bildung von Kernschalenstrukturen oder die Nano-Strukturierung der Oberfl\u00e4chen f\u00fcr verbesserte Prozesse und endg\u00fcltige Eigenschaften. Passen Sie Ihre Pulver auf Ihre Bed\u00fcrfnisse an und modifizieren Sie alle grundlegenden kommerziellen Materialien: Polymere, Keramik, Metall. Die angestrebten Anwendungen sind :<\/p>\n<ul>\n<li>Thermisches Spritzen: erh\u00f6hte Flie\u00dff\u00e4higkeit, bessere Haftung.<\/li>\n<li>Additive Herstellung: neue Legierungen, verbesserte Absorption, erh\u00f6hte Dichten, &#8230;<\/li>\n<li>Katalyse: verbesserte Effizienz und Selektivit\u00e4t, niedrigere Betriebstemperatur.<\/li>\n<li>Sinterung: erh\u00f6hte W\u00e4rmeleitf\u00e4higkeit, bessere Koh\u00e4sion, &#8230;<\/li>\n<li>Verbundwerkstoffe: verbesserte Kompatibilisierung, Vertiefung der leitenden Struktur, erh\u00f6hte Leitf\u00e4higkeit, &#8230;<\/li>\n<\/ul>\n<h2>Lose Teile Behandlungen:<\/h2>\n<p>Das PLAMECOTM-System wurde auch entwickelt, um kleine lose Teile wie Steckverbinder, technische Kugeln, Befestigungssysteme mit dem Ziel der Verbesserung der Verschlei\u00dfbest\u00e4ndigkeit, der thermischen und elektrischen Leitf\u00e4higkeit oder einfach zu Dekorationszwecken zu beschichten. Niederdrucktechnologien erm\u00f6glichen die Behandlung aller Materialien, isolierend oder thermisch empfindlich, ohne N\u00e4sse und toxische Produkte. Die Technologie ist sehr flexibel und f\u00fchrt zu einer unglaublichen Vielfalt hochleistungsf\u00e4higer Beschichtungen.<\/p>\t\t\t\t\t\t\t\t<\/div>\n\t\t\t\t<\/div>\n\t\t\t\t<\/div>\n\t\t<div class=\"elementor-element elementor-element-0e72067 e-con-full e-flex e-con e-child\" data-id=\"0e72067\" data-element_type=\"container\">\n\t\t<div class=\"elementor-element elementor-element-4ebbc00 e-con-full e-flex e-con e-child\" data-id=\"4ebbc00\" data-element_type=\"container\" data-settings=\"{&quot;background_background&quot;:&quot;classic&quot;}\">\n\t\t\t\t<div class=\"elementor-element elementor-element-18cde00 elementor-widget elementor-widget-heading\" data-id=\"18cde00\" data-element_type=\"widget\" data-widget_type=\"heading.default\">\n\t\t\t\t<div class=\"elementor-widget-container\">\n\t\t\t\t\t<h2 class=\"elementor-heading-title elementor-size-default\">Dokumente<\/h2>\t\t\t\t<\/div>\n\t\t\t\t<\/div>\n\t\t\t\t<div class=\"elementor-element elementor-element-7427adc elementor-icon-list--layout-traditional elementor-list-item-link-full_width elementor-widget elementor-widget-icon-list\" data-id=\"7427adc\" data-element_type=\"widget\" data-widget_type=\"icon-list.default\">\n\t\t\t\t<div class=\"elementor-widget-container\">\n\t\t\t\t\t\t\t<ul class=\"elementor-icon-list-items\">\n\t\t\t\t\t\t\t<li class=\"elementor-icon-list-item\">\n\t\t\t\t\t\t\t\t\t\t\t<a href=\"\/wp-content\/uploads\/2024\/08\/Plameco-EN-web.pdf\" target=\"_blank\">\n\n\t\t\t\t\t\t\t\t\t\t\t\t<span class=\"elementor-icon-list-icon\">\n\t\t\t\t\t\t\t<svg aria-hidden=\"true\" class=\"e-font-icon-svg e-fas-file-pdf\" viewBox=\"0 0 384 512\" xmlns=\"http:\/\/www.w3.org\/2000\/svg\"><path d=\"M181.9 256.1c-5-16-4.9-46.9-2-46.9 8.4 0 7.6 36.9 2 46.9zm-1.7 47.2c-7.7 20.2-17.3 43.3-28.4 62.7 18.3-7 39-17.2 62.9-21.9-12.7-9.6-24.9-23.4-34.5-40.8zM86.1 428.1c0 .8 13.2-5.4 34.9-40.2-6.7 6.3-29.1 24.5-34.9 40.2zM248 160h136v328c0 13.3-10.7 24-24 24H24c-13.3 0-24-10.7-24-24V24C0 10.7 10.7 0 24 0h200v136c0 13.2 10.8 24 24 24zm-8 171.8c-20-12.2-33.3-29-42.7-53.8 4.5-18.5 11.6-46.6 6.2-64.2-4.7-29.4-42.4-26.5-47.8-6.8-5 18.3-.4 44.1 8.1 77-11.6 27.6-28.7 64.6-40.8 85.8-.1 0-.1.1-.2.1-27.1 13.9-73.6 44.5-54.5 68 5.6 6.9 16 10 21.5 10 17.9 0 35.7-18 61.1-61.8 25.8-8.5 54.1-19.1 79-23.2 21.7 11.8 47.1 19.5 64 19.5 29.2 0 31.2-32 19.7-43.4-13.9-13.6-54.3-9.7-73.6-7.2zM377 105L279 7c-4.5-4.5-10.6-7-17-7h-6v128h128v-6.1c0-6.3-2.5-12.4-7-16.9zm-74.1 255.3c4.1-2.7-2.5-11.9-42.8-9 37.1 15.8 42.8 9 42.8 9z\"><\/path><\/svg>\t\t\t\t\t\t<\/span>\n\t\t\t\t\t\t\t\t\t\t<span class=\"elementor-icon-list-text\">Produktbeschreibung PLAMECO<\/span>\n\t\t\t\t\t\t\t\t\t\t\t<\/a>\n\t\t\t\t\t\t\t\t\t<\/li>\n\t\t\t\t\t\t\t\t<li class=\"elementor-icon-list-item\">\n\t\t\t\t\t\t\t\t\t\t\t<a href=\"\/wp-content\/uploads\/2024\/08\/IONICS-Plasma-and-ion-implantation-V2-14-09-23.pdf\" target=\"_blank\">\n\n\t\t\t\t\t\t\t\t\t\t\t\t<span class=\"elementor-icon-list-icon\">\n\t\t\t\t\t\t\t<svg aria-hidden=\"true\" class=\"e-font-icon-svg e-fas-file-pdf\" viewBox=\"0 0 384 512\" xmlns=\"http:\/\/www.w3.org\/2000\/svg\"><path d=\"M181.9 256.1c-5-16-4.9-46.9-2-46.9 8.4 0 7.6 36.9 2 46.9zm-1.7 47.2c-7.7 20.2-17.3 43.3-28.4 62.7 18.3-7 39-17.2 62.9-21.9-12.7-9.6-24.9-23.4-34.5-40.8zM86.1 428.1c0 .8 13.2-5.4 34.9-40.2-6.7 6.3-29.1 24.5-34.9 40.2zM248 160h136v328c0 13.3-10.7 24-24 24H24c-13.3 0-24-10.7-24-24V24C0 10.7 10.7 0 24 0h200v136c0 13.2 10.8 24 24 24zm-8 171.8c-20-12.2-33.3-29-42.7-53.8 4.5-18.5 11.6-46.6 6.2-64.2-4.7-29.4-42.4-26.5-47.8-6.8-5 18.3-.4 44.1 8.1 77-11.6 27.6-28.7 64.6-40.8 85.8-.1 0-.1.1-.2.1-27.1 13.9-73.6 44.5-54.5 68 5.6 6.9 16 10 21.5 10 17.9 0 35.7-18 61.1-61.8 25.8-8.5 54.1-19.1 79-23.2 21.7 11.8 47.1 19.5 64 19.5 29.2 0 31.2-32 19.7-43.4-13.9-13.6-54.3-9.7-73.6-7.2zM377 105L279 7c-4.5-4.5-10.6-7-17-7h-6v128h128v-6.1c0-6.3-2.5-12.4-7-16.9zm-74.1 255.3c4.1-2.7-2.5-11.9-42.8-9 37.1 15.8 42.8 9 42.8 9z\"><\/path><\/svg>\t\t\t\t\t\t<\/span>\n\t\t\t\t\t\t\t\t\t\t<span class=\"elementor-icon-list-text\">Plasma und Ionenimplantationsl\u00f6sungen - Vakuumsysteme<\/span>\n\t\t\t\t\t\t\t\t\t\t\t<\/a>\n\t\t\t\t\t\t\t\t\t<\/li>\n\t\t\t\t\t\t<\/ul>\n\t\t\t\t\t\t<\/div>\n\t\t\t\t<\/div>\n\t\t\t\t<\/div>\n\t\t<div class=\"elementor-element elementor-element-566402a e-con-full e-flex e-con e-child\" data-id=\"566402a\" data-element_type=\"container\">\n\t\t\t\t<div class=\"elementor-element elementor-element-c932d41 elementor-widget elementor-widget-image\" data-id=\"c932d41\" data-element_type=\"widget\" data-widget_type=\"image.default\">\n\t\t\t\t<div class=\"elementor-widget-container\">\n\t\t\t\t\t\t\t\t\t\t\t\t\t\t\t<img decoding=\"async\" width=\"592\" height=\"412\" src=\"https:\/\/ionics.vps003.visible.be\/wp-content\/uploads\/2024\/08\/Plameco-Plasma-view.jpg\" class=\"attachment-large size-large wp-image-864\" alt=\"\" srcset=\"https:\/\/ionics.vps003.visible.be\/wp-content\/uploads\/2024\/08\/Plameco-Plasma-view.jpg 592w, https:\/\/ionics.vps003.visible.be\/wp-content\/uploads\/2024\/08\/Plameco-Plasma-view-300x209.jpg 300w\" sizes=\"(max-width: 592px) 100vw, 592px\" \/>\t\t\t\t\t\t\t\t\t\t\t\t\t\t\t<\/div>\n\t\t\t\t<\/div>\n\t\t\t\t<div class=\"elementor-element elementor-element-4de1ce2 elementor-widget elementor-widget-image\" data-id=\"4de1ce2\" data-element_type=\"widget\" data-widget_type=\"image.default\">\n\t\t\t\t<div class=\"elementor-widget-container\">\n\t\t\t\t\t\t\t\t\t\t\t\t\t\t\t<img decoding=\"async\" width=\"629\" height=\"278\" src=\"https:\/\/ionics.vps003.visible.be\/wp-content\/uploads\/2024\/08\/Connectors-with-copper.jpg\" class=\"attachment-large size-large wp-image-865\" alt=\"\" srcset=\"https:\/\/ionics.vps003.visible.be\/wp-content\/uploads\/2024\/08\/Connectors-with-copper.jpg 629w, https:\/\/ionics.vps003.visible.be\/wp-content\/uploads\/2024\/08\/Connectors-with-copper-300x133.jpg 300w\" sizes=\"(max-width: 629px) 100vw, 629px\" \/>\t\t\t\t\t\t\t\t\t\t\t\t\t\t\t<\/div>\n\t\t\t\t<\/div>\n\t\t\t\t<\/div>\n\t\t\t\t<\/div>\n\t\t\t\t<\/div>\n\t\t\t\t<\/div>\n\t\t\t\t\t<\/div>\n\t\t\t\t<\/div>\n\t\t\t\t<\/div>\n\t\t","protected":false},"excerpt":{"rendered":"<p>Zusammen mit den Technikern von MATERIA NOVA entwickelte IONICS ein einzigartiges Plasmabeschichtungsverfahren, das in der Lage ist, lose Teile und pulverartige Materialien zu beschichten. <\/p>\n","protected":false},"author":1,"featured_media":862,"parent":1862,"menu_order":0,"comment_status":"closed","ping_status":"closed","template":"elementor_header_footer","meta":{"_acf_changed":false,"inline_featured_image":false,"footnotes":""},"solution":[16,14],"class_list":["post-1922","page","type-page","status-publish","has-post-thumbnail","hentry","solution-coating","solution-equipment"],"acf":[],"yoast_head":"<!-- This site is optimized with the Yoast SEO plugin v24.4 - https:\/\/yoast.com\/wordpress\/plugins\/seo\/ -->\n<title>PLAMECO\u2122 - Ionics-group<\/title>\n<meta name=\"description\" content=\"PLAMECO\u2122 Beschichtungen f\u00fcr pulverartige Materialien, Fasern und Kleinteile Zusammen mit den Technikern von MATERIA NOVA entwickelte IONICS\u2026\" \/>\n<meta name=\"robots\" content=\"noindex, follow, max-snippet:-1, max-image-preview:large, max-video-preview:-1\" \/>\n<meta property=\"og:locale\" content=\"de_DE\" \/>\n<meta property=\"og:type\" content=\"article\" \/>\n<meta property=\"og:title\" content=\"PLAMECO\u2122 - Ionics-group\" \/>\n<meta property=\"og:description\" content=\"PLAMECO\u2122 Beschichtungen f\u00fcr pulverartige Materialien, Fasern und Kleinteile Zusammen mit den Technikern von MATERIA NOVA entwickelte IONICS\u2026\" \/>\n<meta property=\"og:url\" content=\"https:\/\/ionics.vps003.visible.be\/de\/unsere-loesungen\/auftragsbeschichtung\/plameco\/\" \/>\n<meta property=\"og:site_name\" content=\"Ionics-group\" \/>\n<meta property=\"article:modified_time\" content=\"2025-02-05T16:07:21+00:00\" \/>\n<meta property=\"og:image\" content=\"https:\/\/ionics.vps003.visible.be\/wp-content\/uploads\/2024\/08\/ionics-Equipment-Plameco-coatings-for-powders-fibers-and-small-parts.jpg\" \/>\n\t<meta property=\"og:image:width\" content=\"273\" \/>\n\t<meta property=\"og:image:height\" content=\"182\" \/>\n\t<meta property=\"og:image:type\" content=\"image\/jpeg\" \/>\n<meta name=\"twitter:card\" content=\"summary_large_image\" \/>\n<meta name=\"twitter:label1\" content=\"Gesch\u00e4tzte Lesezeit\" \/>\n\t<meta name=\"twitter:data1\" content=\"2\u00a0Minuten\" \/>\n<script type=\"application\/ld+json\" class=\"yoast-schema-graph\">{\"@context\":\"https:\/\/schema.org\",\"@graph\":[{\"@type\":\"WebPage\",\"@id\":\"https:\/\/ionics.vps003.visible.be\/de\/unsere-loesungen\/auftragsbeschichtung\/plameco\/\",\"url\":\"https:\/\/ionics.vps003.visible.be\/de\/unsere-loesungen\/auftragsbeschichtung\/plameco\/\",\"name\":\"PLAMECO\u2122 - Ionics-group\",\"isPartOf\":{\"@id\":\"https:\/\/ionics.vps003.visible.be\/de\/#website\"},\"primaryImageOfPage\":{\"@id\":\"https:\/\/ionics.vps003.visible.be\/de\/unsere-loesungen\/auftragsbeschichtung\/plameco\/#primaryimage\"},\"image\":{\"@id\":\"https:\/\/ionics.vps003.visible.be\/de\/unsere-loesungen\/auftragsbeschichtung\/plameco\/#primaryimage\"},\"thumbnailUrl\":\"https:\/\/ionics.vps003.visible.be\/wp-content\/uploads\/2024\/08\/ionics-Equipment-Plameco-coatings-for-powders-fibers-and-small-parts.jpg\",\"datePublished\":\"2024-08-27T14:44:12+00:00\",\"dateModified\":\"2025-02-05T16:07:21+00:00\",\"description\":\"PLAMECO\u2122 Beschichtungen f\u00fcr pulverartige Materialien, Fasern und Kleinteile Zusammen mit den Technikern von MATERIA NOVA entwickelte IONICS\u2026\",\"breadcrumb\":{\"@id\":\"https:\/\/ionics.vps003.visible.be\/de\/unsere-loesungen\/auftragsbeschichtung\/plameco\/#breadcrumb\"},\"inLanguage\":\"de\",\"potentialAction\":[{\"@type\":\"ReadAction\",\"target\":[\"https:\/\/ionics.vps003.visible.be\/de\/unsere-loesungen\/auftragsbeschichtung\/plameco\/\"]}]},{\"@type\":\"ImageObject\",\"inLanguage\":\"de\",\"@id\":\"https:\/\/ionics.vps003.visible.be\/de\/unsere-loesungen\/auftragsbeschichtung\/plameco\/#primaryimage\",\"url\":\"https:\/\/ionics.vps003.visible.be\/wp-content\/uploads\/2024\/08\/ionics-Equipment-Plameco-coatings-for-powders-fibers-and-small-parts.jpg\",\"contentUrl\":\"https:\/\/ionics.vps003.visible.be\/wp-content\/uploads\/2024\/08\/ionics-Equipment-Plameco-coatings-for-powders-fibers-and-small-parts.jpg\",\"width\":273,\"height\":182},{\"@type\":\"BreadcrumbList\",\"@id\":\"https:\/\/ionics.vps003.visible.be\/de\/unsere-loesungen\/auftragsbeschichtung\/plameco\/#breadcrumb\",\"itemListElement\":[{\"@type\":\"ListItem\",\"position\":1,\"name\":\"Home\",\"item\":\"https:\/\/ionics.vps003.visible.be\/de\/\"},{\"@type\":\"ListItem\",\"position\":2,\"name\":\"Unsere L\u00f6sungen\",\"item\":\"https:\/\/ionics.vps003.visible.be\/de\/unsere-loesungen\/\"},{\"@type\":\"ListItem\",\"position\":3,\"name\":\"Lohnbeschichtung\",\"item\":\"https:\/\/ionics.vps003.visible.be\/de\/unsere-loesungen\/auftragsbeschichtung\/\"},{\"@type\":\"ListItem\",\"position\":4,\"name\":\"PLAMECO\u2122\"}]},{\"@type\":\"WebSite\",\"@id\":\"https:\/\/ionics.vps003.visible.be\/de\/#website\",\"url\":\"https:\/\/ionics.vps003.visible.be\/de\/\",\"name\":\"Ionics-group\",\"description\":\"Surface technologies\",\"publisher\":{\"@id\":\"https:\/\/ionics.vps003.visible.be\/de\/#organization\"},\"potentialAction\":[{\"@type\":\"SearchAction\",\"target\":{\"@type\":\"EntryPoint\",\"urlTemplate\":\"https:\/\/ionics.vps003.visible.be\/de\/?s={search_term_string}\"},\"query-input\":{\"@type\":\"PropertyValueSpecification\",\"valueRequired\":true,\"valueName\":\"search_term_string\"}}],\"inLanguage\":\"de\"},{\"@type\":\"Organization\",\"@id\":\"https:\/\/ionics.vps003.visible.be\/de\/#organization\",\"name\":\"Ionics-group\",\"url\":\"https:\/\/ionics.vps003.visible.be\/de\/\",\"logo\":{\"@type\":\"ImageObject\",\"inLanguage\":\"de\",\"@id\":\"https:\/\/ionics.vps003.visible.be\/de\/#\/schema\/logo\/image\/\",\"url\":\"https:\/\/ionics.vps003.visible.be\/wp-content\/uploads\/2024\/08\/ionics10ans.svg\",\"contentUrl\":\"https:\/\/ionics.vps003.visible.be\/wp-content\/uploads\/2024\/08\/ionics10ans.svg\",\"width\":447,\"height\":179,\"caption\":\"Ionics-group\"},\"image\":{\"@id\":\"https:\/\/ionics.vps003.visible.be\/de\/#\/schema\/logo\/image\/\"}}]}<\/script>\n<!-- \/ Yoast SEO plugin. -->","yoast_head_json":{"title":"PLAMECO\u2122 - Ionics-group","description":"PLAMECO\u2122 Beschichtungen f\u00fcr pulverartige Materialien, Fasern und Kleinteile Zusammen mit den Technikern von MATERIA NOVA entwickelte IONICS\u2026","robots":{"index":"noindex","follow":"follow","max-snippet":"max-snippet:-1","max-image-preview":"max-image-preview:large","max-video-preview":"max-video-preview:-1"},"og_locale":"de_DE","og_type":"article","og_title":"PLAMECO\u2122 - Ionics-group","og_description":"PLAMECO\u2122 Beschichtungen f\u00fcr pulverartige Materialien, Fasern und Kleinteile Zusammen mit den Technikern von MATERIA NOVA entwickelte IONICS\u2026","og_url":"https:\/\/ionics.vps003.visible.be\/de\/unsere-loesungen\/auftragsbeschichtung\/plameco\/","og_site_name":"Ionics-group","article_modified_time":"2025-02-05T16:07:21+00:00","og_image":[{"width":273,"height":182,"url":"https:\/\/ionics.vps003.visible.be\/wp-content\/uploads\/2024\/08\/ionics-Equipment-Plameco-coatings-for-powders-fibers-and-small-parts.jpg","type":"image\/jpeg"}],"twitter_card":"summary_large_image","twitter_misc":{"Gesch\u00e4tzte Lesezeit":"2\u00a0Minuten"},"schema":{"@context":"https:\/\/schema.org","@graph":[{"@type":"WebPage","@id":"https:\/\/ionics.vps003.visible.be\/de\/unsere-loesungen\/auftragsbeschichtung\/plameco\/","url":"https:\/\/ionics.vps003.visible.be\/de\/unsere-loesungen\/auftragsbeschichtung\/plameco\/","name":"PLAMECO\u2122 - Ionics-group","isPartOf":{"@id":"https:\/\/ionics.vps003.visible.be\/de\/#website"},"primaryImageOfPage":{"@id":"https:\/\/ionics.vps003.visible.be\/de\/unsere-loesungen\/auftragsbeschichtung\/plameco\/#primaryimage"},"image":{"@id":"https:\/\/ionics.vps003.visible.be\/de\/unsere-loesungen\/auftragsbeschichtung\/plameco\/#primaryimage"},"thumbnailUrl":"https:\/\/ionics.vps003.visible.be\/wp-content\/uploads\/2024\/08\/ionics-Equipment-Plameco-coatings-for-powders-fibers-and-small-parts.jpg","datePublished":"2024-08-27T14:44:12+00:00","dateModified":"2025-02-05T16:07:21+00:00","description":"PLAMECO\u2122 Beschichtungen f\u00fcr pulverartige Materialien, Fasern und Kleinteile Zusammen mit den Technikern von MATERIA NOVA entwickelte IONICS\u2026","breadcrumb":{"@id":"https:\/\/ionics.vps003.visible.be\/de\/unsere-loesungen\/auftragsbeschichtung\/plameco\/#breadcrumb"},"inLanguage":"de","potentialAction":[{"@type":"ReadAction","target":["https:\/\/ionics.vps003.visible.be\/de\/unsere-loesungen\/auftragsbeschichtung\/plameco\/"]}]},{"@type":"ImageObject","inLanguage":"de","@id":"https:\/\/ionics.vps003.visible.be\/de\/unsere-loesungen\/auftragsbeschichtung\/plameco\/#primaryimage","url":"https:\/\/ionics.vps003.visible.be\/wp-content\/uploads\/2024\/08\/ionics-Equipment-Plameco-coatings-for-powders-fibers-and-small-parts.jpg","contentUrl":"https:\/\/ionics.vps003.visible.be\/wp-content\/uploads\/2024\/08\/ionics-Equipment-Plameco-coatings-for-powders-fibers-and-small-parts.jpg","width":273,"height":182},{"@type":"BreadcrumbList","@id":"https:\/\/ionics.vps003.visible.be\/de\/unsere-loesungen\/auftragsbeschichtung\/plameco\/#breadcrumb","itemListElement":[{"@type":"ListItem","position":1,"name":"Home","item":"https:\/\/ionics.vps003.visible.be\/de\/"},{"@type":"ListItem","position":2,"name":"Unsere L\u00f6sungen","item":"https:\/\/ionics.vps003.visible.be\/de\/unsere-loesungen\/"},{"@type":"ListItem","position":3,"name":"Lohnbeschichtung","item":"https:\/\/ionics.vps003.visible.be\/de\/unsere-loesungen\/auftragsbeschichtung\/"},{"@type":"ListItem","position":4,"name":"PLAMECO\u2122"}]},{"@type":"WebSite","@id":"https:\/\/ionics.vps003.visible.be\/de\/#website","url":"https:\/\/ionics.vps003.visible.be\/de\/","name":"Ionics-group","description":"Surface technologies","publisher":{"@id":"https:\/\/ionics.vps003.visible.be\/de\/#organization"},"potentialAction":[{"@type":"SearchAction","target":{"@type":"EntryPoint","urlTemplate":"https:\/\/ionics.vps003.visible.be\/de\/?s={search_term_string}"},"query-input":{"@type":"PropertyValueSpecification","valueRequired":true,"valueName":"search_term_string"}}],"inLanguage":"de"},{"@type":"Organization","@id":"https:\/\/ionics.vps003.visible.be\/de\/#organization","name":"Ionics-group","url":"https:\/\/ionics.vps003.visible.be\/de\/","logo":{"@type":"ImageObject","inLanguage":"de","@id":"https:\/\/ionics.vps003.visible.be\/de\/#\/schema\/logo\/image\/","url":"https:\/\/ionics.vps003.visible.be\/wp-content\/uploads\/2024\/08\/ionics10ans.svg","contentUrl":"https:\/\/ionics.vps003.visible.be\/wp-content\/uploads\/2024\/08\/ionics10ans.svg","width":447,"height":179,"caption":"Ionics-group"},"image":{"@id":"https:\/\/ionics.vps003.visible.be\/de\/#\/schema\/logo\/image\/"}}]}},"_links":{"self":[{"href":"https:\/\/ionics.vps003.visible.be\/de\/wp-json\/wp\/v2\/pages\/1922","targetHints":{"allow":["GET"]}}],"collection":[{"href":"https:\/\/ionics.vps003.visible.be\/de\/wp-json\/wp\/v2\/pages"}],"about":[{"href":"https:\/\/ionics.vps003.visible.be\/de\/wp-json\/wp\/v2\/types\/page"}],"author":[{"embeddable":true,"href":"https:\/\/ionics.vps003.visible.be\/de\/wp-json\/wp\/v2\/users\/1"}],"replies":[{"embeddable":true,"href":"https:\/\/ionics.vps003.visible.be\/de\/wp-json\/wp\/v2\/comments?post=1922"}],"version-history":[{"count":2,"href":"https:\/\/ionics.vps003.visible.be\/de\/wp-json\/wp\/v2\/pages\/1922\/revisions"}],"predecessor-version":[{"id":2393,"href":"https:\/\/ionics.vps003.visible.be\/de\/wp-json\/wp\/v2\/pages\/1922\/revisions\/2393"}],"up":[{"embeddable":true,"href":"https:\/\/ionics.vps003.visible.be\/de\/wp-json\/wp\/v2\/pages\/1862"}],"wp:featuredmedia":[{"embeddable":true,"href":"https:\/\/ionics.vps003.visible.be\/de\/wp-json\/wp\/v2\/media\/862"}],"wp:attachment":[{"href":"https:\/\/ionics.vps003.visible.be\/de\/wp-json\/wp\/v2\/media?parent=1922"}],"wp:term":[{"taxonomy":"solution","embeddable":true,"href":"https:\/\/ionics.vps003.visible.be\/de\/wp-json\/wp\/v2\/solution?post=1922"}],"curies":[{"name":"wp","href":"https:\/\/api.w.org\/{rel}","templated":true}]}}