{"id":1911,"date":"2025-01-06T15:33:22","date_gmt":"2025-01-06T14:33:22","guid":{"rendered":"https:\/\/ionics.vps003.visible.be\/unsere-loesungen\/maschinen-anlagenbau\/iongun\/"},"modified":"2025-02-05T17:10:07","modified_gmt":"2025-02-05T16:10:07","slug":"iongun","status":"publish","type":"page","link":"https:\/\/ionics.vps003.visible.be\/de\/unsere-loesungen\/maschinen-anlagenbau\/iongun\/","title":{"rendered":"ionGUN\u2122"},"content":{"rendered":"\t\t<div data-elementor-type=\"wp-page\" data-elementor-id=\"1911\" class=\"elementor elementor-1911 elementor-1653\" data-elementor-post-type=\"page\">\n\t\t\t\t<div class=\"elementor-element elementor-element-62994a9 e-flex e-con-boxed e-con e-parent\" data-id=\"62994a9\" data-element_type=\"container\">\n\t\t\t\t\t<div class=\"e-con-inner\">\n\t\t<div class=\"elementor-element elementor-element-0151dcf e-con-full e-flex e-con e-child\" data-id=\"0151dcf\" data-element_type=\"container\">\n\t\t\t\t<div class=\"elementor-element elementor-element-3648a8f elementor-widget elementor-widget-heading\" data-id=\"3648a8f\" data-element_type=\"widget\" data-widget_type=\"heading.default\">\n\t\t\t\t<div class=\"elementor-widget-container\">\n\t\t\t\t\t<h1 class=\"elementor-heading-title elementor-size-default\">ionGUN\u2122 : Ionenimplanter<\/h1>\t\t\t\t<\/div>\n\t\t\t\t<\/div>\n\t\t<div class=\"elementor-element elementor-element-72d200f e-con-full e-flex e-con e-child\" data-id=\"72d200f\" data-element_type=\"container\">\n\t\t<div class=\"elementor-element elementor-element-b64fe90 e-con-full e-flex e-con e-child\" data-id=\"b64fe90\" data-element_type=\"container\">\n\t\t\t\t<div class=\"elementor-element elementor-element-f942a7e elementor-widget elementor-widget-text-editor\" data-id=\"f942a7e\" data-element_type=\"widget\" data-widget_type=\"text-editor.default\">\n\t\t\t\t<div class=\"elementor-widget-container\">\n\t\t\t\t\t\t\t\t\t<h2>Was ist ein ionGUN\u2122?<\/h2><div><p>Seit 2017 hat IONICS eine Reihe von Niederdruck-Mikrobeschleunigern (ionGUN\u2122) entwickelt, die einen effizienten und kosteng\u00fcnstigen Einsatz des Ionenstrahlimplantationsverfahrens erm\u00f6glichen. Ein ECR (Electron Cylcotron Resonance) mit einer dichten Plasmaquelle erzeugt einen mehrfach geladenen Ionenstrahl von bis zu 10 mA, der durch ein elektrisches Feld bei 35 keV auf die zu behandelnde Materialoberfl\u00e4che beschleunigt wird. Es werden verschiedene reine oder gemischte Gase verwendet, um die Oberfl\u00e4cheneingenschaften von Metallen, Gl\u00e4sern, Keramiken und Polymeren zu verbessern. Die Eindringtiefe der Ionen h\u00e4ngt vom Gas, der Materialzusammensetzung und -temperatur, der Energie des Strahls und dem Streuwinkel ab. Ein solches Ionenimplantationsverfahren verbessert die Oberfl\u00e4chenleistung und verleiht Ihrem Material neue Eigenschaften, ohne zus\u00e4tzliche Beschichtungen zu erfordern.<\/p><h3>ionGUN\u2122, ECR Ionenquellen:<\/h3><p>ionGUN\u2122-Quellen sind kompakt und k\u00f6nnen leicht in bestehende Niederdruckanlagen oder in brandneue, vom IONICS-Ingenieurteam entwickelte Systeme eingebaut werden. Kammern im Laborma\u00dfstab und spezielle industrielle Produktionslinien stehen f\u00fcr Demonstrationen zur Verf\u00fcgung. Die Technologie kann mit anderen Niederdrucktechnologien wie PVD- (Physical Vapor Deposition) und PECVD- (Plasma Enhanced Chemical Vapor Deposition) Verfahren kombiniert werden, um die Herstellung leistungsf\u00e4higerer Materialien mit verbesserten Eigenschaften zu erm\u00f6glichen.<\/p><\/div><div>Das Ionenimplantationssystem ionGUN\u2122 verbessert die Oberfl\u00e4cheneigenschaften beliebiger Materialien. Oberfl\u00e4chenh\u00e4rtung, erh\u00f6hte Korrosionsbest\u00e4ndigkeit, niedriger Reibungskoeffizient sind die wichtigsten Effekte, die bei behandelten Metallen, Glas, Keramik und Polymeren beobachtet werden. Die Ionenimplantationstechnologie ist ein kaltphysikalisches, kosteng\u00fcnstiges und umweltfreundliches Niederdruckverfahren. Potenziell relevante M\u00e4rkte sind zahlreich: mechanische Teile, Motoren, Schneidwerkzeuge, biomedizinische Implantate, technische Gl\u00e4ser, Luxus und Design, Elastomere,&#8230;<\/div><div><h2>Prozessvorteile :<\/h2><div><ul><li>Tieftemperatur-Oberfl\u00e4chenbehandlung: alle Materialien k\u00f6nnen behandelt werden, auch isolierende und temperaturempfindliche Materialien, ohne \u00c4nderung der Masseeigenschaften.<\/li><li>Keine Beschichtungen: die Materialoberfl\u00e4che wird modifiziert und aufgewertet.<\/li><li>Umweltfreundlicher Trockenprozess.<\/li><\/ul><\/div><\/div>\t\t\t\t\t\t\t\t<\/div>\n\t\t\t\t<\/div>\n\t\t\t\t<\/div>\n\t\t<div class=\"elementor-element elementor-element-7477157 e-con-full e-flex e-con e-child\" data-id=\"7477157\" data-element_type=\"container\">\n\t\t<div class=\"elementor-element elementor-element-68bbe55 e-con-full e-flex e-con e-child\" data-id=\"68bbe55\" data-element_type=\"container\" data-settings=\"{&quot;background_background&quot;:&quot;classic&quot;}\">\n\t\t\t\t<div class=\"elementor-element elementor-element-306ef9f elementor-widget elementor-widget-heading\" data-id=\"306ef9f\" data-element_type=\"widget\" data-widget_type=\"heading.default\">\n\t\t\t\t<div class=\"elementor-widget-container\">\n\t\t\t\t\t<h2 class=\"elementor-heading-title elementor-size-default\">Dokumente<\/h2>\t\t\t\t<\/div>\n\t\t\t\t<\/div>\n\t\t\t\t<div class=\"elementor-element elementor-element-943e2b1 elementor-icon-list--layout-traditional elementor-list-item-link-full_width elementor-widget elementor-widget-icon-list\" data-id=\"943e2b1\" data-element_type=\"widget\" data-widget_type=\"icon-list.default\">\n\t\t\t\t<div class=\"elementor-widget-container\">\n\t\t\t\t\t\t\t<ul class=\"elementor-icon-list-items\">\n\t\t\t\t\t\t\t<li class=\"elementor-icon-list-item\">\n\t\t\t\t\t\t\t\t\t\t\t<a href=\"\/wp-content\/uploads\/2025\/01\/iongun-fiche-a4-en-web.pdf\" target=\"_blank\">\n\n\t\t\t\t\t\t\t\t\t\t\t\t<span class=\"elementor-icon-list-icon\">\n\t\t\t\t\t\t\t<svg aria-hidden=\"true\" class=\"e-font-icon-svg e-fas-file-pdf\" viewBox=\"0 0 384 512\" xmlns=\"http:\/\/www.w3.org\/2000\/svg\"><path d=\"M181.9 256.1c-5-16-4.9-46.9-2-46.9 8.4 0 7.6 36.9 2 46.9zm-1.7 47.2c-7.7 20.2-17.3 43.3-28.4 62.7 18.3-7 39-17.2 62.9-21.9-12.7-9.6-24.9-23.4-34.5-40.8zM86.1 428.1c0 .8 13.2-5.4 34.9-40.2-6.7 6.3-29.1 24.5-34.9 40.2zM248 160h136v328c0 13.3-10.7 24-24 24H24c-13.3 0-24-10.7-24-24V24C0 10.7 10.7 0 24 0h200v136c0 13.2 10.8 24 24 24zm-8 171.8c-20-12.2-33.3-29-42.7-53.8 4.5-18.5 11.6-46.6 6.2-64.2-4.7-29.4-42.4-26.5-47.8-6.8-5 18.3-.4 44.1 8.1 77-11.6 27.6-28.7 64.6-40.8 85.8-.1 0-.1.1-.2.1-27.1 13.9-73.6 44.5-54.5 68 5.6 6.9 16 10 21.5 10 17.9 0 35.7-18 61.1-61.8 25.8-8.5 54.1-19.1 79-23.2 21.7 11.8 47.1 19.5 64 19.5 29.2 0 31.2-32 19.7-43.4-13.9-13.6-54.3-9.7-73.6-7.2zM377 105L279 7c-4.5-4.5-10.6-7-17-7h-6v128h128v-6.1c0-6.3-2.5-12.4-7-16.9zm-74.1 255.3c4.1-2.7-2.5-11.9-42.8-9 37.1 15.8 42.8 9 42.8 9z\"><\/path><\/svg>\t\t\t\t\t\t<\/span>\n\t\t\t\t\t\t\t\t\t\t<span class=\"elementor-icon-list-text\">Product information ionGUN\u2122<\/span>\n\t\t\t\t\t\t\t\t\t\t\t<\/a>\n\t\t\t\t\t\t\t\t\t<\/li>\n\t\t\t\t\t\t\t\t<li class=\"elementor-icon-list-item\">\n\t\t\t\t\t\t\t\t\t\t\t<a href=\"\/wp-content\/uploads\/2025\/01\/ionics-plasma-and-ion-implantation-v2-14-09-23.pdf\" target=\"_blank\">\n\n\t\t\t\t\t\t\t\t\t\t\t\t<span class=\"elementor-icon-list-icon\">\n\t\t\t\t\t\t\t<svg aria-hidden=\"true\" class=\"e-font-icon-svg e-fas-file-pdf\" viewBox=\"0 0 384 512\" xmlns=\"http:\/\/www.w3.org\/2000\/svg\"><path d=\"M181.9 256.1c-5-16-4.9-46.9-2-46.9 8.4 0 7.6 36.9 2 46.9zm-1.7 47.2c-7.7 20.2-17.3 43.3-28.4 62.7 18.3-7 39-17.2 62.9-21.9-12.7-9.6-24.9-23.4-34.5-40.8zM86.1 428.1c0 .8 13.2-5.4 34.9-40.2-6.7 6.3-29.1 24.5-34.9 40.2zM248 160h136v328c0 13.3-10.7 24-24 24H24c-13.3 0-24-10.7-24-24V24C0 10.7 10.7 0 24 0h200v136c0 13.2 10.8 24 24 24zm-8 171.8c-20-12.2-33.3-29-42.7-53.8 4.5-18.5 11.6-46.6 6.2-64.2-4.7-29.4-42.4-26.5-47.8-6.8-5 18.3-.4 44.1 8.1 77-11.6 27.6-28.7 64.6-40.8 85.8-.1 0-.1.1-.2.1-27.1 13.9-73.6 44.5-54.5 68 5.6 6.9 16 10 21.5 10 17.9 0 35.7-18 61.1-61.8 25.8-8.5 54.1-19.1 79-23.2 21.7 11.8 47.1 19.5 64 19.5 29.2 0 31.2-32 19.7-43.4-13.9-13.6-54.3-9.7-73.6-7.2zM377 105L279 7c-4.5-4.5-10.6-7-17-7h-6v128h128v-6.1c0-6.3-2.5-12.4-7-16.9zm-74.1 255.3c4.1-2.7-2.5-11.9-42.8-9 37.1 15.8 42.8 9 42.8 9z\"><\/path><\/svg>\t\t\t\t\t\t<\/span>\n\t\t\t\t\t\t\t\t\t\t<span class=\"elementor-icon-list-text\">Plasma und Ionenimplantationsl\u00f6sungen - Vakuumsysteme<\/span>\n\t\t\t\t\t\t\t\t\t\t\t<\/a>\n\t\t\t\t\t\t\t\t\t<\/li>\n\t\t\t\t\t\t<\/ul>\n\t\t\t\t\t\t<\/div>\n\t\t\t\t<\/div>\n\t\t\t\t<\/div>\n\t\t<div class=\"elementor-element elementor-element-898112e e-con-full e-flex e-con e-child\" data-id=\"898112e\" data-element_type=\"container\">\n\t\t\t\t<div class=\"elementor-element elementor-element-c5d699d elementor-widget elementor-widget-image\" data-id=\"c5d699d\" data-element_type=\"widget\" data-widget_type=\"image.default\">\n\t\t\t\t<div class=\"elementor-widget-container\">\n\t\t\t\t\t\t\t\t\t\t\t\t\t\t\t<img fetchpriority=\"high\" decoding=\"async\" width=\"400\" height=\"445\" src=\"https:\/\/ionics.vps003.visible.be\/wp-content\/uploads\/2025\/01\/ionGUN_schema.jpg\" class=\"attachment-large size-large wp-image-1655\" alt=\"\" srcset=\"https:\/\/ionics.vps003.visible.be\/wp-content\/uploads\/2025\/01\/ionGUN_schema.jpg 400w, https:\/\/ionics.vps003.visible.be\/wp-content\/uploads\/2025\/01\/ionGUN_schema-270x300.jpg 270w\" sizes=\"(max-width: 400px) 100vw, 400px\" \/>\t\t\t\t\t\t\t\t\t\t\t\t\t\t\t<\/div>\n\t\t\t\t<\/div>\n\t\t\t\t<div class=\"elementor-element elementor-element-70d02ba elementor-widget elementor-widget-image\" data-id=\"70d02ba\" data-element_type=\"widget\" data-widget_type=\"image.default\">\n\t\t\t\t<div class=\"elementor-widget-container\">\n\t\t\t\t\t\t\t\t\t\t\t\t\t\t\t<img decoding=\"async\" width=\"800\" height=\"495\" src=\"https:\/\/ionics.vps003.visible.be\/wp-content\/uploads\/2025\/01\/ionGUN_equipment.jpg\" class=\"attachment-large size-large wp-image-1657\" alt=\"\" srcset=\"https:\/\/ionics.vps003.visible.be\/wp-content\/uploads\/2025\/01\/ionGUN_equipment.jpg 838w, https:\/\/ionics.vps003.visible.be\/wp-content\/uploads\/2025\/01\/ionGUN_equipment-300x186.jpg 300w, https:\/\/ionics.vps003.visible.be\/wp-content\/uploads\/2025\/01\/ionGUN_equipment-768x476.jpg 768w\" sizes=\"(max-width: 800px) 100vw, 800px\" \/>\t\t\t\t\t\t\t\t\t\t\t\t\t\t\t<\/div>\n\t\t\t\t<\/div>\n\t\t\t\t<\/div>\n\t\t\t\t<\/div>\n\t\t\t\t<\/div>\n\t\t\t\t<\/div>\n\t\t\t\t\t<\/div>\n\t\t\t\t<\/div>\n\t\t\t\t<\/div>\n\t\t","protected":false},"excerpt":{"rendered":"<p>Seit 2017 hat IONICS eine Reihe von Niederdruck-Mikrobeschleunigern (ionGUN\u2122) entwickelt, die einen effizienten und kosteng\u00fcnstigen Einsatz des Ionenstrahlimplantationsverfahrens erm\u00f6glichen. <\/p>\n","protected":false},"author":1,"featured_media":855,"parent":1907,"menu_order":0,"comment_status":"closed","ping_status":"closed","template":"elementor_header_footer","meta":{"_acf_changed":false,"inline_featured_image":false,"footnotes":""},"solution":[14],"class_list":["post-1911","page","type-page","status-publish","has-post-thumbnail","hentry","solution-equipment"],"acf":[],"yoast_head":"<!-- This site is optimized with the Yoast SEO plugin v24.4 - https:\/\/yoast.com\/wordpress\/plugins\/seo\/ -->\n<title>ionGUN\u2122 - Ionics-group<\/title>\n<meta name=\"robots\" content=\"noindex, follow, max-snippet:-1, max-image-preview:large, max-video-preview:-1\" \/>\n<meta property=\"og:locale\" content=\"de_DE\" \/>\n<meta property=\"og:type\" content=\"article\" \/>\n<meta property=\"og:title\" content=\"ionGUN\u2122 - Ionics-group\" \/>\n<meta property=\"og:description\" content=\"Seit 2017 hat IONICS eine Reihe von Niederdruck-Mikrobeschleunigern (ionGUN\u2122) entwickelt, die einen effizienten und kosteng\u00fcnstigen Einsatz des Ionenstrahlimplantationsverfahrens erm\u00f6glichen.\" \/>\n<meta property=\"og:url\" content=\"https:\/\/ionics.vps003.visible.be\/de\/unsere-loesungen\/maschinen-anlagenbau\/iongun\/\" \/>\n<meta property=\"og:site_name\" content=\"Ionics-group\" \/>\n<meta property=\"article:modified_time\" content=\"2025-02-05T16:10:07+00:00\" \/>\n<meta property=\"og:image\" content=\"https:\/\/ionics.vps003.visible.be\/wp-content\/uploads\/2024\/08\/ionics-Equipment-ionJET-atmospheric-plasma-equipment.jpg\" \/>\n\t<meta property=\"og:image:width\" content=\"264\" \/>\n\t<meta property=\"og:image:height\" content=\"182\" \/>\n\t<meta property=\"og:image:type\" content=\"image\/jpeg\" \/>\n<meta name=\"twitter:card\" content=\"summary_large_image\" \/>\n<meta name=\"twitter:label1\" content=\"Gesch\u00e4tzte Lesezeit\" \/>\n\t<meta name=\"twitter:data1\" content=\"2\u00a0Minuten\" \/>\n<script type=\"application\/ld+json\" class=\"yoast-schema-graph\">{\"@context\":\"https:\/\/schema.org\",\"@graph\":[{\"@type\":\"WebPage\",\"@id\":\"https:\/\/ionics.vps003.visible.be\/de\/unsere-loesungen\/maschinen-anlagenbau\/iongun\/\",\"url\":\"https:\/\/ionics.vps003.visible.be\/de\/unsere-loesungen\/maschinen-anlagenbau\/iongun\/\",\"name\":\"ionGUN\u2122 - Ionics-group\",\"isPartOf\":{\"@id\":\"https:\/\/ionics.vps003.visible.be\/de\/#website\"},\"primaryImageOfPage\":{\"@id\":\"https:\/\/ionics.vps003.visible.be\/de\/unsere-loesungen\/maschinen-anlagenbau\/iongun\/#primaryimage\"},\"image\":{\"@id\":\"https:\/\/ionics.vps003.visible.be\/de\/unsere-loesungen\/maschinen-anlagenbau\/iongun\/#primaryimage\"},\"thumbnailUrl\":\"https:\/\/ionics.vps003.visible.be\/wp-content\/uploads\/2024\/08\/ionics-Equipment-ionJET-atmospheric-plasma-equipment.jpg\",\"datePublished\":\"2025-01-06T14:33:22+00:00\",\"dateModified\":\"2025-02-05T16:10:07+00:00\",\"breadcrumb\":{\"@id\":\"https:\/\/ionics.vps003.visible.be\/de\/unsere-loesungen\/maschinen-anlagenbau\/iongun\/#breadcrumb\"},\"inLanguage\":\"de\",\"potentialAction\":[{\"@type\":\"ReadAction\",\"target\":[\"https:\/\/ionics.vps003.visible.be\/de\/unsere-loesungen\/maschinen-anlagenbau\/iongun\/\"]}]},{\"@type\":\"ImageObject\",\"inLanguage\":\"de\",\"@id\":\"https:\/\/ionics.vps003.visible.be\/de\/unsere-loesungen\/maschinen-anlagenbau\/iongun\/#primaryimage\",\"url\":\"https:\/\/ionics.vps003.visible.be\/wp-content\/uploads\/2024\/08\/ionics-Equipment-ionJET-atmospheric-plasma-equipment.jpg\",\"contentUrl\":\"https:\/\/ionics.vps003.visible.be\/wp-content\/uploads\/2024\/08\/ionics-Equipment-ionJET-atmospheric-plasma-equipment.jpg\",\"width\":264,\"height\":182},{\"@type\":\"BreadcrumbList\",\"@id\":\"https:\/\/ionics.vps003.visible.be\/de\/unsere-loesungen\/maschinen-anlagenbau\/iongun\/#breadcrumb\",\"itemListElement\":[{\"@type\":\"ListItem\",\"position\":1,\"name\":\"Home\",\"item\":\"https:\/\/ionics.vps003.visible.be\/de\/\"},{\"@type\":\"ListItem\",\"position\":2,\"name\":\"Unsere L\u00f6sungen\",\"item\":\"https:\/\/ionics.vps003.visible.be\/de\/unsere-loesungen\/\"},{\"@type\":\"ListItem\",\"position\":3,\"name\":\"Maschinen- &amp; Anlagenbau\",\"item\":\"https:\/\/ionics.vps003.visible.be\/de\/unsere-loesungen\/maschinen-anlagenbau\/\"},{\"@type\":\"ListItem\",\"position\":4,\"name\":\"ionGUN\u2122\"}]},{\"@type\":\"WebSite\",\"@id\":\"https:\/\/ionics.vps003.visible.be\/de\/#website\",\"url\":\"https:\/\/ionics.vps003.visible.be\/de\/\",\"name\":\"Ionics-group\",\"description\":\"Surface technologies\",\"publisher\":{\"@id\":\"https:\/\/ionics.vps003.visible.be\/de\/#organization\"},\"potentialAction\":[{\"@type\":\"SearchAction\",\"target\":{\"@type\":\"EntryPoint\",\"urlTemplate\":\"https:\/\/ionics.vps003.visible.be\/de\/?s={search_term_string}\"},\"query-input\":{\"@type\":\"PropertyValueSpecification\",\"valueRequired\":true,\"valueName\":\"search_term_string\"}}],\"inLanguage\":\"de\"},{\"@type\":\"Organization\",\"@id\":\"https:\/\/ionics.vps003.visible.be\/de\/#organization\",\"name\":\"Ionics-group\",\"url\":\"https:\/\/ionics.vps003.visible.be\/de\/\",\"logo\":{\"@type\":\"ImageObject\",\"inLanguage\":\"de\",\"@id\":\"https:\/\/ionics.vps003.visible.be\/de\/#\/schema\/logo\/image\/\",\"url\":\"https:\/\/ionics.vps003.visible.be\/wp-content\/uploads\/2024\/08\/ionics10ans.svg\",\"contentUrl\":\"https:\/\/ionics.vps003.visible.be\/wp-content\/uploads\/2024\/08\/ionics10ans.svg\",\"width\":447,\"height\":179,\"caption\":\"Ionics-group\"},\"image\":{\"@id\":\"https:\/\/ionics.vps003.visible.be\/de\/#\/schema\/logo\/image\/\"}}]}<\/script>\n<!-- \/ Yoast SEO plugin. -->","yoast_head_json":{"title":"ionGUN\u2122 - Ionics-group","robots":{"index":"noindex","follow":"follow","max-snippet":"max-snippet:-1","max-image-preview":"max-image-preview:large","max-video-preview":"max-video-preview:-1"},"og_locale":"de_DE","og_type":"article","og_title":"ionGUN\u2122 - Ionics-group","og_description":"Seit 2017 hat IONICS eine Reihe von Niederdruck-Mikrobeschleunigern (ionGUN\u2122) entwickelt, die einen effizienten und kosteng\u00fcnstigen Einsatz des Ionenstrahlimplantationsverfahrens erm\u00f6glichen.","og_url":"https:\/\/ionics.vps003.visible.be\/de\/unsere-loesungen\/maschinen-anlagenbau\/iongun\/","og_site_name":"Ionics-group","article_modified_time":"2025-02-05T16:10:07+00:00","og_image":[{"width":264,"height":182,"url":"https:\/\/ionics.vps003.visible.be\/wp-content\/uploads\/2024\/08\/ionics-Equipment-ionJET-atmospheric-plasma-equipment.jpg","type":"image\/jpeg"}],"twitter_card":"summary_large_image","twitter_misc":{"Gesch\u00e4tzte Lesezeit":"2\u00a0Minuten"},"schema":{"@context":"https:\/\/schema.org","@graph":[{"@type":"WebPage","@id":"https:\/\/ionics.vps003.visible.be\/de\/unsere-loesungen\/maschinen-anlagenbau\/iongun\/","url":"https:\/\/ionics.vps003.visible.be\/de\/unsere-loesungen\/maschinen-anlagenbau\/iongun\/","name":"ionGUN\u2122 - Ionics-group","isPartOf":{"@id":"https:\/\/ionics.vps003.visible.be\/de\/#website"},"primaryImageOfPage":{"@id":"https:\/\/ionics.vps003.visible.be\/de\/unsere-loesungen\/maschinen-anlagenbau\/iongun\/#primaryimage"},"image":{"@id":"https:\/\/ionics.vps003.visible.be\/de\/unsere-loesungen\/maschinen-anlagenbau\/iongun\/#primaryimage"},"thumbnailUrl":"https:\/\/ionics.vps003.visible.be\/wp-content\/uploads\/2024\/08\/ionics-Equipment-ionJET-atmospheric-plasma-equipment.jpg","datePublished":"2025-01-06T14:33:22+00:00","dateModified":"2025-02-05T16:10:07+00:00","breadcrumb":{"@id":"https:\/\/ionics.vps003.visible.be\/de\/unsere-loesungen\/maschinen-anlagenbau\/iongun\/#breadcrumb"},"inLanguage":"de","potentialAction":[{"@type":"ReadAction","target":["https:\/\/ionics.vps003.visible.be\/de\/unsere-loesungen\/maschinen-anlagenbau\/iongun\/"]}]},{"@type":"ImageObject","inLanguage":"de","@id":"https:\/\/ionics.vps003.visible.be\/de\/unsere-loesungen\/maschinen-anlagenbau\/iongun\/#primaryimage","url":"https:\/\/ionics.vps003.visible.be\/wp-content\/uploads\/2024\/08\/ionics-Equipment-ionJET-atmospheric-plasma-equipment.jpg","contentUrl":"https:\/\/ionics.vps003.visible.be\/wp-content\/uploads\/2024\/08\/ionics-Equipment-ionJET-atmospheric-plasma-equipment.jpg","width":264,"height":182},{"@type":"BreadcrumbList","@id":"https:\/\/ionics.vps003.visible.be\/de\/unsere-loesungen\/maschinen-anlagenbau\/iongun\/#breadcrumb","itemListElement":[{"@type":"ListItem","position":1,"name":"Home","item":"https:\/\/ionics.vps003.visible.be\/de\/"},{"@type":"ListItem","position":2,"name":"Unsere L\u00f6sungen","item":"https:\/\/ionics.vps003.visible.be\/de\/unsere-loesungen\/"},{"@type":"ListItem","position":3,"name":"Maschinen- &amp; Anlagenbau","item":"https:\/\/ionics.vps003.visible.be\/de\/unsere-loesungen\/maschinen-anlagenbau\/"},{"@type":"ListItem","position":4,"name":"ionGUN\u2122"}]},{"@type":"WebSite","@id":"https:\/\/ionics.vps003.visible.be\/de\/#website","url":"https:\/\/ionics.vps003.visible.be\/de\/","name":"Ionics-group","description":"Surface technologies","publisher":{"@id":"https:\/\/ionics.vps003.visible.be\/de\/#organization"},"potentialAction":[{"@type":"SearchAction","target":{"@type":"EntryPoint","urlTemplate":"https:\/\/ionics.vps003.visible.be\/de\/?s={search_term_string}"},"query-input":{"@type":"PropertyValueSpecification","valueRequired":true,"valueName":"search_term_string"}}],"inLanguage":"de"},{"@type":"Organization","@id":"https:\/\/ionics.vps003.visible.be\/de\/#organization","name":"Ionics-group","url":"https:\/\/ionics.vps003.visible.be\/de\/","logo":{"@type":"ImageObject","inLanguage":"de","@id":"https:\/\/ionics.vps003.visible.be\/de\/#\/schema\/logo\/image\/","url":"https:\/\/ionics.vps003.visible.be\/wp-content\/uploads\/2024\/08\/ionics10ans.svg","contentUrl":"https:\/\/ionics.vps003.visible.be\/wp-content\/uploads\/2024\/08\/ionics10ans.svg","width":447,"height":179,"caption":"Ionics-group"},"image":{"@id":"https:\/\/ionics.vps003.visible.be\/de\/#\/schema\/logo\/image\/"}}]}},"_links":{"self":[{"href":"https:\/\/ionics.vps003.visible.be\/de\/wp-json\/wp\/v2\/pages\/1911","targetHints":{"allow":["GET"]}}],"collection":[{"href":"https:\/\/ionics.vps003.visible.be\/de\/wp-json\/wp\/v2\/pages"}],"about":[{"href":"https:\/\/ionics.vps003.visible.be\/de\/wp-json\/wp\/v2\/types\/page"}],"author":[{"embeddable":true,"href":"https:\/\/ionics.vps003.visible.be\/de\/wp-json\/wp\/v2\/users\/1"}],"replies":[{"embeddable":true,"href":"https:\/\/ionics.vps003.visible.be\/de\/wp-json\/wp\/v2\/comments?post=1911"}],"version-history":[{"count":5,"href":"https:\/\/ionics.vps003.visible.be\/de\/wp-json\/wp\/v2\/pages\/1911\/revisions"}],"predecessor-version":[{"id":2404,"href":"https:\/\/ionics.vps003.visible.be\/de\/wp-json\/wp\/v2\/pages\/1911\/revisions\/2404"}],"up":[{"embeddable":true,"href":"https:\/\/ionics.vps003.visible.be\/de\/wp-json\/wp\/v2\/pages\/1907"}],"wp:featuredmedia":[{"embeddable":true,"href":"https:\/\/ionics.vps003.visible.be\/de\/wp-json\/wp\/v2\/media\/855"}],"wp:attachment":[{"href":"https:\/\/ionics.vps003.visible.be\/de\/wp-json\/wp\/v2\/media?parent=1911"}],"wp:term":[{"taxonomy":"solution","embeddable":true,"href":"https:\/\/ionics.vps003.visible.be\/de\/wp-json\/wp\/v2\/solution?post=1911"}],"curies":[{"name":"wp","href":"https:\/\/api.w.org\/{rel}","templated":true}]}}