{"id":1859,"date":"2024-09-19T12:47:49","date_gmt":"2024-09-19T10:47:49","guid":{"rendered":"https:\/\/ionics.vps003.visible.be\/unsere-loesungen\/"},"modified":"2025-01-09T11:57:31","modified_gmt":"2025-01-09T10:57:31","slug":"unsere-loesungen","status":"publish","type":"page","link":"https:\/\/ionics.vps003.visible.be\/de\/unsere-loesungen\/","title":{"rendered":"Unsere L\u00f6sungen"},"content":{"rendered":"\t\t<div data-elementor-type=\"wp-page\" data-elementor-id=\"1859\" class=\"elementor elementor-1859 elementor-1332\" data-elementor-post-type=\"page\">\n\t\t\t\t<div class=\"elementor-element elementor-element-39664a2 e-flex e-con-boxed e-con e-parent\" data-id=\"39664a2\" data-element_type=\"container\">\n\t\t\t\t\t<div class=\"e-con-inner\">\n\t\t\t\t<div class=\"elementor-element elementor-element-886309e elementor-grid-4 elementor-grid-tablet-2 elementor-grid-mobile-1 elementor-widget elementor-widget-loop-grid\" data-id=\"886309e\" data-element_type=\"widget\" data-settings=\"{&quot;template_id&quot;:1918,&quot;columns&quot;:4,&quot;_skin&quot;:&quot;post&quot;,&quot;columns_tablet&quot;:&quot;2&quot;,&quot;columns_mobile&quot;:&quot;1&quot;,&quot;edit_handle_selector&quot;:&quot;[data-elementor-type=\\&quot;loop-item\\&quot;]&quot;,&quot;row_gap&quot;:{&quot;unit&quot;:&quot;px&quot;,&quot;size&quot;:&quot;&quot;,&quot;sizes&quot;:[]},&quot;row_gap_tablet&quot;:{&quot;unit&quot;:&quot;px&quot;,&quot;size&quot;:&quot;&quot;,&quot;sizes&quot;:[]},&quot;row_gap_mobile&quot;:{&quot;unit&quot;:&quot;px&quot;,&quot;size&quot;:&quot;&quot;,&quot;sizes&quot;:[]}}\" data-widget_type=\"loop-grid.post\">\n\t\t\t\t<div class=\"elementor-widget-container\">\n\t\t\t\t\t\t\t<div class=\"elementor-loop-container elementor-grid\">\n\t\t<style id=\"loop-1918\">.elementor-1918 .elementor-element.elementor-element-1a6a16b{--display:flex;--gap:0px 0px;--row-gap:0px;--column-gap:0px;--background-transition:0.3s;--margin-top:0px;--margin-bottom:0px;--margin-left:0px;--margin-right:0px;--padding-top:0px;--padding-bottom:50px;--padding-left:0px;--padding-right:0px;}.elementor-1918 .elementor-element.elementor-element-1a6a16b:not(.elementor-motion-effects-element-type-background), .elementor-1918 .elementor-element.elementor-element-1a6a16b > .elementor-motion-effects-container > .elementor-motion-effects-layer{background-color:var( --e-global-color-primary );}.elementor-1918 .elementor-element.elementor-element-1a6a16b:hover{background-color:var( --e-global-color-accent );}.elementor-1918 .elementor-element.elementor-element-080a865 > .elementor-widget-container{margin:0px 0px 0px 0px;padding:0px 0px 0px 0px;}.elementor-1918 .elementor-element.elementor-element-080a865 img{width:100%;height:200px;object-fit:cover;object-position:center center;}.elementor-1918 .elementor-element.elementor-element-70215c3{--display:flex;--justify-content:space-between;--padding-top:20px;--padding-bottom:20px;--padding-left:20px;--padding-right:20px;}.elementor-1918 .elementor-element.elementor-element-70215c3.e-con{--align-self:center;}.elementor-1918 .elementor-element.elementor-element-a5e8bc2{text-align:center;}.elementor-1918 .elementor-element.elementor-element-a5e8bc2 .elementor-heading-title{color:var( --e-global-color-a6e7632 );}<\/style>\t\t<div data-elementor-type=\"loop-item\" data-elementor-id=\"1918\" class=\"elementor elementor-1918 elementor-273 e-loop-item e-loop-item-1862 post-1862 page type-page status-publish has-post-thumbnail hentry solution-solution\" data-elementor-post-type=\"elementor_library\" data-custom-edit-handle=\"1\">\n\t\t\t<a class=\"elementor-element elementor-element-1a6a16b e-flex e-con-boxed e-con e-parent\" data-id=\"1a6a16b\" data-element_type=\"container\" data-settings=\"{&quot;background_background&quot;:&quot;classic&quot;}\" href=\"https:\/\/ionics.vps003.visible.be\/de\/unsere-loesungen\/auftragsbeschichtung\/\">\n\t\t\t\t\t<div class=\"e-con-inner\">\n\t\t\t\t<div class=\"elementor-element elementor-element-080a865 elementor-widget elementor-widget-theme-post-featured-image elementor-widget-image\" data-id=\"080a865\" data-element_type=\"widget\" data-widget_type=\"theme-post-featured-image.default\">\n\t\t\t\t<div class=\"elementor-widget-container\">\n\t\t\t\t\t\t\t\t\t\t\t\t\t\t\t<img fetchpriority=\"high\" decoding=\"async\" width=\"300\" height=\"225\" src=\"https:\/\/ionics.vps003.visible.be\/wp-content\/uploads\/2024\/08\/AdobeStock_11088633-300x225.jpeg\" class=\"attachment-medium size-medium wp-image-872\" alt=\"\" srcset=\"https:\/\/ionics.vps003.visible.be\/wp-content\/uploads\/2024\/08\/AdobeStock_11088633-300x225.jpeg 300w, https:\/\/ionics.vps003.visible.be\/wp-content\/uploads\/2024\/08\/AdobeStock_11088633-1024x768.jpeg 1024w, https:\/\/ionics.vps003.visible.be\/wp-content\/uploads\/2024\/08\/AdobeStock_11088633-768x576.jpeg 768w, https:\/\/ionics.vps003.visible.be\/wp-content\/uploads\/2024\/08\/AdobeStock_11088633-1536x1152.jpeg 1536w, https:\/\/ionics.vps003.visible.be\/wp-content\/uploads\/2024\/08\/AdobeStock_11088633.jpeg 1920w\" sizes=\"(max-width: 300px) 100vw, 300px\" \/>\t\t\t\t\t\t\t\t\t\t\t\t\t\t\t<\/div>\n\t\t\t\t<\/div>\n\t\t<div class=\"elementor-element elementor-element-70215c3 e-con-full e-flex e-con e-child\" data-id=\"70215c3\" data-element_type=\"container\">\n\t\t\t\t<div class=\"elementor-element elementor-element-a5e8bc2 elementor-widget elementor-widget-theme-post-title elementor-page-title elementor-widget-heading\" data-id=\"a5e8bc2\" data-element_type=\"widget\" data-widget_type=\"theme-post-title.default\">\n\t\t\t\t<div class=\"elementor-widget-container\">\n\t\t\t\t\t<h2 class=\"elementor-heading-title elementor-size-default\">Lohnbeschichtung<\/h2>\t\t\t\t<\/div>\n\t\t\t\t<\/div>\n\t\t\t\t<\/div>\n\t\t\t\t\t<\/div>\n\t\t\t\t<\/a>\n\t\t\t\t<\/div>\n\t\t\t\t<div data-elementor-type=\"loop-item\" data-elementor-id=\"1918\" class=\"elementor elementor-1918 elementor-273 e-loop-item e-loop-item-1907 post-1907 page type-page status-publish has-post-thumbnail hentry solution-solution\" data-elementor-post-type=\"elementor_library\" data-custom-edit-handle=\"1\">\n\t\t\t<a class=\"elementor-element elementor-element-1a6a16b e-flex e-con-boxed e-con e-parent\" data-id=\"1a6a16b\" data-element_type=\"container\" data-settings=\"{&quot;background_background&quot;:&quot;classic&quot;}\" href=\"https:\/\/ionics.vps003.visible.be\/de\/unsere-loesungen\/maschinen-anlagenbau\/\">\n\t\t\t\t\t<div class=\"e-con-inner\">\n\t\t\t\t<div class=\"elementor-element elementor-element-080a865 elementor-widget elementor-widget-theme-post-featured-image elementor-widget-image\" data-id=\"080a865\" data-element_type=\"widget\" data-widget_type=\"theme-post-featured-image.default\">\n\t\t\t\t<div class=\"elementor-widget-container\">\n\t\t\t\t\t\t\t\t\t\t\t\t\t\t\t<img decoding=\"async\" width=\"300\" height=\"200\" src=\"https:\/\/ionics.vps003.visible.be\/wp-content\/uploads\/2024\/08\/ionics-avc9499-300x200.jpg\" class=\"attachment-medium size-medium wp-image-875\" alt=\"\" srcset=\"https:\/\/ionics.vps003.visible.be\/wp-content\/uploads\/2024\/08\/ionics-avc9499-300x200.jpg 300w, https:\/\/ionics.vps003.visible.be\/wp-content\/uploads\/2024\/08\/ionics-avc9499-1024x683.jpg 1024w, https:\/\/ionics.vps003.visible.be\/wp-content\/uploads\/2024\/08\/ionics-avc9499-768x512.jpg 768w, https:\/\/ionics.vps003.visible.be\/wp-content\/uploads\/2024\/08\/ionics-avc9499-1536x1025.jpg 1536w, https:\/\/ionics.vps003.visible.be\/wp-content\/uploads\/2024\/08\/ionics-avc9499.jpg 1920w\" sizes=\"(max-width: 300px) 100vw, 300px\" \/>\t\t\t\t\t\t\t\t\t\t\t\t\t\t\t<\/div>\n\t\t\t\t<\/div>\n\t\t<div class=\"elementor-element elementor-element-70215c3 e-con-full e-flex e-con e-child\" data-id=\"70215c3\" data-element_type=\"container\">\n\t\t\t\t<div class=\"elementor-element elementor-element-a5e8bc2 elementor-widget elementor-widget-theme-post-title elementor-page-title elementor-widget-heading\" data-id=\"a5e8bc2\" data-element_type=\"widget\" data-widget_type=\"theme-post-title.default\">\n\t\t\t\t<div class=\"elementor-widget-container\">\n\t\t\t\t\t<h2 class=\"elementor-heading-title elementor-size-default\">Maschinen- &amp; Anlagenbau<\/h2>\t\t\t\t<\/div>\n\t\t\t\t<\/div>\n\t\t\t\t<\/div>\n\t\t\t\t\t<\/div>\n\t\t\t\t<\/a>\n\t\t\t\t<\/div>\n\t\t\t\t<div data-elementor-type=\"loop-item\" data-elementor-id=\"1918\" class=\"elementor elementor-1918 elementor-273 e-loop-item e-loop-item-1890 post-1890 page type-page status-publish has-post-thumbnail hentry solution-solution\" data-elementor-post-type=\"elementor_library\" data-custom-edit-handle=\"1\">\n\t\t\t<a class=\"elementor-element elementor-element-1a6a16b e-flex e-con-boxed e-con e-parent\" data-id=\"1a6a16b\" data-element_type=\"container\" data-settings=\"{&quot;background_background&quot;:&quot;classic&quot;}\" href=\"https:\/\/ionics.vps003.visible.be\/de\/unsere-loesungen\/technologien\/\">\n\t\t\t\t\t<div class=\"e-con-inner\">\n\t\t\t\t<div class=\"elementor-element elementor-element-080a865 elementor-widget elementor-widget-theme-post-featured-image elementor-widget-image\" data-id=\"080a865\" data-element_type=\"widget\" data-widget_type=\"theme-post-featured-image.default\">\n\t\t\t\t<div class=\"elementor-widget-container\">\n\t\t\t\t\t\t\t\t\t\t\t\t\t\t\t<img decoding=\"async\" width=\"300\" height=\"200\" src=\"https:\/\/ionics.vps003.visible.be\/wp-content\/uploads\/2024\/08\/ionics-avc9497-r-300x200.jpg\" class=\"attachment-medium size-medium wp-image-874\" alt=\"\" srcset=\"https:\/\/ionics.vps003.visible.be\/wp-content\/uploads\/2024\/08\/ionics-avc9497-r-300x200.jpg 300w, https:\/\/ionics.vps003.visible.be\/wp-content\/uploads\/2024\/08\/ionics-avc9497-r-1024x683.jpg 1024w, https:\/\/ionics.vps003.visible.be\/wp-content\/uploads\/2024\/08\/ionics-avc9497-r-768x512.jpg 768w, https:\/\/ionics.vps003.visible.be\/wp-content\/uploads\/2024\/08\/ionics-avc9497-r-1536x1025.jpg 1536w, https:\/\/ionics.vps003.visible.be\/wp-content\/uploads\/2024\/08\/ionics-avc9497-r.jpg 1920w\" sizes=\"(max-width: 300px) 100vw, 300px\" \/>\t\t\t\t\t\t\t\t\t\t\t\t\t\t\t<\/div>\n\t\t\t\t<\/div>\n\t\t<div class=\"elementor-element elementor-element-70215c3 e-con-full e-flex e-con e-child\" data-id=\"70215c3\" data-element_type=\"container\">\n\t\t\t\t<div class=\"elementor-element elementor-element-a5e8bc2 elementor-widget elementor-widget-theme-post-title elementor-page-title elementor-widget-heading\" data-id=\"a5e8bc2\" data-element_type=\"widget\" data-widget_type=\"theme-post-title.default\">\n\t\t\t\t<div class=\"elementor-widget-container\">\n\t\t\t\t\t<h2 class=\"elementor-heading-title elementor-size-default\">Technologien<\/h2>\t\t\t\t<\/div>\n\t\t\t\t<\/div>\n\t\t\t\t<\/div>\n\t\t\t\t\t<\/div>\n\t\t\t\t<\/a>\n\t\t\t\t<\/div>\n\t\t\t\t<div data-elementor-type=\"loop-item\" data-elementor-id=\"1918\" class=\"elementor elementor-1918 elementor-273 e-loop-item e-loop-item-1905 post-1905 page type-page status-publish has-post-thumbnail hentry solution-solution\" data-elementor-post-type=\"elementor_library\" data-custom-edit-handle=\"1\">\n\t\t\t<a class=\"elementor-element elementor-element-1a6a16b e-flex e-con-boxed e-con e-parent\" data-id=\"1a6a16b\" data-element_type=\"container\" data-settings=\"{&quot;background_background&quot;:&quot;classic&quot;}\" href=\"https:\/\/ionics.vps003.visible.be\/de\/unsere-loesungen\/innovation-prozesse\/\">\n\t\t\t\t\t<div class=\"e-con-inner\">\n\t\t\t\t<div class=\"elementor-element elementor-element-080a865 elementor-widget elementor-widget-theme-post-featured-image elementor-widget-image\" data-id=\"080a865\" data-element_type=\"widget\" data-widget_type=\"theme-post-featured-image.default\">\n\t\t\t\t<div class=\"elementor-widget-container\">\n\t\t\t\t\t\t\t\t\t\t\t\t\t\t\t<img loading=\"lazy\" decoding=\"async\" width=\"300\" height=\"200\" src=\"https:\/\/ionics.vps003.visible.be\/wp-content\/uploads\/2024\/08\/ionics-ionpowder-9296-r-300x200.jpg\" class=\"attachment-medium size-medium wp-image-876\" alt=\"\" srcset=\"https:\/\/ionics.vps003.visible.be\/wp-content\/uploads\/2024\/08\/ionics-ionpowder-9296-r-300x200.jpg 300w, https:\/\/ionics.vps003.visible.be\/wp-content\/uploads\/2024\/08\/ionics-ionpowder-9296-r-1024x683.jpg 1024w, https:\/\/ionics.vps003.visible.be\/wp-content\/uploads\/2024\/08\/ionics-ionpowder-9296-r-768x512.jpg 768w, https:\/\/ionics.vps003.visible.be\/wp-content\/uploads\/2024\/08\/ionics-ionpowder-9296-r-1536x1025.jpg 1536w, https:\/\/ionics.vps003.visible.be\/wp-content\/uploads\/2024\/08\/ionics-ionpowder-9296-r.jpg 1920w\" sizes=\"(max-width: 300px) 100vw, 300px\" \/>\t\t\t\t\t\t\t\t\t\t\t\t\t\t\t<\/div>\n\t\t\t\t<\/div>\n\t\t<div class=\"elementor-element elementor-element-70215c3 e-con-full e-flex e-con e-child\" data-id=\"70215c3\" data-element_type=\"container\">\n\t\t\t\t<div class=\"elementor-element elementor-element-a5e8bc2 elementor-widget elementor-widget-theme-post-title elementor-page-title elementor-widget-heading\" data-id=\"a5e8bc2\" data-element_type=\"widget\" data-widget_type=\"theme-post-title.default\">\n\t\t\t\t<div class=\"elementor-widget-container\">\n\t\t\t\t\t<h2 class=\"elementor-heading-title elementor-size-default\">Innovation &amp; Prozesse<\/h2>\t\t\t\t<\/div>\n\t\t\t\t<\/div>\n\t\t\t\t<\/div>\n\t\t\t\t\t<\/div>\n\t\t\t\t<\/a>\n\t\t\t\t<\/div>\n\t\t\t\t<\/div>\n\t\t\n\t\t\t\t\t\t<\/div>\n\t\t\t\t<\/div>\n\t\t\t\t\t<\/div>\n\t\t\t\t<\/div>\n\t\t\t\t<\/div>\n\t\t","protected":false},"excerpt":{"rendered":"","protected":false},"author":1,"featured_media":0,"parent":0,"menu_order":0,"comment_status":"closed","ping_status":"closed","template":"","meta":{"_acf_changed":false,"inline_featured_image":false,"footnotes":""},"solution":[],"class_list":["post-1859","page","type-page","status-publish","hentry"],"acf":[],"yoast_head":"<!-- This site is optimized with the Yoast SEO plugin v24.4 - https:\/\/yoast.com\/wordpress\/plugins\/seo\/ -->\n<title>Unsere L\u00f6sungen - Ionics-group<\/title>\n<meta name=\"description\" content=\"Ben\u00f6tigen Sie innovative Oberfl\u00e4chentechnologien? Sie haben bereits eine Beschichtungstechnologie in Betracht gezogen, ben\u00f6tigen Rat und\/oder suchen Erfahrungsaustausch?\" \/>\n<meta name=\"robots\" content=\"noindex, follow, max-snippet:-1, max-image-preview:large, max-video-preview:-1\" \/>\n<meta property=\"og:locale\" content=\"de_DE\" \/>\n<meta property=\"og:type\" content=\"article\" \/>\n<meta property=\"og:title\" content=\"Unsere L\u00f6sungen - Ionics-group\" \/>\n<meta property=\"og:description\" content=\"Ben\u00f6tigen Sie innovative Oberfl\u00e4chentechnologien? Sie haben bereits eine Beschichtungstechnologie in Betracht gezogen, ben\u00f6tigen Rat und\/oder suchen Erfahrungsaustausch?\" \/>\n<meta property=\"og:url\" content=\"https:\/\/ionics.vps003.visible.be\/de\/unsere-loesungen\/\" \/>\n<meta property=\"og:site_name\" content=\"Ionics-group\" \/>\n<meta property=\"article:modified_time\" content=\"2025-01-09T10:57:31+00:00\" \/>\n<meta name=\"twitter:card\" content=\"summary_large_image\" \/>\n<script type=\"application\/ld+json\" class=\"yoast-schema-graph\">{\"@context\":\"https:\/\/schema.org\",\"@graph\":[{\"@type\":\"WebPage\",\"@id\":\"https:\/\/ionics.vps003.visible.be\/de\/unsere-loesungen\/\",\"url\":\"https:\/\/ionics.vps003.visible.be\/de\/unsere-loesungen\/\",\"name\":\"Unsere L\u00f6sungen - Ionics-group\",\"isPartOf\":{\"@id\":\"https:\/\/ionics.vps003.visible.be\/de\/#website\"},\"datePublished\":\"2024-09-19T10:47:49+00:00\",\"dateModified\":\"2025-01-09T10:57:31+00:00\",\"description\":\"Ben\u00f6tigen Sie innovative Oberfl\u00e4chentechnologien? Sie haben bereits eine Beschichtungstechnologie in Betracht gezogen, ben\u00f6tigen Rat und\/oder suchen Erfahrungsaustausch?\",\"breadcrumb\":{\"@id\":\"https:\/\/ionics.vps003.visible.be\/de\/unsere-loesungen\/#breadcrumb\"},\"inLanguage\":\"de\",\"potentialAction\":[{\"@type\":\"ReadAction\",\"target\":[\"https:\/\/ionics.vps003.visible.be\/de\/unsere-loesungen\/\"]}]},{\"@type\":\"BreadcrumbList\",\"@id\":\"https:\/\/ionics.vps003.visible.be\/de\/unsere-loesungen\/#breadcrumb\",\"itemListElement\":[{\"@type\":\"ListItem\",\"position\":1,\"name\":\"Home\",\"item\":\"https:\/\/ionics.vps003.visible.be\/de\/\"},{\"@type\":\"ListItem\",\"position\":2,\"name\":\"Unsere L\u00f6sungen\"}]},{\"@type\":\"WebSite\",\"@id\":\"https:\/\/ionics.vps003.visible.be\/de\/#website\",\"url\":\"https:\/\/ionics.vps003.visible.be\/de\/\",\"name\":\"Ionics-group\",\"description\":\"Surface technologies\",\"publisher\":{\"@id\":\"https:\/\/ionics.vps003.visible.be\/de\/#organization\"},\"potentialAction\":[{\"@type\":\"SearchAction\",\"target\":{\"@type\":\"EntryPoint\",\"urlTemplate\":\"https:\/\/ionics.vps003.visible.be\/de\/?s={search_term_string}\"},\"query-input\":{\"@type\":\"PropertyValueSpecification\",\"valueRequired\":true,\"valueName\":\"search_term_string\"}}],\"inLanguage\":\"de\"},{\"@type\":\"Organization\",\"@id\":\"https:\/\/ionics.vps003.visible.be\/de\/#organization\",\"name\":\"Ionics-group\",\"url\":\"https:\/\/ionics.vps003.visible.be\/de\/\",\"logo\":{\"@type\":\"ImageObject\",\"inLanguage\":\"de\",\"@id\":\"https:\/\/ionics.vps003.visible.be\/de\/#\/schema\/logo\/image\/\",\"url\":\"https:\/\/ionics.vps003.visible.be\/wp-content\/uploads\/2024\/08\/ionics10ans.svg\",\"contentUrl\":\"https:\/\/ionics.vps003.visible.be\/wp-content\/uploads\/2024\/08\/ionics10ans.svg\",\"width\":447,\"height\":179,\"caption\":\"Ionics-group\"},\"image\":{\"@id\":\"https:\/\/ionics.vps003.visible.be\/de\/#\/schema\/logo\/image\/\"}}]}<\/script>\n<!-- \/ Yoast SEO plugin. -->","yoast_head_json":{"title":"Unsere L\u00f6sungen - Ionics-group","description":"Ben\u00f6tigen Sie innovative Oberfl\u00e4chentechnologien? Sie haben bereits eine Beschichtungstechnologie in Betracht gezogen, ben\u00f6tigen Rat und\/oder suchen Erfahrungsaustausch?","robots":{"index":"noindex","follow":"follow","max-snippet":"max-snippet:-1","max-image-preview":"max-image-preview:large","max-video-preview":"max-video-preview:-1"},"og_locale":"de_DE","og_type":"article","og_title":"Unsere L\u00f6sungen - Ionics-group","og_description":"Ben\u00f6tigen Sie innovative Oberfl\u00e4chentechnologien? Sie haben bereits eine Beschichtungstechnologie in Betracht gezogen, ben\u00f6tigen Rat und\/oder suchen Erfahrungsaustausch?","og_url":"https:\/\/ionics.vps003.visible.be\/de\/unsere-loesungen\/","og_site_name":"Ionics-group","article_modified_time":"2025-01-09T10:57:31+00:00","twitter_card":"summary_large_image","schema":{"@context":"https:\/\/schema.org","@graph":[{"@type":"WebPage","@id":"https:\/\/ionics.vps003.visible.be\/de\/unsere-loesungen\/","url":"https:\/\/ionics.vps003.visible.be\/de\/unsere-loesungen\/","name":"Unsere L\u00f6sungen - Ionics-group","isPartOf":{"@id":"https:\/\/ionics.vps003.visible.be\/de\/#website"},"datePublished":"2024-09-19T10:47:49+00:00","dateModified":"2025-01-09T10:57:31+00:00","description":"Ben\u00f6tigen Sie innovative Oberfl\u00e4chentechnologien? Sie haben bereits eine Beschichtungstechnologie in Betracht gezogen, ben\u00f6tigen Rat und\/oder suchen Erfahrungsaustausch?","breadcrumb":{"@id":"https:\/\/ionics.vps003.visible.be\/de\/unsere-loesungen\/#breadcrumb"},"inLanguage":"de","potentialAction":[{"@type":"ReadAction","target":["https:\/\/ionics.vps003.visible.be\/de\/unsere-loesungen\/"]}]},{"@type":"BreadcrumbList","@id":"https:\/\/ionics.vps003.visible.be\/de\/unsere-loesungen\/#breadcrumb","itemListElement":[{"@type":"ListItem","position":1,"name":"Home","item":"https:\/\/ionics.vps003.visible.be\/de\/"},{"@type":"ListItem","position":2,"name":"Unsere L\u00f6sungen"}]},{"@type":"WebSite","@id":"https:\/\/ionics.vps003.visible.be\/de\/#website","url":"https:\/\/ionics.vps003.visible.be\/de\/","name":"Ionics-group","description":"Surface technologies","publisher":{"@id":"https:\/\/ionics.vps003.visible.be\/de\/#organization"},"potentialAction":[{"@type":"SearchAction","target":{"@type":"EntryPoint","urlTemplate":"https:\/\/ionics.vps003.visible.be\/de\/?s={search_term_string}"},"query-input":{"@type":"PropertyValueSpecification","valueRequired":true,"valueName":"search_term_string"}}],"inLanguage":"de"},{"@type":"Organization","@id":"https:\/\/ionics.vps003.visible.be\/de\/#organization","name":"Ionics-group","url":"https:\/\/ionics.vps003.visible.be\/de\/","logo":{"@type":"ImageObject","inLanguage":"de","@id":"https:\/\/ionics.vps003.visible.be\/de\/#\/schema\/logo\/image\/","url":"https:\/\/ionics.vps003.visible.be\/wp-content\/uploads\/2024\/08\/ionics10ans.svg","contentUrl":"https:\/\/ionics.vps003.visible.be\/wp-content\/uploads\/2024\/08\/ionics10ans.svg","width":447,"height":179,"caption":"Ionics-group"},"image":{"@id":"https:\/\/ionics.vps003.visible.be\/de\/#\/schema\/logo\/image\/"}}]}},"_links":{"self":[{"href":"https:\/\/ionics.vps003.visible.be\/de\/wp-json\/wp\/v2\/pages\/1859","targetHints":{"allow":["GET"]}}],"collection":[{"href":"https:\/\/ionics.vps003.visible.be\/de\/wp-json\/wp\/v2\/pages"}],"about":[{"href":"https:\/\/ionics.vps003.visible.be\/de\/wp-json\/wp\/v2\/types\/page"}],"author":[{"embeddable":true,"href":"https:\/\/ionics.vps003.visible.be\/de\/wp-json\/wp\/v2\/users\/1"}],"replies":[{"embeddable":true,"href":"https:\/\/ionics.vps003.visible.be\/de\/wp-json\/wp\/v2\/comments?post=1859"}],"version-history":[{"count":1,"href":"https:\/\/ionics.vps003.visible.be\/de\/wp-json\/wp\/v2\/pages\/1859\/revisions"}],"predecessor-version":[{"id":1861,"href":"https:\/\/ionics.vps003.visible.be\/de\/wp-json\/wp\/v2\/pages\/1859\/revisions\/1861"}],"wp:attachment":[{"href":"https:\/\/ionics.vps003.visible.be\/de\/wp-json\/wp\/v2\/media?parent=1859"}],"wp:term":[{"taxonomy":"solution","embeddable":true,"href":"https:\/\/ionics.vps003.visible.be\/de\/wp-json\/wp\/v2\/solution?post=1859"}],"curies":[{"name":"wp","href":"https:\/\/api.w.org\/{rel}","templated":true}]}}